{"id":510,"date":"2016-03-08T06:52:49","date_gmt":"2016-03-08T11:52:49","guid":{"rendered":"http:\/\/depersialaw.com\/?page_id=510"},"modified":"2023-08-08T14:39:00","modified_gmt":"2023-08-08T18:39:00","slug":"gloucester-county","status":"publish","type":"page","link":"https:\/\/depersialaw.com\/es\/about-robert-depersia\/gloucester-county\/","title":{"rendered":"CONDADO DE GLOUCESTER"},"content":{"rendered":"<section class=\"section-white\">\n<div class=\"midd_main\">\n<div class=\"section-title text-center\">\n<h2 style=\"font-size: 32px; color: #000; text-transform: uppercase;\">CONDADO DE GLOUCESTER<\/h2>\n<p>Aunque Gloucester es uno de los condados m\u00e1s peque\u00f1os de Nueva Jersey, su proximidad a las principales ciudades como Filadelfia y otros servicios atrae a casi 300,000 residentes. Desafortunadamente, muchos residentes se encuentran ante un Tribunal Criminal del Condado de Gloucester en alg\u00fan momento de sus vidas para enfrentar una variedad de denuncias. Si ha sido acusado de un delito en el condado de Gloucester, debe llamar a la oficina legal de Robert E. DePersia II tan pronto como sea posible para recibir asistencia.<br \/>\n<center><a class=\"mybutton\" href=\"\/es\/contact\/\" style=\"margin-bottom: 30px\">Get A Free Consultation<\/a><\/center><\/p>\n<\/div>\n<div class=\"row\">\n<div class=\"col-lg-7 col-md-7 col-sm-12 col-xs-12 pull-left\">\n<h2>DWI en el Condado de Gloucester<\/h2>\n<p>Conducir en estado de ebriedad (DWI) es uno de los casos m\u00e1s comunes en los tribunales del condado de Gloucester. Si ha sido arrestado por sospecha de DWI o si se han presentado cargos en su contra, debe tomarse el asunto muy en serio y nunca debe demorarse en contactar a un abogado experimentado que sepa c\u00f3mo manejar con \u00e9xito los casos relacionados con DWI \/ DUI en el Condado de Gloucester.<\/p>\n<p>Las consecuencias para DWI pueden ser duras en NJ e incluyen multas, suspensi\u00f3n de su licencia, tiempo en la c\u00e1rcel y m\u00e1s. Sin embargo, hay formas de defenderse contra estos cargos y un abogado experto en DWI puede hacer lo siguiente y m\u00e1s:<\/p>\n<ul>\n<li>Negociar con el fiscal para que se enmiende el cargo a \"conducir de manera imprudente\".<\/li>\n<li>Presente evidencia de que se violaron sus derechos constitucionales, de que los oficiales o el laboratorio de delitos cometieron errores relacionados con la administraci\u00f3n de la prueba BAC y otras defensas.<\/li>\n<li>Representarlo en el frecuentemente confuso sistema judicial municipal.<\/li>\n<\/ul>\n<p><a href=\"https:\/\/depersialaw.com\/es\/about-robert-depersia\/\">Robert DePersia<\/a> es reconocido como uno de los mejores abogados de DWI exitosos en el Condado de Gloucester, as\u00ed que llame hoy para que podamos comenzar con su caso.<\/p>\n<\/div>\n<div class=\"col-lg-5 col-md-5 col-sm-12 col-xs-12 pull-right text-center\"><img decoding=\"async\" class=\"thumbnail\" src=\"https:\/\/depersialaw.com\/wp-content\/themes\/tf_child\/images\/thumb\/gloucester-county.jpg\" alt=\"Gloucester County\"><\/div>\n<\/div>\n<\/div>\n<\/section>\n<section id=\"one-parallax\" class=\"parallax section-transparentbg\" style=\"background-image: url('https:\/\/depersialaw.com\/wp-content\/themes\/tf_child\/images\/bg\/bg4.jpg');\" data-stellar-background-ratio=\"0.6\" data-stellar-vertical-offset=\"20\">\n<div class=\"midd_main\">\n<div class=\"row\">\n<div class=\"col-lg-7 col-md-7 col-sm-12 col-xs-12 pull-right\">\n<h3>Delitos de Drogas en el Condado de Gloucester<\/h3>\n<p>Nueva Jersey tiene leyes severas sobre drogas que prev\u00e9n graves consecuencias para los delitos que involucran incluso una peque\u00f1a cantidad de drogas. Aparte de poseer peque\u00f1as cantidades de marihuana para uso personal, la gran mayor\u00eda de los cargos de drogas son delitos graves que pueden resultar en penas de prisi\u00f3n, multas y condenas en su historial criminal. Algunas sustancias peligrosas controladas (CDS) que pueden resultar en sanciones graves incluyen:<\/p>\n<div class=\"row\">\n<div class=\"col-lg-4 col-md-4 col-sm-4 col-xs-12\">\n<ul>\n<li>Coca\u00edna<\/li>\n<li>Medicamentos con receta<\/li>\n<\/ul>\n<\/div>\n<div class=\"col-lg-4 col-md-4 col-sm-4 col-xs-12\">\n<ul>\n<li>Hero\u00edna<\/li>\n<li>Metanfetamina<\/li>\n<\/ul>\n<\/div>\n<div class=\"col-lg-4 col-md-4 col-sm-4 col-xs-12\">\n<ul>\n<li>Marihuana<\/li>\n<\/ul>\n<\/div>\n<\/div>\n<p>Si usted est\u00e1 <a href=\"https:\/\/depersialaw.com\/es\/new-jersey-municipal-court-charges\/\">enfrentando cargos<\/a> por cualquier ofensa relacionada con drogas en el Condado de Gloucester, llame hoy a un abogado de sustancias peligrosas controladas para obtener ayuda.<\/p>\n<h5>Llame a un Abogado de Defensa Criminal del Condado de Gloucester Tan<br \/>\nPronto como sea Posible<\/h5>\n<p>Adem\u00e1s de los delitos relacionados con las drogas y DWI, la oficina legal de Robert E. DePersia II representa a los clientes que enfrentan una amplia variedad de cargos, desde delitos de desorden p\u00fablico hasta delitos graves. Si est\u00e1 buscando una representaci\u00f3n y orientaci\u00f3n confiables y confiables en su caso Criminal, llame a nuestra oficina al 856-210-3235 <a href=\"https:\/\/depersialaw.com\/es\/contact\/\">para recibir ayuda hoy.<\/a><\/p>\n<\/div>\n<div class=\"col-lg-5 col-md-5 col-sm-12 col-xs-12 pull-left text-center\"><img decoding=\"async\" class=\"thumbnail\" src=\"https:\/\/depersialaw.com\/wp-content\/themes\/tf_child\/images\/thumb\/dwi-in-gloucester-county.jpg\" alt=\"DWI in Gloucester County\"><\/div>\n<\/div>\n<\/div>\n<\/section>\n<section class=\"cta-section cta-section2\">\n<div class=\"midd_main\">\n<h3>PARA AYUDA LEGAL, LLAME AHORA A NUESTRA OFICINA.<\/h3>\n<p><a href=\"https:\/\/depersialaw.com\/es\/contact\/\">HAGA CLIC AQU\u00cd<\/a><\/p>\n<\/div>\n<\/section>","protected":false},"excerpt":{"rendered":"<p>Gloucester County Though Gloucester is one of the smaller counties in New Jersey, its proximity to major cities like Philadelphia and other amenities draw in nearly 300,000 residents. Unfortunately, many residents find themselves appearing in Gloucester County criminal court at some point in their lives to face a variety of allegations. If you have been &hellip; <a href=\"https:\/\/depersialaw.com\/es\/about-robert-depersia\/gloucester-county\/\" class=\"more-link\">Continue reading <span class=\"screen-reader-text\">CONDADO DE GLOUCESTER<\/span> <span class=\"meta-nav\">&rarr;<\/span><\/a><\/p>","protected":false},"author":1,"featured_media":102,"parent":7,"menu_order":0,"comment_status":"closed","ping_status":"closed","template":"page-templates\/full-width.php","meta":[],"acf":[],"yoast_head":"<!-- This site is optimized with the Yoast SEO plugin v20.12 - https:\/\/yoast.com\/wordpress\/plugins\/seo\/ -->\n<title>Gloucester County - Robert E. Depersia law<\/title>\n<meta name=\"description\" content=\"Though Gloucester is one of the smaller counties in New Jersey, its proximity to major cities like Philadelphia and other amenities draw in nearly 300,000 residents.\" \/>\n<meta name=\"robots\" content=\"index, follow, max-snippet:-1, max-image-preview:large, max-video-preview:-1\" \/>\n<link rel=\"canonical\" href=\"https:\/\/depersialaw.com\/es\/about-robert-depersia\/gloucester-county\/\" \/>\n<meta property=\"og:locale\" content=\"es_MX\" \/>\n<meta property=\"og:type\" content=\"article\" \/>\n<meta property=\"og:title\" content=\"Gloucester County - Robert E. Depersia law\" \/>\n<meta property=\"og:description\" content=\"Though Gloucester is one of the smaller counties in New Jersey, its proximity to major cities like Philadelphia and other amenities draw in nearly 300,000 residents.\" \/>\n<meta property=\"og:url\" content=\"https:\/\/depersialaw.com\/es\/about-robert-depersia\/gloucester-county\/\" \/>\n<meta property=\"og:site_name\" content=\"Robert E. Depersia law\" \/>\n<meta property=\"article:modified_time\" content=\"2023-08-08T18:39:00+00:00\" \/>\n<meta property=\"og:image\" content=\"http:\/\/depersialaw.com\/wp-content\/uploads\/2015\/06\/sub-banner1.jpg\" \/>\n\t<meta property=\"og:image:width\" content=\"2200\" \/>\n\t<meta property=\"og:image:height\" content=\"460\" \/>\n\t<meta property=\"og:image:type\" content=\"image\/jpeg\" \/>\n<meta name=\"twitter:card\" content=\"summary_large_image\" \/>\n<meta name=\"twitter:label1\" content=\"Est. reading time\" \/>\n\t<meta name=\"twitter:data1\" content=\"3 minutes\" \/>\n<script type=\"application\/ld+json\" class=\"yoast-schema-graph\">{\"@context\":\"https:\/\/schema.org\",\"@graph\":[{\"@type\":\"WebPage\",\"@id\":\"https:\/\/depersialaw.com\/about-robert-depersia\/gloucester-county\/\",\"url\":\"https:\/\/depersialaw.com\/about-robert-depersia\/gloucester-county\/\",\"name\":\"Gloucester County - Robert E. Depersia law\",\"isPartOf\":{\"@id\":\"https:\/\/depersialaw.com\/es\/#website\"},\"datePublished\":\"2016-03-08T11:52:49+00:00\",\"dateModified\":\"2023-08-08T18:39:00+00:00\",\"description\":\"Though Gloucester is one of the smaller counties in New Jersey, its proximity to major cities like Philadelphia and other amenities draw in nearly 300,000 residents.\",\"breadcrumb\":{\"@id\":\"https:\/\/depersialaw.com\/about-robert-depersia\/gloucester-county\/#breadcrumb\"},\"inLanguage\":\"es-MX\",\"potentialAction\":[{\"@type\":\"ReadAction\",\"target\":[\"https:\/\/depersialaw.com\/about-robert-depersia\/gloucester-county\/\"]}]},{\"@type\":\"BreadcrumbList\",\"@id\":\"https:\/\/depersialaw.com\/about-robert-depersia\/gloucester-county\/#breadcrumb\",\"itemListElement\":[{\"@type\":\"ListItem\",\"position\":1,\"name\":\"Home\",\"item\":\"https:\/\/depersialaw.com\/\"},{\"@type\":\"ListItem\",\"position\":2,\"name\":\"Experienced Attorney in DUI, DWI, CDS, and Criminal Defense\",\"item\":\"https:\/\/depersialaw.com\/about-robert-depersia\/\"},{\"@type\":\"ListItem\",\"position\":3,\"name\":\"Gloucester County\"}]},{\"@type\":\"WebSite\",\"@id\":\"https:\/\/depersialaw.com\/es\/#website\",\"url\":\"https:\/\/depersialaw.com\/es\/\",\"name\":\"Robert E. Depersia law\",\"description\":\"\",\"potentialAction\":[{\"@type\":\"SearchAction\",\"target\":{\"@type\":\"EntryPoint\",\"urlTemplate\":\"https:\/\/depersialaw.com\/es\/?s={search_term_string}\"},\"query-input\":\"required name=search_term_string\"}],\"inLanguage\":\"es-MX\"}]}<\/script>\n<!-- \/ Yoast SEO plugin. -->","yoast_head_json":{"title":"Gloucester County - Robert E. Depersia law","description":"Though Gloucester is one of the smaller counties in New Jersey, its proximity to major cities like Philadelphia and other amenities draw in nearly 300,000 residents.","robots":{"index":"index","follow":"follow","max-snippet":"max-snippet:-1","max-image-preview":"max-image-preview:large","max-video-preview":"max-video-preview:-1"},"canonical":"https:\/\/depersialaw.com\/es\/about-robert-depersia\/gloucester-county\/","og_locale":"es_MX","og_type":"article","og_title":"Gloucester County - Robert E. Depersia law","og_description":"Though Gloucester is one of the smaller counties in New Jersey, its proximity to major cities like Philadelphia and other amenities draw in nearly 300,000 residents.","og_url":"https:\/\/depersialaw.com\/es\/about-robert-depersia\/gloucester-county\/","og_site_name":"Robert E. Depersia law","article_modified_time":"2023-08-08T18:39:00+00:00","og_image":[{"width":2200,"height":460,"url":"http:\/\/depersialaw.com\/wp-content\/uploads\/2015\/06\/sub-banner1.jpg","type":"image\/jpeg"}],"twitter_card":"summary_large_image","twitter_misc":{"Est. reading time":"3 minutes"},"schema":{"@context":"https:\/\/schema.org","@graph":[{"@type":"WebPage","@id":"https:\/\/depersialaw.com\/about-robert-depersia\/gloucester-county\/","url":"https:\/\/depersialaw.com\/about-robert-depersia\/gloucester-county\/","name":"Gloucester County - Robert E. Depersia law","isPartOf":{"@id":"https:\/\/depersialaw.com\/es\/#website"},"datePublished":"2016-03-08T11:52:49+00:00","dateModified":"2023-08-08T18:39:00+00:00","description":"Though Gloucester is one of the smaller counties in New Jersey, its proximity to major cities like Philadelphia and other amenities draw in nearly 300,000 residents.","breadcrumb":{"@id":"https:\/\/depersialaw.com\/about-robert-depersia\/gloucester-county\/#breadcrumb"},"inLanguage":"es-MX","potentialAction":[{"@type":"ReadAction","target":["https:\/\/depersialaw.com\/about-robert-depersia\/gloucester-county\/"]}]},{"@type":"BreadcrumbList","@id":"https:\/\/depersialaw.com\/about-robert-depersia\/gloucester-county\/#breadcrumb","itemListElement":[{"@type":"ListItem","position":1,"name":"Home","item":"https:\/\/depersialaw.com\/"},{"@type":"ListItem","position":2,"name":"Experienced Attorney in DUI, DWI, CDS, and Criminal Defense","item":"https:\/\/depersialaw.com\/about-robert-depersia\/"},{"@type":"ListItem","position":3,"name":"Gloucester County"}]},{"@type":"WebSite","@id":"https:\/\/depersialaw.com\/es\/#website","url":"https:\/\/depersialaw.com\/es\/","name":"Robert E. Depersia law","description":"","potentialAction":[{"@type":"SearchAction","target":{"@type":"EntryPoint","urlTemplate":"https:\/\/depersialaw.com\/es\/?s={search_term_string}"},"query-input":"required name=search_term_string"}],"inLanguage":"es-MX"}]}},"_links":{"self":[{"href":"https:\/\/depersialaw.com\/es\/wp-json\/wp\/v2\/pages\/510"}],"collection":[{"href":"https:\/\/depersialaw.com\/es\/wp-json\/wp\/v2\/pages"}],"about":[{"href":"https:\/\/depersialaw.com\/es\/wp-json\/wp\/v2\/types\/page"}],"author":[{"embeddable":true,"href":"https:\/\/depersialaw.com\/es\/wp-json\/wp\/v2\/users\/1"}],"replies":[{"embeddable":true,"href":"https:\/\/depersialaw.com\/es\/wp-json\/wp\/v2\/comments?post=510"}],"version-history":[{"count":1,"href":"https:\/\/depersialaw.com\/es\/wp-json\/wp\/v2\/pages\/510\/revisions"}],"predecessor-version":[{"id":1548,"href":"https:\/\/depersialaw.com\/es\/wp-json\/wp\/v2\/pages\/510\/revisions\/1548"}],"up":[{"embeddable":true,"href":"https:\/\/depersialaw.com\/es\/wp-json\/wp\/v2\/pages\/7"}],"wp:featuredmedia":[{"embeddable":true,"href":"https:\/\/depersialaw.com\/es\/wp-json\/wp\/v2\/media\/102"}],"wp:attachment":[{"href":"https:\/\/depersialaw.com\/es\/wp-json\/wp\/v2\/media?parent=510"}],"curies":[{"name":"wp","href":"https:\/\/api.w.org\/{rel}","templated":true}]}}