{"id":508,"date":"2016-03-08T06:51:39","date_gmt":"2016-03-08T11:51:39","guid":{"rendered":"http:\/\/depersialaw.com\/?page_id=508"},"modified":"2023-08-08T14:39:42","modified_gmt":"2023-08-08T18:39:42","slug":"camden-county","status":"publish","type":"page","link":"https:\/\/depersialaw.com\/es\/about-robert-depersia\/camden-county\/","title":{"rendered":"CONDADO DE CAMDEN"},"content":{"rendered":"<section class=\"section-white\">\n<div class=\"midd_main\">\n<div class=\"section-title text-center\">\n<h2 style=\"font-size: 32px; color: #000; text-transform: uppercase;\">CONDADO DE CAMDEN<\/h2>\n<\/div>\n<div class=\"row\">\n<div class=\"col-lg-7 col-md-7 col-sm-12 col-xs-12 pull-left\">\n<p>Con su cantidad de municipios encantadores, as\u00ed como la proximidad a las principales ciudades como Filadelfia, el Condado de Camden es un excelente lugar para vivir en Nueva Jersey y alberga a m\u00e1s de 513,000 personas. Para mantener a las personas seguras, se espera que los residentes del Condado de Camden sigan numerosas leyes federales, estatales y locales. Si se le acusa de violar una ley, puede enfrentar graves consecuencias y no debe esperar para llamar a un experimentado <a href=\"https:\/\/depersialaw.com\/es\/dwi\/\">Abogado de defensa en NJ<\/a> que sepa c\u00f3mo manejar los casos en el Condado de Camden.<br \/>\n<a class=\"mybutton\" href=\"\/es\/contact\/\">Get A Free Consultation<\/a><\/p>\n<h2>DWI en el condado de Camden<\/h2>\n<p>Los casos de conducci\u00f3n en estado de ebriedad (DWI) se escuchan en los tribunales municipales del condado de Camden. Se le puede acusar de DWI si los fiscales creen que estaba conduciendo un veh\u00edculo motorizado con un contenido de alcohol en la sangre (BAC) por encima del l\u00edmite legal de 0.08 por ciento. Incluso si no conocen su BAC, los fiscales pueden seguir acus\u00e1ndole de DWI bas\u00e1ndose en las supuestas observaciones de intoxicaci\u00f3n de un oficial de polic\u00eda.<\/p>\n<p>DWI se confunde a menudo con una ofensa relativamente benigna. En realidad, una condena por DWI puede tener consecuencias graves y duraderas, como libertad condicional, tiempo en la c\u00e1rcel, suspensi\u00f3n de la licencia y multas costosas. Las sanciones aumentan considerablemente si tiene una condena previa, por lo que es crucial evitar cualquier condena de DWI siempre que sea posible. <a href=\"https:\/\/depersialaw.com\/es\/contact\/\">Robert E. DePersia, II<\/a> es un destacado abogado defensor de DWI en Nueva Jersey y explorar\u00e1 todas las opciones para limitar sus consecuencias y proteger sus derechos.<\/p>\n<\/div>\n<div class=\"col-lg-5 col-md-5 col-sm-12 col-xs-12 pull-right text-center\"><img decoding=\"async\" class=\"thumbnail\" src=\"https:\/\/depersialaw.com\/wp-content\/themes\/tf_child\/images\/thumb\/camden-county.jpg\" alt=\"Camden County\" \/><\/div>\n<\/div>\n<\/div>\n<\/section>\n<section id=\"one-parallax\" class=\"parallax section-transparentbg\" style=\"background-image: url('https:\/\/depersialaw.com\/wp-content\/themes\/tf_child\/images\/bg\/bg3.jpg');\" data-stellar-background-ratio=\"0.6\" data-stellar-vertical-offset=\"20\">\n<div class=\"midd_main\">\n<div class=\"row\">\n<div class=\"col-lg-7 col-md-7 col-sm-12 col-xs-12 pull-right\">\n<h3>Delitos de Drogas en el Condado de Camden<\/h3>\n<p>Los cargos de drogas tambi\u00e9n se emiten regularmente en y alrededor del Condado de Camden. Algunas de las drogas (referidas como sustancias peligrosas controladas o CDS) com\u00fanmente involucradas en estos casos involucran:<\/p>\n<div class=\"row\">\n<div class=\"col-lg-6 col-md-6 col-sm-6 col-xs-12\">\n<ul>\n<li>Marihuana<\/li>\n<li>Medicamentos con receta<\/li>\n<li>Coca\u00edna<\/li>\n<li>Metanfetamina<\/li>\n<\/ul>\n<\/li>\n<\/ul>\n<\/div>\n<\/div>\n<p>Las acusaciones pueden ir desde la posesi\u00f3n de una peque\u00f1a cantidad para uso personal hasta la participaci\u00f3n en una conspiraci\u00f3n de tr\u00e1fico. No importa qu\u00e9 tipo de cargos de drogas tenga que enfrentar, necesita un abogado de sustancias controladas y peligrosas que entienda c\u00f3mo defenderse efectivamente contra los delitos de drogas en el condado de Camden, NJ.<\/p>\n<h5>Llame a un Abogado de Defensa con Experiencia en el Condado de Camden para Consultar<\/h5>\n<p>En la oficina legal de Robert E. DePersia II, hemos defendido exitosamente a muchas personas contra cargos criminales, incluyendo delitos de drogas, DUI \/ DWI en el condado de Camden, y una amplia variedad de delitos al orden p\u00fablico y delitos Criminales. Robert DePersia es <a href=\"https:\/\/depersialaw.com\/es\/about-robert-depersia\/\">un abogado local que entiende los sistemas  locales<\/a> y las leyes  quien puede proteger celosamente sus derechos, defender contra cargos il\u00edcitos y limitar las sanciones que usted enfrenta. Por favor llame para una consulta al 856-210-3235 tan pronto como sea posible.<\/p>\n<\/div>\n<div class=\"col-lg-5 col-md-5 col-sm-12 col-xs-12 pull-left text-center\"><img decoding=\"async\" class=\"thumbnail\" src=\"https:\/\/depersialaw.com\/wp-content\/themes\/tf_child\/images\/thumb\/dwi-in-camden-county.jpg\" alt=\"DWI in Camden County\" \/><\/div>\n<\/div>\n<\/div>\n<\/section>\n<section class=\"cta-section cta-section2\">\n<div class=\"midd_main\">\n<h3>PARA UN ABOGADO LOCAL DE CONFIANZA, LLAME A NUESTRA OFICINA HOY.<\/h3>\n<p><a href=\"https:\/\/depersialaw.com\/es\/contact\/\">HAGA CLIC AQU\u00cd<\/a><\/p>\n<\/div>\n<\/section>","protected":false},"excerpt":{"rendered":"<p>Camden County With its number of charming municipalities as well as close proximity to major cities including Philadelphia, Camden County is a great place to live in New Jersey and is home to more than 513,000 people. To keep people safe, residents of Camden County are expected to follow numerous federal, state, and local laws. &hellip; <a href=\"https:\/\/depersialaw.com\/es\/about-robert-depersia\/camden-county\/\" class=\"more-link\">Continue reading <span class=\"screen-reader-text\">CONDADO DE CAMDEN<\/span> <span class=\"meta-nav\">&rarr;<\/span><\/a><\/p>","protected":false},"author":1,"featured_media":102,"parent":7,"menu_order":0,"comment_status":"closed","ping_status":"closed","template":"page-templates\/full-width.php","meta":[],"acf":[],"yoast_head":"<!-- This site is optimized with the Yoast SEO plugin v20.12 - https:\/\/yoast.com\/wordpress\/plugins\/seo\/ -->\n<title>Camden County - Robert E. Depersia law<\/title>\n<meta name=\"description\" content=\"With its number of charming municipalities as well as close proximity to major cities including Philadelphia, Camden County is a great place to live in New Jersey and is home to more than 513,000 people.\" \/>\n<meta name=\"robots\" content=\"index, follow, max-snippet:-1, max-image-preview:large, max-video-preview:-1\" \/>\n<link rel=\"canonical\" href=\"https:\/\/depersialaw.com\/es\/about-robert-depersia\/camden-county\/\" \/>\n<meta property=\"og:locale\" content=\"es_MX\" \/>\n<meta property=\"og:type\" content=\"article\" \/>\n<meta property=\"og:title\" content=\"Camden County - Robert E. Depersia law\" \/>\n<meta property=\"og:description\" content=\"With its number of charming municipalities as well as close proximity to major cities including Philadelphia, Camden County is a great place to live in New Jersey and is home to more than 513,000 people.\" \/>\n<meta property=\"og:url\" content=\"https:\/\/depersialaw.com\/es\/about-robert-depersia\/camden-county\/\" \/>\n<meta property=\"og:site_name\" content=\"Robert E. Depersia law\" \/>\n<meta property=\"article:modified_time\" content=\"2023-08-08T18:39:42+00:00\" \/>\n<meta property=\"og:image\" content=\"http:\/\/depersialaw.com\/wp-content\/uploads\/2015\/06\/sub-banner1.jpg\" \/>\n\t<meta property=\"og:image:width\" content=\"2200\" \/>\n\t<meta property=\"og:image:height\" content=\"460\" \/>\n\t<meta property=\"og:image:type\" content=\"image\/jpeg\" \/>\n<meta name=\"twitter:card\" content=\"summary_large_image\" \/>\n<meta name=\"twitter:label1\" content=\"Est. reading time\" \/>\n\t<meta name=\"twitter:data1\" content=\"3 minutes\" \/>\n<script type=\"application\/ld+json\" class=\"yoast-schema-graph\">{\"@context\":\"https:\/\/schema.org\",\"@graph\":[{\"@type\":\"WebPage\",\"@id\":\"https:\/\/depersialaw.com\/about-robert-depersia\/camden-county\/\",\"url\":\"https:\/\/depersialaw.com\/about-robert-depersia\/camden-county\/\",\"name\":\"Camden County - Robert E. Depersia law\",\"isPartOf\":{\"@id\":\"https:\/\/depersialaw.com\/es\/#website\"},\"datePublished\":\"2016-03-08T11:51:39+00:00\",\"dateModified\":\"2023-08-08T18:39:42+00:00\",\"description\":\"With its number of charming municipalities as well as close proximity to major cities including Philadelphia, Camden County is a great place to live in New Jersey and is home to more than 513,000 people.\",\"breadcrumb\":{\"@id\":\"https:\/\/depersialaw.com\/about-robert-depersia\/camden-county\/#breadcrumb\"},\"inLanguage\":\"es-MX\",\"potentialAction\":[{\"@type\":\"ReadAction\",\"target\":[\"https:\/\/depersialaw.com\/about-robert-depersia\/camden-county\/\"]}]},{\"@type\":\"BreadcrumbList\",\"@id\":\"https:\/\/depersialaw.com\/about-robert-depersia\/camden-county\/#breadcrumb\",\"itemListElement\":[{\"@type\":\"ListItem\",\"position\":1,\"name\":\"Home\",\"item\":\"https:\/\/depersialaw.com\/\"},{\"@type\":\"ListItem\",\"position\":2,\"name\":\"Experienced Attorney in DUI, DWI, CDS, and Criminal Defense\",\"item\":\"https:\/\/depersialaw.com\/about-robert-depersia\/\"},{\"@type\":\"ListItem\",\"position\":3,\"name\":\"Camden County\"}]},{\"@type\":\"WebSite\",\"@id\":\"https:\/\/depersialaw.com\/es\/#website\",\"url\":\"https:\/\/depersialaw.com\/es\/\",\"name\":\"Robert E. Depersia law\",\"description\":\"\",\"potentialAction\":[{\"@type\":\"SearchAction\",\"target\":{\"@type\":\"EntryPoint\",\"urlTemplate\":\"https:\/\/depersialaw.com\/es\/?s={search_term_string}\"},\"query-input\":\"required name=search_term_string\"}],\"inLanguage\":\"es-MX\"}]}<\/script>\n<!-- \/ Yoast SEO plugin. -->","yoast_head_json":{"title":"Camden County - Robert E. Depersia law","description":"With its number of charming municipalities as well as close proximity to major cities including Philadelphia, Camden County is a great place to live in New Jersey and is home to more than 513,000 people.","robots":{"index":"index","follow":"follow","max-snippet":"max-snippet:-1","max-image-preview":"max-image-preview:large","max-video-preview":"max-video-preview:-1"},"canonical":"https:\/\/depersialaw.com\/es\/about-robert-depersia\/camden-county\/","og_locale":"es_MX","og_type":"article","og_title":"Camden County - Robert E. Depersia law","og_description":"With its number of charming municipalities as well as close proximity to major cities including Philadelphia, Camden County is a great place to live in New Jersey and is home to more than 513,000 people.","og_url":"https:\/\/depersialaw.com\/es\/about-robert-depersia\/camden-county\/","og_site_name":"Robert E. Depersia law","article_modified_time":"2023-08-08T18:39:42+00:00","og_image":[{"width":2200,"height":460,"url":"http:\/\/depersialaw.com\/wp-content\/uploads\/2015\/06\/sub-banner1.jpg","type":"image\/jpeg"}],"twitter_card":"summary_large_image","twitter_misc":{"Est. reading time":"3 minutes"},"schema":{"@context":"https:\/\/schema.org","@graph":[{"@type":"WebPage","@id":"https:\/\/depersialaw.com\/about-robert-depersia\/camden-county\/","url":"https:\/\/depersialaw.com\/about-robert-depersia\/camden-county\/","name":"Camden County - Robert E. Depersia law","isPartOf":{"@id":"https:\/\/depersialaw.com\/es\/#website"},"datePublished":"2016-03-08T11:51:39+00:00","dateModified":"2023-08-08T18:39:42+00:00","description":"With its number of charming municipalities as well as close proximity to major cities including Philadelphia, Camden County is a great place to live in New Jersey and is home to more than 513,000 people.","breadcrumb":{"@id":"https:\/\/depersialaw.com\/about-robert-depersia\/camden-county\/#breadcrumb"},"inLanguage":"es-MX","potentialAction":[{"@type":"ReadAction","target":["https:\/\/depersialaw.com\/about-robert-depersia\/camden-county\/"]}]},{"@type":"BreadcrumbList","@id":"https:\/\/depersialaw.com\/about-robert-depersia\/camden-county\/#breadcrumb","itemListElement":[{"@type":"ListItem","position":1,"name":"Home","item":"https:\/\/depersialaw.com\/"},{"@type":"ListItem","position":2,"name":"Experienced Attorney in DUI, DWI, CDS, and Criminal Defense","item":"https:\/\/depersialaw.com\/about-robert-depersia\/"},{"@type":"ListItem","position":3,"name":"Camden County"}]},{"@type":"WebSite","@id":"https:\/\/depersialaw.com\/es\/#website","url":"https:\/\/depersialaw.com\/es\/","name":"Robert E. Depersia law","description":"","potentialAction":[{"@type":"SearchAction","target":{"@type":"EntryPoint","urlTemplate":"https:\/\/depersialaw.com\/es\/?s={search_term_string}"},"query-input":"required name=search_term_string"}],"inLanguage":"es-MX"}]}},"_links":{"self":[{"href":"https:\/\/depersialaw.com\/es\/wp-json\/wp\/v2\/pages\/508"}],"collection":[{"href":"https:\/\/depersialaw.com\/es\/wp-json\/wp\/v2\/pages"}],"about":[{"href":"https:\/\/depersialaw.com\/es\/wp-json\/wp\/v2\/types\/page"}],"author":[{"embeddable":true,"href":"https:\/\/depersialaw.com\/es\/wp-json\/wp\/v2\/users\/1"}],"replies":[{"embeddable":true,"href":"https:\/\/depersialaw.com\/es\/wp-json\/wp\/v2\/comments?post=508"}],"version-history":[{"count":3,"href":"https:\/\/depersialaw.com\/es\/wp-json\/wp\/v2\/pages\/508\/revisions"}],"predecessor-version":[{"id":1549,"href":"https:\/\/depersialaw.com\/es\/wp-json\/wp\/v2\/pages\/508\/revisions\/1549"}],"up":[{"embeddable":true,"href":"https:\/\/depersialaw.com\/es\/wp-json\/wp\/v2\/pages\/7"}],"wp:featuredmedia":[{"embeddable":true,"href":"https:\/\/depersialaw.com\/es\/wp-json\/wp\/v2\/media\/102"}],"wp:attachment":[{"href":"https:\/\/depersialaw.com\/es\/wp-json\/wp\/v2\/media?parent=508"}],"curies":[{"name":"wp","href":"https:\/\/api.w.org\/{rel}","templated":true}]}}