{"id":506,"date":"2016-03-08T06:50:48","date_gmt":"2016-03-08T11:50:48","guid":{"rendered":"http:\/\/depersialaw.com\/?page_id=506"},"modified":"2023-08-08T14:38:50","modified_gmt":"2023-08-08T18:38:50","slug":"burlington-county","status":"publish","type":"page","link":"https:\/\/depersialaw.com\/es\/about-robert-depersia\/burlington-county\/","title":{"rendered":"CONDADO DE BURLINGTON"},"content":{"rendered":"<section class=\"section-white\">\n<div class=\"midd_main\">\n<div class=\"section-title text-center\">\n<h2 style=\"font-size: 32px; color: #000; text-transform: uppercase;\">CONDADO DE BURLINGTON<\/h2>\n<p>Extendi\u00e9ndose en todo el estado, el condado de Burlington es el condado m\u00e1s grande de Nueva Jersey. M\u00e1s de 450,000 personas llaman hogar al Condado de Burlington y dependen del sistema legal para la seguridad y la justicia. Sin embargo, hay muchos casos en los que alguien puede ser tratado injustamente por el sistema de justicia Criminal de NJ. Ser acusado de un delito puede ser estresante y es importante llamar a un abogado con experiencia en defensa criminal lo antes posible para obtener una ayuda valiosa. <a href=\"https:\/\/depersialaw.com\/es\/about-robert-depersia\/\">NJ criminal justice system.<\/a> Being charged with a crime can be stressful and it is important to call an experienced criminal defense lawyer as soon as possible for valuable help.<br \/>\n<center><a class=\"mybutton\" href=\"\/es\/contact\/\" style=\"margin-bottom: 30px\">Get A Free Consultation<\/a><\/center><\/p>\n<\/div>\n<div class=\"row\">\n<div class=\"col-lg-7 col-md-7 col-sm-12 col-xs-12 pull-left\">\n<h2>DWI en el Condado de Burlington<\/h2>\n<p>Muchas personas no creen que conducir en estado de ebriedad (DWI) sea una ofensa grave. Este concepto err\u00f3neo se produce por varios motivos, entre ellos, tener un amigo o familiar que se enfrent\u00f3 a un DWI y que parec\u00eda no haber sido afectado o debido a la aceptaci\u00f3n social general de beber y conducir en comparaci\u00f3n con otros delitos. Es muy importante darse cuenta de que DWI es muy serio y puede tener las siguientes consecuencias y m\u00e1s:<\/p>\n<div class=\"row\">\n<div class=\"col-lg-6 col-md-6 col-sm-6 col-xs-12\">\n<ul>\n<li>Las multas<\/li>\n<li>P\u00e9rdida de su licencia de conducir<\/li>\n<li>Tiempo en Prisi\u00f3n<\/li>\n<li>Educaci\u00f3n obligatoria en abuso de sustancias.<\/li>\n<\/ul>\n<\/div>\n<div class=\"col-lg-6 col-md-6 col-sm-6 col-xs-12\">\n<ul>\n<li>Libertad condicional<\/li>\n<li>Dispositivo de bloqueo de encendido en su veh\u00edculo<\/li>\n<li>Condena en su registro de conducir permanente<\/li>\n<\/ul>\n<\/div>\n<\/div>\n<p>Todas estas consecuencias pueden tener un efecto sustancial en su vida, por lo que es muy importante contar con un abogado defensor de DWI respetado, experimentado y confiable de su lado. Robert E. DePersia II, ha defendido exitosamente a muchas personas en casos de DWI y es reconocido como el mejor abogado defensor de DUI \/ DWI en el Condado de Burlington.<\/p>\n<\/div>\n<div class=\"col-lg-5 col-md-5 col-sm-12 col-xs-12 pull-right text-center\"><img decoding=\"async\" class=\"thumbnail\" src=\"https:\/\/depersialaw.com\/wp-content\/themes\/tf_child\/images\/thumb\/burlington-county.jpg\" alt=\"Burlington County\"><\/div>\n<\/div>\n<\/div>\n<\/section>\n<section id=\"one-parallax\" class=\"parallax section-transparentbg\" style=\"background-image: url('https:\/\/depersialaw.com\/wp-content\/themes\/tf_child\/images\/bg\/bg2.jpg');\" data-stellar-background-ratio=\"0.6\" data-stellar-vertical-offset=\"20\">\n<div class=\"midd_main\">\n<div class=\"row\">\n<div class=\"col-lg-7 col-md-7 col-sm-12 col-xs-12 pull-right\">\n<h3>Delitos de Drogas en el Condado de Burlington<\/h3>\n<p>Al igual que Nueva Jersey toma en serio beber y conducir, tambi\u00e9n tiene leyes estrictas cuando se trata del uso de <a href=\"https:\/\/depersialaw.com\/es\/the-dui-process\/\">sustancias peligrosas controladas (CDS)<\/a>. La marihuana, la coca\u00edna, la hero\u00edna, los medicamentos recetados y muchas otras sustancias son ilegales de poseer, vender, fabricar o distribuir en Nueva Jersey. Las consecuencias de los delitos de drogas en el Condado de Burlington a menudo incluyen tiempo tras las rejas y las sanciones solo aumentan con cada condena posterior relacionada con las drogas. Por esta raz\u00f3n y m\u00e1s, es fundamental evitar incluso una condena por drogas siempre que sea posible. No debe demorarse en ponerse en contacto con un abogado de sustancias peligrosas controladas en el Condado de Burlington para discutir su caso.<\/p>\n<h5>Llame para Consultar a un Abogado con Experiencia en Defensa Criminal en el Condado de Burlington<\/h5>\n<p>Como abogado local, Robert DePersia sabe c\u00f3mo manejar las denuncias de DWI, delitos relacionados con drogas u otros delitos en el condado de Burlington y sus alrededores. Adem\u00e1s de los casos anteriores, la <a href=\"https:\/\/depersialaw.com\/es\/contact\/\">Oficina legal de Robert E. DePersia II<\/a> maneja muchos cargos criminales diferentes y delito al orden p\u00fablico. Si usted ha sido acusado de alg\u00fan tipo de delito o infracci\u00f3n de tr\u00e1nsito, llame hoy para una consulta al 856-210-3235 para obtener m\u00e1s informaci\u00f3n.<\/p>\n<\/div>\n<div class=\"col-lg-5 col-md-5 col-sm-12 col-xs-12 pull-left text-center\"><img decoding=\"async\" class=\"thumbnail\" src=\"https:\/\/depersialaw.com\/wp-content\/themes\/tf_child\/images\/thumb\/dwi-in-burlington-county.jpg\" alt=\"DWI in Burlington County\"><\/div>\n<\/div>\n<\/div>\n<\/section>\n<section class=\"cta-section cta-section2\">\n<div class=\"midd_main\">\n<h3>PARA LA AYUDA LEGAL HOY MISMO, LLAME A NUESTRAS OFICINAS.<\/h3>\n<p><a href=\"https:\/\/depersialaw.com\/es\/contact\/\">HAGA CLIC AQU\u00cd<\/a><\/p>\n<\/div>\n<\/section>","protected":false},"excerpt":{"rendered":"<p>Burlington County Stretching across the state, Burlington County is the largest county in New Jersey. More than 450,000 people call Burlington County home and depend on the legal system for safety and justice. However, there are many cases in which someone can find themselves treated unfairly by the NJ criminal justice system. Being charged with &hellip; <a href=\"https:\/\/depersialaw.com\/es\/about-robert-depersia\/burlington-county\/\" class=\"more-link\">Continue reading <span class=\"screen-reader-text\">CONDADO DE BURLINGTON<\/span> <span class=\"meta-nav\">&rarr;<\/span><\/a><\/p>","protected":false},"author":1,"featured_media":102,"parent":7,"menu_order":0,"comment_status":"closed","ping_status":"closed","template":"page-templates\/full-width.php","meta":[],"acf":[],"yoast_head":"<!-- This site is optimized with the Yoast SEO plugin v20.12 - https:\/\/yoast.com\/wordpress\/plugins\/seo\/ -->\n<title>Burlington County - Robert E. Depersia law<\/title>\n<meta name=\"description\" content=\"As home to Atlantic City and many other attractions, Atlantic County draws many visitors from all walks of life. Unfortunately, with its tourism and nightlife attractions, Atlantic County also has its fair share of crime.\" \/>\n<meta name=\"robots\" content=\"index, follow, max-snippet:-1, max-image-preview:large, max-video-preview:-1\" \/>\n<link rel=\"canonical\" href=\"https:\/\/depersialaw.com\/es\/about-robert-depersia\/burlington-county\/\" \/>\n<meta property=\"og:locale\" content=\"es_MX\" \/>\n<meta property=\"og:type\" content=\"article\" \/>\n<meta property=\"og:title\" content=\"Burlington County - Robert E. Depersia law\" \/>\n<meta property=\"og:description\" content=\"As home to Atlantic City and many other attractions, Atlantic County draws many visitors from all walks of life. Unfortunately, with its tourism and nightlife attractions, Atlantic County also has its fair share of crime.\" \/>\n<meta property=\"og:url\" content=\"https:\/\/depersialaw.com\/es\/about-robert-depersia\/burlington-county\/\" \/>\n<meta property=\"og:site_name\" content=\"Robert E. Depersia law\" \/>\n<meta property=\"article:modified_time\" content=\"2023-08-08T18:38:50+00:00\" \/>\n<meta property=\"og:image\" content=\"http:\/\/depersialaw.com\/wp-content\/uploads\/2015\/06\/sub-banner1.jpg\" \/>\n\t<meta property=\"og:image:width\" content=\"2200\" \/>\n\t<meta property=\"og:image:height\" content=\"460\" \/>\n\t<meta property=\"og:image:type\" content=\"image\/jpeg\" \/>\n<meta name=\"twitter:card\" content=\"summary_large_image\" \/>\n<meta name=\"twitter:label1\" content=\"Est. reading time\" \/>\n\t<meta name=\"twitter:data1\" content=\"3 minutes\" \/>\n<script type=\"application\/ld+json\" class=\"yoast-schema-graph\">{\"@context\":\"https:\/\/schema.org\",\"@graph\":[{\"@type\":\"WebPage\",\"@id\":\"https:\/\/depersialaw.com\/about-robert-depersia\/burlington-county\/\",\"url\":\"https:\/\/depersialaw.com\/about-robert-depersia\/burlington-county\/\",\"name\":\"Burlington County - Robert E. Depersia law\",\"isPartOf\":{\"@id\":\"https:\/\/depersialaw.com\/es\/#website\"},\"datePublished\":\"2016-03-08T11:50:48+00:00\",\"dateModified\":\"2023-08-08T18:38:50+00:00\",\"description\":\"As home to Atlantic City and many other attractions, Atlantic County draws many visitors from all walks of life. Unfortunately, with its tourism and nightlife attractions, Atlantic County also has its fair share of crime.\",\"breadcrumb\":{\"@id\":\"https:\/\/depersialaw.com\/about-robert-depersia\/burlington-county\/#breadcrumb\"},\"inLanguage\":\"es-MX\",\"potentialAction\":[{\"@type\":\"ReadAction\",\"target\":[\"https:\/\/depersialaw.com\/about-robert-depersia\/burlington-county\/\"]}]},{\"@type\":\"BreadcrumbList\",\"@id\":\"https:\/\/depersialaw.com\/about-robert-depersia\/burlington-county\/#breadcrumb\",\"itemListElement\":[{\"@type\":\"ListItem\",\"position\":1,\"name\":\"Home\",\"item\":\"https:\/\/depersialaw.com\/\"},{\"@type\":\"ListItem\",\"position\":2,\"name\":\"Experienced Attorney in DUI, DWI, CDS, and Criminal Defense\",\"item\":\"https:\/\/depersialaw.com\/about-robert-depersia\/\"},{\"@type\":\"ListItem\",\"position\":3,\"name\":\"Burlington County\"}]},{\"@type\":\"WebSite\",\"@id\":\"https:\/\/depersialaw.com\/es\/#website\",\"url\":\"https:\/\/depersialaw.com\/es\/\",\"name\":\"Robert E. Depersia law\",\"description\":\"\",\"potentialAction\":[{\"@type\":\"SearchAction\",\"target\":{\"@type\":\"EntryPoint\",\"urlTemplate\":\"https:\/\/depersialaw.com\/es\/?s={search_term_string}\"},\"query-input\":\"required name=search_term_string\"}],\"inLanguage\":\"es-MX\"}]}<\/script>\n<!-- \/ Yoast SEO plugin. -->","yoast_head_json":{"title":"Burlington County - Robert E. Depersia law","description":"As home to Atlantic City and many other attractions, Atlantic County draws many visitors from all walks of life. Unfortunately, with its tourism and nightlife attractions, Atlantic County also has its fair share of crime.","robots":{"index":"index","follow":"follow","max-snippet":"max-snippet:-1","max-image-preview":"max-image-preview:large","max-video-preview":"max-video-preview:-1"},"canonical":"https:\/\/depersialaw.com\/es\/about-robert-depersia\/burlington-county\/","og_locale":"es_MX","og_type":"article","og_title":"Burlington County - Robert E. Depersia law","og_description":"As home to Atlantic City and many other attractions, Atlantic County draws many visitors from all walks of life. Unfortunately, with its tourism and nightlife attractions, Atlantic County also has its fair share of crime.","og_url":"https:\/\/depersialaw.com\/es\/about-robert-depersia\/burlington-county\/","og_site_name":"Robert E. Depersia law","article_modified_time":"2023-08-08T18:38:50+00:00","og_image":[{"width":2200,"height":460,"url":"http:\/\/depersialaw.com\/wp-content\/uploads\/2015\/06\/sub-banner1.jpg","type":"image\/jpeg"}],"twitter_card":"summary_large_image","twitter_misc":{"Est. reading time":"3 minutes"},"schema":{"@context":"https:\/\/schema.org","@graph":[{"@type":"WebPage","@id":"https:\/\/depersialaw.com\/about-robert-depersia\/burlington-county\/","url":"https:\/\/depersialaw.com\/about-robert-depersia\/burlington-county\/","name":"Burlington County - Robert E. Depersia law","isPartOf":{"@id":"https:\/\/depersialaw.com\/es\/#website"},"datePublished":"2016-03-08T11:50:48+00:00","dateModified":"2023-08-08T18:38:50+00:00","description":"As home to Atlantic City and many other attractions, Atlantic County draws many visitors from all walks of life. Unfortunately, with its tourism and nightlife attractions, Atlantic County also has its fair share of crime.","breadcrumb":{"@id":"https:\/\/depersialaw.com\/about-robert-depersia\/burlington-county\/#breadcrumb"},"inLanguage":"es-MX","potentialAction":[{"@type":"ReadAction","target":["https:\/\/depersialaw.com\/about-robert-depersia\/burlington-county\/"]}]},{"@type":"BreadcrumbList","@id":"https:\/\/depersialaw.com\/about-robert-depersia\/burlington-county\/#breadcrumb","itemListElement":[{"@type":"ListItem","position":1,"name":"Home","item":"https:\/\/depersialaw.com\/"},{"@type":"ListItem","position":2,"name":"Experienced Attorney in DUI, DWI, CDS, and Criminal Defense","item":"https:\/\/depersialaw.com\/about-robert-depersia\/"},{"@type":"ListItem","position":3,"name":"Burlington County"}]},{"@type":"WebSite","@id":"https:\/\/depersialaw.com\/es\/#website","url":"https:\/\/depersialaw.com\/es\/","name":"Robert E. Depersia law","description":"","potentialAction":[{"@type":"SearchAction","target":{"@type":"EntryPoint","urlTemplate":"https:\/\/depersialaw.com\/es\/?s={search_term_string}"},"query-input":"required name=search_term_string"}],"inLanguage":"es-MX"}]}},"_links":{"self":[{"href":"https:\/\/depersialaw.com\/es\/wp-json\/wp\/v2\/pages\/506"}],"collection":[{"href":"https:\/\/depersialaw.com\/es\/wp-json\/wp\/v2\/pages"}],"about":[{"href":"https:\/\/depersialaw.com\/es\/wp-json\/wp\/v2\/types\/page"}],"author":[{"embeddable":true,"href":"https:\/\/depersialaw.com\/es\/wp-json\/wp\/v2\/users\/1"}],"replies":[{"embeddable":true,"href":"https:\/\/depersialaw.com\/es\/wp-json\/wp\/v2\/comments?post=506"}],"version-history":[{"count":1,"href":"https:\/\/depersialaw.com\/es\/wp-json\/wp\/v2\/pages\/506\/revisions"}],"predecessor-version":[{"id":1547,"href":"https:\/\/depersialaw.com\/es\/wp-json\/wp\/v2\/pages\/506\/revisions\/1547"}],"up":[{"embeddable":true,"href":"https:\/\/depersialaw.com\/es\/wp-json\/wp\/v2\/pages\/7"}],"wp:featuredmedia":[{"embeddable":true,"href":"https:\/\/depersialaw.com\/es\/wp-json\/wp\/v2\/media\/102"}],"wp:attachment":[{"href":"https:\/\/depersialaw.com\/es\/wp-json\/wp\/v2\/media?parent=506"}],"curies":[{"name":"wp","href":"https:\/\/api.w.org\/{rel}","templated":true}]}}