{"id":502,"date":"2016-03-08T06:26:00","date_gmt":"2016-03-08T11:26:00","guid":{"rendered":"http:\/\/depersialaw.com\/?page_id=502"},"modified":"2023-08-08T14:38:21","modified_gmt":"2023-08-08T18:38:21","slug":"atlantic-county","status":"publish","type":"page","link":"https:\/\/depersialaw.com\/es\/about-robert-depersia\/atlantic-county\/","title":{"rendered":"CONDADO DE ATLANTIC"},"content":{"rendered":"<section class=\"section-white\">\n<div class=\"midd_main\">\n<div class=\"section-title text-center\">\n<h2>CONDADO DE ATLANTIC<\/h2>\n<p>Como el hogar de Atlantic City y muchas otras atracciones, el Condado de Atlantic atrae a muchos visitantes de todos los \u00e1mbitos de vida. Desafortunadamente, con sus atracciones tur\u00edsticas y de vida nocturna, el Condado de Atlantic tambi\u00e9n tiene una buena cantidad de delitos. Si ha sido arrestado o enfrenta cargos criminales, usted necesita un abogado de defensa criminal experimentado y respetado que maneje su caso tan pronto como sea posible.<br \/>\n<center><a class=\"mybutton\" href=\"\/es\/contact\/\" style=\"margin-bottom: 30px\">Get A Free Consultation<\/a><\/center><\/p>\n<\/div>\n<div class=\"row\">\n<div class=\"col-lg-7 col-md-7 col-sm-12 col-xs-12 pull-left\">\n<h2>DWI en el Condado de Atlantic<\/h2>\n<p>Todos deben saber que conducir en estado de ebriedad (DWI) es ilegal en el Condado de Atlantic y en todo el estado de NJ. Sin embargo, miles de arrestos ocurren cada a\u00f1o por DWI. Ya sea que haya tomado demasiadas bebidas o el oficial lo haya acusado err\u00f3neamente de conducir en estado de ebriedad, los cargos de DWI son muy graves y pueden resultar en multas, penas de c\u00e1rcel, p\u00e9rdida de su licencia y muchas m\u00e1s sanciones severas. Los casos de DWI pueden involucrar a\u00fan m\u00e1s muchos problemas y complicaciones legales adicionales que incluyen lo siguiente:<\/p>\n<div class=\"row\">\n<div class=\"col-lg-6 col-md-6 col-sm-6 col-xs-12\">\n<ul>\n<li>Negativa al dar una muestra de aliento<\/li>\n<li>Posesi\u00f3n de drogas<\/li>\n<li>Acusaciones menores de consumo de alcohol.<\/li>\n<\/ul>\n<\/div>\n<div class=\"col-lg-6 col-md-6 col-sm-6 col-xs-12\">\n<ul>\n<li>Cargos por causar lesiones corporales en un accidente<\/li>\n<li>Consecuencias potenciales de inmigraci\u00f3n<\/li>\n<\/ul>\n<\/div>\n<\/div>\n<p>No importa cu\u00e1ntos problemas existan o surjan en su caso, <a href=\"https:\/\/depersialaw.com\/es\/contact\/\">el abogado defensor de DWI, Robert E. DePersia II,<\/a>puede resolverlos y trabajar para obtener el mejor resultado posible en relaci\u00f3n con cada problema. Si ha sido acusado de DWI \/ DUI en el Condado de Atlantic, necesita a alguien de su lado con la habilidad y experiencia necesarias para manejar este tipo de casos frecuentemente complicados.<\/p>\n<\/div>\n<div class=\"col-lg-5 col-md-5 col-sm-12 col-xs-12 pull-right text-center\"><img decoding=\"async\" class=\"thumbnail\" src=\"https:\/\/depersialaw.com\/wp-content\/themes\/tf_child\/images\/thumb\/atlantic-county.jpg\" alt=\"Atlantic County\"><\/div>\n<\/div>\n<\/div>\n<\/section>\n<section id=\"one-parallax\" class=\"parallax section-transparentbg\" style=\"background-image: url('https:\/\/depersialaw.com\/wp-content\/themes\/tf_child\/images\/bg\/bg1.jpg');\" data-stellar-background-ratio=\"0.6\" data-stellar-vertical-offset=\"20\">\n<div class=\"midd_main\">\n<div class=\"row\">\n<div class=\"col-lg-7 col-md-7 col-sm-12 col-xs-12 pull-right\">\n<h3>Delitos de drogas en el Condado de Atlantic<\/h3>\n<p>Otro conjunto de cargos comunes pero serios en el Condado de Atlantic involucran delitos de drogas. Hay muchas sustancias peligrosas controladas (CDS) establecidas en las <a href=\"https:\/\/depersialaw.com\/es\/degree-of-crimes-in-new-jersey\/\">leyes de NJ<\/a> y los siguientes actos ilegales pueden resultar en acusaciones criminales:<\/p>\n<div class=\"row\">\n<div class=\"col-lg-6 col-lg-6 col-sm-6 col-xs-12\">\n<ul>\n<li>Posesi\u00f3n<\/li>\n<li>Posesi\u00f3n con la intenci\u00f3n de distribuir<\/li>\n<li>Fabricar<\/li>\n<\/ul>\n<\/div>\n<div class=\"col-lg-6 col-lg-6 col-sm-6 col-xs-12\">\n<ul>\n<li>Poseer parafernalia de drogas.<\/li>\n<li>Ventas<\/li>\n<li>Tr\u00e1fico<\/li>\n<\/ul>\n<\/div>\n<\/div>\n<p>Las condenas por drogas pueden tener consecuencias graves, como el encarcelamiento y las multas, as\u00ed como la descalificaci\u00f3n de pr\u00e9stamos estudiantiles federales, la descalificaci\u00f3n de ciertos trabajos y m\u00e1s. Para proteger sus derechos e intereses legales, usted necesita un abogado con experiencia en defensa de sustancias controladas si se le acusa de delitos relacionados con drogas en el Condado de Atlantic.<\/p>\n<h5>Llame por una Consulta con un Respetado Abogado Defensor en el Condado de Atlantic<\/h5>\n<p>La elecci\u00f3n de un abogado defensor puede ser estresante, ya que desea tener la mejor oportunidad posible de obtener un resultado favorable en su caso. <a href=\"https:\/\/depersialaw.com\/es\/about-robert-depersia\/\">Robert DePersia<\/a> es conocido como uno de los mejores abogados de defensa criminal y DWI en todo New Jersey y puede confiar en que estar\u00e1 comprometido a obtener los mejores resultados posibles para usted. Adem\u00e1s de los delitos relacionados con drogas y DWI, la oficina maneja regularmente casos que involucran una variedad de delitos de orden p\u00fablico y cr\u00edmenes. Llame a la oficina legal de Robert E. DePersia II, al 856-210-3235 para recibir ayuda hoy.<\/p>\n<\/div>\n<div class=\"col-lg-5 col-md-5 col-sm-12 col-xs-12 pull-left text-center\"><img decoding=\"async\" class=\"thumbnail\" src=\"https:\/\/depersialaw.com\/wp-content\/themes\/tf_child\/images\/thumb\/dwi-in-atlantic-county.jpg\" alt=\"DWI in Atlantic County\"><\/div>\n<\/div>\n<\/div>\n<\/section>\n<section class=\"cta-section cta-section2\">\n<div class=\"midd_main\">\n<h3>SI NECESITA UN ABOGADO DEFENSOR, LLAME A NUESTRA OFICINA HOY.<\/h3>\n<p><a href=\"https:\/\/depersialaw.com\/es\/contact\/\">HAGA CLIC AQU\u00cd<\/a><\/p>\n<\/div>\n<\/section>","protected":false},"excerpt":{"rendered":"<p>Atlantic County As home to Atlantic City and many other attractions, Atlantic County draws many visitors from all walks of life. Unfortunately, with its tourism and nightlife attractions, Atlantic County also has its fair share of crime. If you have been arrested or face criminal charges, you need an experienced and respected criminal defense attorney &hellip; <a href=\"https:\/\/depersialaw.com\/es\/about-robert-depersia\/atlantic-county\/\" class=\"more-link\">Continue reading <span class=\"screen-reader-text\">CONDADO DE ATLANTIC<\/span> <span class=\"meta-nav\">&rarr;<\/span><\/a><\/p>","protected":false},"author":1,"featured_media":102,"parent":7,"menu_order":0,"comment_status":"closed","ping_status":"closed","template":"page-templates\/full-width.php","meta":[],"acf":[],"yoast_head":"<!-- This site is optimized with the Yoast SEO plugin v20.12 - https:\/\/yoast.com\/wordpress\/plugins\/seo\/ -->\n<title>Atlantic County - Robert E. Depersia law<\/title>\n<meta name=\"description\" content=\"As home to Atlantic City and many other attractions, Atlantic County draws many visitors from all walks of life. Unfortunately, with its tourism and nightlife attractions, Atlantic County also has its fair share of crime.\" \/>\n<meta name=\"robots\" content=\"index, follow, max-snippet:-1, max-image-preview:large, max-video-preview:-1\" \/>\n<link rel=\"canonical\" href=\"https:\/\/depersialaw.com\/es\/about-robert-depersia\/atlantic-county\/\" \/>\n<meta property=\"og:locale\" content=\"es_MX\" \/>\n<meta property=\"og:type\" content=\"article\" \/>\n<meta property=\"og:title\" content=\"Atlantic County - Robert E. Depersia law\" \/>\n<meta property=\"og:description\" content=\"As home to Atlantic City and many other attractions, Atlantic County draws many visitors from all walks of life. Unfortunately, with its tourism and nightlife attractions, Atlantic County also has its fair share of crime.\" \/>\n<meta property=\"og:url\" content=\"https:\/\/depersialaw.com\/es\/about-robert-depersia\/atlantic-county\/\" \/>\n<meta property=\"og:site_name\" content=\"Robert E. Depersia law\" \/>\n<meta property=\"article:modified_time\" content=\"2023-08-08T18:38:21+00:00\" \/>\n<meta property=\"og:image\" content=\"http:\/\/depersialaw.com\/wp-content\/uploads\/2015\/06\/sub-banner1.jpg\" \/>\n\t<meta property=\"og:image:width\" content=\"2200\" \/>\n\t<meta property=\"og:image:height\" content=\"460\" \/>\n\t<meta property=\"og:image:type\" content=\"image\/jpeg\" \/>\n<meta name=\"twitter:card\" content=\"summary_large_image\" \/>\n<meta name=\"twitter:label1\" content=\"Est. reading time\" \/>\n\t<meta name=\"twitter:data1\" content=\"3 minutes\" \/>\n<script type=\"application\/ld+json\" class=\"yoast-schema-graph\">{\"@context\":\"https:\/\/schema.org\",\"@graph\":[{\"@type\":\"WebPage\",\"@id\":\"https:\/\/depersialaw.com\/about-robert-depersia\/atlantic-county\/\",\"url\":\"https:\/\/depersialaw.com\/about-robert-depersia\/atlantic-county\/\",\"name\":\"Atlantic County - Robert E. Depersia law\",\"isPartOf\":{\"@id\":\"https:\/\/depersialaw.com\/es\/#website\"},\"datePublished\":\"2016-03-08T11:26:00+00:00\",\"dateModified\":\"2023-08-08T18:38:21+00:00\",\"description\":\"As home to Atlantic City and many other attractions, Atlantic County draws many visitors from all walks of life. Unfortunately, with its tourism and nightlife attractions, Atlantic County also has its fair share of crime.\",\"breadcrumb\":{\"@id\":\"https:\/\/depersialaw.com\/about-robert-depersia\/atlantic-county\/#breadcrumb\"},\"inLanguage\":\"es-MX\",\"potentialAction\":[{\"@type\":\"ReadAction\",\"target\":[\"https:\/\/depersialaw.com\/about-robert-depersia\/atlantic-county\/\"]}]},{\"@type\":\"BreadcrumbList\",\"@id\":\"https:\/\/depersialaw.com\/about-robert-depersia\/atlantic-county\/#breadcrumb\",\"itemListElement\":[{\"@type\":\"ListItem\",\"position\":1,\"name\":\"Home\",\"item\":\"https:\/\/depersialaw.com\/\"},{\"@type\":\"ListItem\",\"position\":2,\"name\":\"Experienced Attorney in DUI, DWI, CDS, and Criminal Defense\",\"item\":\"https:\/\/depersialaw.com\/about-robert-depersia\/\"},{\"@type\":\"ListItem\",\"position\":3,\"name\":\"Atlantic County\"}]},{\"@type\":\"WebSite\",\"@id\":\"https:\/\/depersialaw.com\/es\/#website\",\"url\":\"https:\/\/depersialaw.com\/es\/\",\"name\":\"Robert E. Depersia law\",\"description\":\"\",\"potentialAction\":[{\"@type\":\"SearchAction\",\"target\":{\"@type\":\"EntryPoint\",\"urlTemplate\":\"https:\/\/depersialaw.com\/es\/?s={search_term_string}\"},\"query-input\":\"required name=search_term_string\"}],\"inLanguage\":\"es-MX\"}]}<\/script>\n<!-- \/ Yoast SEO plugin. -->","yoast_head_json":{"title":"Atlantic County - Robert E. Depersia law","description":"As home to Atlantic City and many other attractions, Atlantic County draws many visitors from all walks of life. Unfortunately, with its tourism and nightlife attractions, Atlantic County also has its fair share of crime.","robots":{"index":"index","follow":"follow","max-snippet":"max-snippet:-1","max-image-preview":"max-image-preview:large","max-video-preview":"max-video-preview:-1"},"canonical":"https:\/\/depersialaw.com\/es\/about-robert-depersia\/atlantic-county\/","og_locale":"es_MX","og_type":"article","og_title":"Atlantic County - Robert E. Depersia law","og_description":"As home to Atlantic City and many other attractions, Atlantic County draws many visitors from all walks of life. Unfortunately, with its tourism and nightlife attractions, Atlantic County also has its fair share of crime.","og_url":"https:\/\/depersialaw.com\/es\/about-robert-depersia\/atlantic-county\/","og_site_name":"Robert E. Depersia law","article_modified_time":"2023-08-08T18:38:21+00:00","og_image":[{"width":2200,"height":460,"url":"http:\/\/depersialaw.com\/wp-content\/uploads\/2015\/06\/sub-banner1.jpg","type":"image\/jpeg"}],"twitter_card":"summary_large_image","twitter_misc":{"Est. reading time":"3 minutes"},"schema":{"@context":"https:\/\/schema.org","@graph":[{"@type":"WebPage","@id":"https:\/\/depersialaw.com\/about-robert-depersia\/atlantic-county\/","url":"https:\/\/depersialaw.com\/about-robert-depersia\/atlantic-county\/","name":"Atlantic County - Robert E. Depersia law","isPartOf":{"@id":"https:\/\/depersialaw.com\/es\/#website"},"datePublished":"2016-03-08T11:26:00+00:00","dateModified":"2023-08-08T18:38:21+00:00","description":"As home to Atlantic City and many other attractions, Atlantic County draws many visitors from all walks of life. Unfortunately, with its tourism and nightlife attractions, Atlantic County also has its fair share of crime.","breadcrumb":{"@id":"https:\/\/depersialaw.com\/about-robert-depersia\/atlantic-county\/#breadcrumb"},"inLanguage":"es-MX","potentialAction":[{"@type":"ReadAction","target":["https:\/\/depersialaw.com\/about-robert-depersia\/atlantic-county\/"]}]},{"@type":"BreadcrumbList","@id":"https:\/\/depersialaw.com\/about-robert-depersia\/atlantic-county\/#breadcrumb","itemListElement":[{"@type":"ListItem","position":1,"name":"Home","item":"https:\/\/depersialaw.com\/"},{"@type":"ListItem","position":2,"name":"Experienced Attorney in DUI, DWI, CDS, and Criminal Defense","item":"https:\/\/depersialaw.com\/about-robert-depersia\/"},{"@type":"ListItem","position":3,"name":"Atlantic County"}]},{"@type":"WebSite","@id":"https:\/\/depersialaw.com\/es\/#website","url":"https:\/\/depersialaw.com\/es\/","name":"Robert E. Depersia law","description":"","potentialAction":[{"@type":"SearchAction","target":{"@type":"EntryPoint","urlTemplate":"https:\/\/depersialaw.com\/es\/?s={search_term_string}"},"query-input":"required name=search_term_string"}],"inLanguage":"es-MX"}]}},"_links":{"self":[{"href":"https:\/\/depersialaw.com\/es\/wp-json\/wp\/v2\/pages\/502"}],"collection":[{"href":"https:\/\/depersialaw.com\/es\/wp-json\/wp\/v2\/pages"}],"about":[{"href":"https:\/\/depersialaw.com\/es\/wp-json\/wp\/v2\/types\/page"}],"author":[{"embeddable":true,"href":"https:\/\/depersialaw.com\/es\/wp-json\/wp\/v2\/users\/1"}],"replies":[{"embeddable":true,"href":"https:\/\/depersialaw.com\/es\/wp-json\/wp\/v2\/comments?post=502"}],"version-history":[{"count":2,"href":"https:\/\/depersialaw.com\/es\/wp-json\/wp\/v2\/pages\/502\/revisions"}],"predecessor-version":[{"id":1546,"href":"https:\/\/depersialaw.com\/es\/wp-json\/wp\/v2\/pages\/502\/revisions\/1546"}],"up":[{"embeddable":true,"href":"https:\/\/depersialaw.com\/es\/wp-json\/wp\/v2\/pages\/7"}],"wp:featuredmedia":[{"embeddable":true,"href":"https:\/\/depersialaw.com\/es\/wp-json\/wp\/v2\/media\/102"}],"wp:attachment":[{"href":"https:\/\/depersialaw.com\/es\/wp-json\/wp\/v2\/media?parent=502"}],"curies":[{"name":"wp","href":"https:\/\/api.w.org\/{rel}","templated":true}]}}