{"id":49,"date":"2015-06-26T05:43:20","date_gmt":"2015-06-26T05:43:20","guid":{"rendered":"http:\/\/piyush\/depersialaw\/site\/?page_id=49"},"modified":"2019-08-17T05:01:26","modified_gmt":"2019-08-17T09:01:26","slug":"case-results","status":"publish","type":"page","link":"https:\/\/depersialaw.com\/es\/case-results\/","title":{"rendered":"CASO DE \u00c9XITO Y RESULTADOS"},"content":{"rendered":"<section class=\"section-white\">\n<div class=\"midd_main\">\n<div class=\"section-title text-center\">\n<h2 style=\"font-size: 32px; color: #000; text-transform: uppercase;\">CASOS RECIENTES DE \u00c9XITO Y RESULTADOS<\/h2>\n<\/div>\n<div class=\"row\">\n<div class=\"col-lg-12 pull-left\">\n<p>La oficina legal de Robert E. DePersia II, contin\u00faa su larga tradici\u00f3n de servicio de calidad y resultados incre\u00edbles. En todo el sur de Jersey, tanto en la Corte Superior como en la Corte Municipal, el abogado Robert E. DePersia II, est\u00e1 obteniendo los mejores y m\u00e1s exitosos resultados para sus clientes.<\/p>\n<\/div>\n<div class=\"col-lg-12 test-box pull-left\">\n<h3>En apariciones recientes:<\/h3>\n<p>Ciudad del Condado de Camden. El abogado Robert E. DePersia II, que recurre a una \"Orden Holup\" que no fue cumplida por el Estado, y St. v. Chun, redujo exitosamente una segunda ofensa DWI (2 a\u00f1os de p\u00e9rdida de la licencia de conducir, 2-90 d\u00edas) encarcelamiento, 48 horas IDRC, 30 d\u00edas de servicio comunitario, dispositivo de interbloqueo, recargo estatal de $ 3,000), a un cargo de manejo imprudente con multas totales y costos de $ 239.00<\/p>\n<\/div>\n<div class=\"col-lg-11 pull-right\">\n<p>\"Se\u00f1or DePersia continu\u00f3 luchando en mi nombre y finalmente resolvi\u00f3 el caso con una peque\u00f1a multa bajo un cargo de manejo imprudente. No s\u00e9 c\u00f3mo lo hace, es un mago. Toda mi vida se habr\u00eda arruinado si hubiera recibido un segundo DWI. Siempre le enviar\u00e9 a todos los que conozco por el resto de mi vida \".<br \/>\n<span class=\"testi-user\">Danielle<\/span><\/p>\n<\/div>\n<div class=\"col-lg-12 test-box pull-left\">\n<p>Tribunal Municipal del Condado de Gloucester. El abogado Robert E. DePersia II, retransmitiendo sobre Missouri v. NcNeely, hace que su cliente salga de la sala del tribunal con su licencia vigente y evit\u00f3 las sanciones de un DWI (3 meses-1 a\u00f1o de p\u00e9rdida de la licencia de conducir, IDRC, bloqueo, recargo estatal); Rechazo (7 meses-1 a\u00f1o de p\u00e9rdida de la licencia de conducir, servicio comunitario, dispositivo de bloqueo, IDRC).<\/p>\n<\/div>\n<div class=\"col-lg-11 pull-right\">\n<p>\"No puedo creer que con un DWI \/ Negativo y un accidente automovil\u00edstico, solo me declararon culpable de conducir sin cuidado. Todos dijeron que \u00e9l es el mejor y no est\u00e1n bromeando \".<br \/>\n<span class=\"testi-user\">Mark<\/span><\/p>\n<\/div>\n<div class=\"col-lg-12 test-box pull-left\">\n<p>- Tribunal Superior del Condado de Camden. El abogado Robert E. DePersia II, tiene \u00e9xito en su moci\u00f3n para desafiar la causa probable del Estado de Nueva Jersey por una parada de tr\u00e1fico. El juez del Tribunal Superior fall\u00f3 a favor del Sr. DePersia y acord\u00f3 que la detenci\u00f3n del Estado; violaba los derechos constitucionales del acusado, ya que no presentar\u00edan una raz\u00f3n clara para detener al acusado. Todos los cargos desestimados.<\/p>\n<\/div>\n<div class=\"col-lg-11 pull-right\">\n<p>\"Todav\u00eda estoy temblando; No tengo palabras. El Sr. DePersia hab\u00eda desestimado todo el caso. Me enfrentaba a una prisi\u00f3n estatal obligatoria de 6 meses a 18 meses. Yo habr\u00eda perdido mi casa. Se lo debo todo al se\u00f1or DePersia.\u201d<br \/>\n<span class=\"testi-user\">Anthony<\/span><\/p>\n<\/div>\n<div class=\"col-lg-12 test-box pull-left\">\n<p>Condado Municipal del Condado de Camden. El abogado Robert E. DePersia II, que utiliza St. v. Gray, consolida dos delitos de drogas no relacionados en un programa de desviaci\u00f3n. El acusado ha sido aceptado en el programa y si tiene \u00e9xito, evitar\u00e1 una condena Criminal y todas las sanciones que lo acompa\u00f1an.<\/p>\n<\/div>\n<div class=\"col-lg-11 pull-right\">\n<p>\"No entend\u00ed qu\u00e9 tan grave era la situaci\u00f3n en la que me encontraba. Inicialmente, no entend\u00ed la estrategia que sugiri\u00f3 el Sr. DePersia. A medida que se desarrollaba el caso, \u00a1la estrategia legal del Sr. DePersia estaba en lo correcto! Mantendr\u00e9 mi trabajo, mi licencia y no tendr\u00e9 un registro. En serio, el mejor abogado de todos\u201d.<br \/>\n<span class=\"testi-user\">Kevin<\/span><\/p>\n<\/div>\n<div class=\"col-lg-12 test-box pull-left\">\n<p>-Tribunal Municipal del Condado de Atl\u00e1ntico. El abogado Robert E. DePersia, II derrota con \u00e9xito el cargo de denegaci\u00f3n, que plantean problemas de barreras del idioma y el acusado hace intentos leg\u00edtimos de suministrar muestras.<\/p>\n<\/div>\n<div class=\"col-lg-12 test-box pull-left\">\n<p>-Condado Municipal del Condado de Camden. El abogado Robert E. DePersia, II consolid\u00f3 con \u00e9xito varios delitos de DWI de municipios adyacentes en un solo delito, permitiendo que el acusado evite ser sentenciado como un delincuente m\u00faltiple.<\/p>\n<\/div>\n<\/div>\n<\/div>\n<\/section>\n<section class=\"cta-section cta-section2\">\n<div class=\"midd_main\">\n<h3>\u00a1P\u00f3ngase en contacto con nosotros hoy!<\/h3>\n<p><a href=\"\/es\/contact\/\">HAGA CLIC AQU\u00cd<\/a><\/p>\n<\/div>\n<\/section>","protected":false},"excerpt":{"rendered":"<p>Recent Case Successes and Results The law Office of Robert E. DePersia, II, continues its long standing tradition of quality service and incredible results. Throughout South Jersey at both the Superior Court and Municipal Court levels, attorney Robert E. DePersia, II, is obtaining the best and most successful results for his clients. In recent appearances: &hellip; <a href=\"https:\/\/depersialaw.com\/es\/case-results\/\" class=\"more-link\">Continue reading <span class=\"screen-reader-text\">CASO DE \u00c9XITO Y RESULTADOS<\/span> <span class=\"meta-nav\">&rarr;<\/span><\/a><\/p>","protected":false},"author":1,"featured_media":102,"parent":0,"menu_order":0,"comment_status":"closed","ping_status":"closed","template":"page-templates\/full-width.php","meta":[],"acf":[],"yoast_head":"<!-- This site is optimized with the Yoast SEO plugin v20.12 - https:\/\/yoast.com\/wordpress\/plugins\/seo\/ -->\n<title>Case Successes and Results - Robert E. Depersia law<\/title>\n<meta name=\"description\" content=\"Throughout South Jersey at both the Superior Court and Municipal Court levels, attorney Robert E. DePersia, II, is obtaining the best results for his clients.\" \/>\n<meta name=\"robots\" content=\"index, follow, max-snippet:-1, max-image-preview:large, max-video-preview:-1\" \/>\n<link rel=\"canonical\" href=\"https:\/\/depersialaw.com\/es\/case-results\/\" \/>\n<meta property=\"og:locale\" content=\"es_MX\" \/>\n<meta property=\"og:type\" content=\"article\" \/>\n<meta property=\"og:title\" content=\"Case Successes and Results - Robert E. Depersia law\" \/>\n<meta property=\"og:description\" content=\"Throughout South Jersey at both the Superior Court and Municipal Court levels, attorney Robert E. DePersia, II, is obtaining the best results for his clients.\" \/>\n<meta property=\"og:url\" content=\"https:\/\/depersialaw.com\/es\/case-results\/\" \/>\n<meta property=\"og:site_name\" content=\"Robert E. Depersia law\" \/>\n<meta property=\"article:modified_time\" content=\"2019-08-17T09:01:26+00:00\" \/>\n<meta property=\"og:image\" content=\"https:\/\/depersialaw.com\/wp-content\/uploads\/2015\/06\/sub-banner1.jpg\" \/>\n\t<meta property=\"og:image:width\" content=\"2200\" \/>\n\t<meta property=\"og:image:height\" content=\"460\" \/>\n\t<meta property=\"og:image:type\" content=\"image\/jpeg\" \/>\n<meta name=\"twitter:card\" content=\"summary_large_image\" \/>\n<meta name=\"twitter:label1\" content=\"Est. reading time\" \/>\n\t<meta name=\"twitter:data1\" content=\"3 minutes\" \/>\n<script type=\"application\/ld+json\" class=\"yoast-schema-graph\">{\"@context\":\"https:\/\/schema.org\",\"@graph\":[{\"@type\":\"WebPage\",\"@id\":\"https:\/\/depersialaw.com\/es\/case-results\/\",\"url\":\"https:\/\/depersialaw.com\/es\/case-results\/\",\"name\":\"Case Successes and Results - Robert E. Depersia law\",\"isPartOf\":{\"@id\":\"https:\/\/depersialaw.com\/es\/#website\"},\"datePublished\":\"2015-06-26T05:43:20+00:00\",\"dateModified\":\"2019-08-17T09:01:26+00:00\",\"description\":\"Throughout South Jersey at both the Superior Court and Municipal Court levels, attorney Robert E. DePersia, II, is obtaining the best results for his clients.\",\"breadcrumb\":{\"@id\":\"https:\/\/depersialaw.com\/es\/case-results\/#breadcrumb\"},\"inLanguage\":\"es-MX\",\"potentialAction\":[{\"@type\":\"ReadAction\",\"target\":[\"https:\/\/depersialaw.com\/es\/case-results\/\"]}]},{\"@type\":\"BreadcrumbList\",\"@id\":\"https:\/\/depersialaw.com\/es\/case-results\/#breadcrumb\",\"itemListElement\":[{\"@type\":\"ListItem\",\"position\":1,\"name\":\"Home\",\"item\":\"https:\/\/depersialaw.com\/\"},{\"@type\":\"ListItem\",\"position\":2,\"name\":\"Case Successes and Results\"}]},{\"@type\":\"WebSite\",\"@id\":\"https:\/\/depersialaw.com\/es\/#website\",\"url\":\"https:\/\/depersialaw.com\/es\/\",\"name\":\"Robert E. Depersia law\",\"description\":\"\",\"potentialAction\":[{\"@type\":\"SearchAction\",\"target\":{\"@type\":\"EntryPoint\",\"urlTemplate\":\"https:\/\/depersialaw.com\/es\/?s={search_term_string}\"},\"query-input\":\"required name=search_term_string\"}],\"inLanguage\":\"es-MX\"}]}<\/script>\n<!-- \/ Yoast SEO plugin. -->","yoast_head_json":{"title":"Case Successes and Results - Robert E. Depersia law","description":"Throughout South Jersey at both the Superior Court and Municipal Court levels, attorney Robert E. DePersia, II, is obtaining the best results for his clients.","robots":{"index":"index","follow":"follow","max-snippet":"max-snippet:-1","max-image-preview":"max-image-preview:large","max-video-preview":"max-video-preview:-1"},"canonical":"https:\/\/depersialaw.com\/es\/case-results\/","og_locale":"es_MX","og_type":"article","og_title":"Case Successes and Results - Robert E. Depersia law","og_description":"Throughout South Jersey at both the Superior Court and Municipal Court levels, attorney Robert E. DePersia, II, is obtaining the best results for his clients.","og_url":"https:\/\/depersialaw.com\/es\/case-results\/","og_site_name":"Robert E. Depersia law","article_modified_time":"2019-08-17T09:01:26+00:00","og_image":[{"width":2200,"height":460,"url":"https:\/\/depersialaw.com\/wp-content\/uploads\/2015\/06\/sub-banner1.jpg","type":"image\/jpeg"}],"twitter_card":"summary_large_image","twitter_misc":{"Est. reading time":"3 minutes"},"schema":{"@context":"https:\/\/schema.org","@graph":[{"@type":"WebPage","@id":"https:\/\/depersialaw.com\/es\/case-results\/","url":"https:\/\/depersialaw.com\/es\/case-results\/","name":"Case Successes and Results - Robert E. Depersia law","isPartOf":{"@id":"https:\/\/depersialaw.com\/es\/#website"},"datePublished":"2015-06-26T05:43:20+00:00","dateModified":"2019-08-17T09:01:26+00:00","description":"Throughout South Jersey at both the Superior Court and Municipal Court levels, attorney Robert E. DePersia, II, is obtaining the best results for his clients.","breadcrumb":{"@id":"https:\/\/depersialaw.com\/es\/case-results\/#breadcrumb"},"inLanguage":"es-MX","potentialAction":[{"@type":"ReadAction","target":["https:\/\/depersialaw.com\/es\/case-results\/"]}]},{"@type":"BreadcrumbList","@id":"https:\/\/depersialaw.com\/es\/case-results\/#breadcrumb","itemListElement":[{"@type":"ListItem","position":1,"name":"Home","item":"https:\/\/depersialaw.com\/"},{"@type":"ListItem","position":2,"name":"Case Successes and Results"}]},{"@type":"WebSite","@id":"https:\/\/depersialaw.com\/es\/#website","url":"https:\/\/depersialaw.com\/es\/","name":"Robert E. Depersia law","description":"","potentialAction":[{"@type":"SearchAction","target":{"@type":"EntryPoint","urlTemplate":"https:\/\/depersialaw.com\/es\/?s={search_term_string}"},"query-input":"required name=search_term_string"}],"inLanguage":"es-MX"}]}},"_links":{"self":[{"href":"https:\/\/depersialaw.com\/es\/wp-json\/wp\/v2\/pages\/49"}],"collection":[{"href":"https:\/\/depersialaw.com\/es\/wp-json\/wp\/v2\/pages"}],"about":[{"href":"https:\/\/depersialaw.com\/es\/wp-json\/wp\/v2\/types\/page"}],"author":[{"embeddable":true,"href":"https:\/\/depersialaw.com\/es\/wp-json\/wp\/v2\/users\/1"}],"replies":[{"embeddable":true,"href":"https:\/\/depersialaw.com\/es\/wp-json\/wp\/v2\/comments?post=49"}],"version-history":[{"count":0,"href":"https:\/\/depersialaw.com\/es\/wp-json\/wp\/v2\/pages\/49\/revisions"}],"wp:featuredmedia":[{"embeddable":true,"href":"https:\/\/depersialaw.com\/es\/wp-json\/wp\/v2\/media\/102"}],"wp:attachment":[{"href":"https:\/\/depersialaw.com\/es\/wp-json\/wp\/v2\/media?parent=49"}],"curies":[{"name":"wp","href":"https:\/\/api.w.org\/{rel}","templated":true}]}}