{"id":194,"date":"2015-07-03T13:35:19","date_gmt":"2015-07-03T13:35:19","guid":{"rendered":"http:\/\/piyush\/depersialaw\/site\/?page_id=194"},"modified":"2023-08-08T14:35:59","modified_gmt":"2023-08-08T18:35:59","slug":"the-dui-process","status":"publish","type":"page","link":"https:\/\/depersialaw.com\/es\/the-dui-process\/","title":{"rendered":"PROCESO DE DUI"},"content":{"rendered":"<section class=\"section-white\">\n<div class=\"midd_main\">\n<div class=\"section-title text-center\">\n<h2 style=\"font-size: 32px; color: #000; text-transform: uppercase;\">PROCESO DE DUI<\/h2>\n<\/div>\n<div class=\"row\">\n<div class=\"col-lg-7 col-md-6 col-xs-12 pull-left\">\n<p>Usted acaba de ser arrestado por <a href=\"\/es\/dwi\/\">DWI<\/a>Est\u00e1 avergonzado, asustado e inseguro de lo que le depara su futuro inmediato. Muchas cosas pasar\u00e1n muy r\u00e1pido. Primero, debe seleccionar un abogado de defensa de DWI con experiencia y conocimientos para que lo ayude en estos momentos tan dif\u00edciles. Es muy reconfortante contar con un abogado a su lado que <a href=\"\/es\/dwi-faq\/\">responder\u00e1 todas sus preguntas<\/a>, brindar\u00e1 un asesoramiento legal s\u00f3lido y asegurar\u00e1 que sus derechos est\u00e9n protegidos.<br \/>\n<a class=\"mybutton\" href=\"\/es\/contact\/\">Get A Free Consultation<\/a><\/p>\n<h2>ACUSACI\u00d3N DUI<\/h2>\n<p>Este procedimiento normalmente ocurre en la pr\u00f3xima sesi\u00f3n de la corte disponible despu\u00e9s de la fecha de su arresto. Se le exige que comparezca ante el tribunal donde se le informa de los cargos y las posibles sanciones en caso de que lo condenen. Por lo general, su abogado puede renunciar a esta audiencia de acusaci\u00f3n por DUI o como alternativa, acelerar su tiempo en el Tribunal para este procedimiento.<\/p>\n<\/div>\n<div class=\"col-lg-5 col-md-6 col-xs-12 pull-right text-center\"><img decoding=\"async\" loading=\"lazy\" class=\"alignnone size-full wp-image-332\" src=\"https:\/\/depersialaw.com\/wp-content\/uploads\/2015\/07\/DUI-Process.jpg\" alt=\"DUI Process\" width=\"600\" height=\"388\" srcset=\"https:\/\/depersialaw.com\/wp-content\/uploads\/2015\/07\/DUI-Process.jpg 600w, https:\/\/depersialaw.com\/wp-content\/uploads\/2015\/07\/DUI-Process-300x194.jpg 300w\" sizes=\"(max-width: 600px) 100vw, 600px\" \/><\/div>\n<\/div>\n<\/div>\n<\/section>\n<section id=\"one-parallax\" class=\"parallax gas_dete section-transparentbg\" style=\"background-image: url('https:\/\/depersialaw.com\/wp-content\/themes\/tf_child\/images\/bg\/bg2.jpg');\" data-stellar-background-ratio=\"0.6\" data-stellar-vertical-offset=\"20\">\n<div class=\"midd_main\">\n<div class=\"row\">\n<div class=\"col-lg-7 col-md-6 col-xs-12 pull-right\">\n<h4>CONFERENCIA DE ESTATUS PRE JUICIO<\/h4>\n<p>Estas conferencias se proporcionan para permitir que ambas partes tengan la oportunidad de tener discusiones iniciales sobre el caso y recopilar toda la informaci\u00f3n sobre su caso. Normalmente, a menos que se presente una oferta muy favorable, el caso se pospondr\u00e1 para determinar sus mejores defensas y su posible necesidad de testigos expertos.<\/p>\n<h4>AUDIENCIA DE SUPRESI\u00d3N<\/h4>\n<p>En muchos casos, su abogado puede recibir documentos e informaci\u00f3n (descubrimiento) del fiscal que revele que sus derechos constitucionales pueden haber sido violados. En ese caso, su abogado presentar\u00e1 la moci\u00f3n previa al juicio correspondiente para discutir esos asuntos.<\/p>\n<\/div>\n<div class=\"col-lg-5 col-md-6 col-xs-12 text-center pull-left\"><img decoding=\"async\" class=\"thumbnail\" src=\"https:\/\/depersialaw.com\/wp-content\/themes\/tf_child\/images\/thumb\/arrested-for-dwi.jpg\" alt=\"Arrested for DWI\" \/><\/div>\n<\/div>\n<\/div>\n<\/section>\n<section class=\"section-white\">\n<div class=\"midd_main\">\n<div class=\"row\">\n<div class=\"col-lg-7 col-md-6 col-xs-12 pull-left\">\n<h2>JUICIOS DUI<\/h2>\n<p>Actualmente, todos los juicios de DUI \/ DWI son escuchados por los jueces de los tribunales municipales. A diferencia de muchos otros estados, Nueva Jersey no permite juicios con jurado en casos de DWI. Existe una directiva administrativa para que los casos de DWI se completen dentro de los sesenta (60) d\u00edas de la fecha de arresto. Si se presentan problemas, esto puede y generalmente extiende el caso m\u00e1s all\u00e1 de sesenta (60) d\u00edas.<\/p>\n<h4>TRIBUNAL DE SENTENCIA PARA DUI<\/h4>\n<p>El tribunal impone una sentencia inmediatamente despu\u00e9s de que se declara una declaraci\u00f3n de culpabilidad o se declara culpable en un juicio. A diferencia de los asuntos criminales del Tribunal Superior, usted no regresa en una fecha posterior para ser sentenciado. Es sentencia simult\u00e1nea. Dependiendo de su historial anterior y de su patr\u00f3n de hechos, la exposici\u00f3n a la sentencia incluir\u00e1 la p\u00e9rdida de la licencia de conducir, los recargos estatales, las multas, las evaluaciones, las clases de alcohol, el servicio comunitario, la instalaci\u00f3n del dispositivo de bloqueo y el tiempo en la c\u00e1rcel.<\/p>\n<h4>PRESENTANDO UNA APELACI\u00d3N DE DUI<\/h4>\n<p>En Nueva Jersey, si usted no est\u00e1 satisfecho con la decisi\u00f3n del juez, tiene veinte d\u00edas para presentar una apelaci\u00f3n en la Divisi\u00f3n de Leyes del Tribunal Superior en el condado donde se origin\u00f3 la condena del Tribunal Municipal.<\/p>\n<\/div>\n<div class=\"col-lg-5 col-md-6 col-xs-12 pull-right text-center\"><img decoding=\"async\" class=\"thumbnail\" src=\"https:\/\/depersialaw.com\/wp-content\/themes\/tf_child\/images\/thumb\/dwi-defense-attorney.jpg\" alt=\"DWI Defense Attorney\" \/><\/div>\n<\/div>\n<\/div>\n<\/section>\n<section class=\"cta-section cta-section2\">\n<div class=\"midd_main\">\n<h3>\u00a1Discuta su defensa DUI con Robert E. Depersia II, hoy!<\/h3>\n<p><a href=\"\/es\/contact\/\">HAGA CLIC AQU\u00cd<\/a><\/p>\n<\/div>\n<\/section>","protected":false},"excerpt":{"rendered":"<p>DUI PROCESS You have just been arrested for DWI. You are embarrassed, frightened, and unsure what your immediate future holds. Many things will happen very quickly. First, you need to select an experienced and knowledgeable DWI defense attorney to assist you through these very difficult times. It is very comforting to have an attorney on &hellip; <a href=\"https:\/\/depersialaw.com\/es\/the-dui-process\/\" class=\"more-link\">Continue reading <span class=\"screen-reader-text\">PROCESO DE DUI<\/span> <span class=\"meta-nav\">&rarr;<\/span><\/a><\/p>","protected":false},"author":1,"featured_media":102,"parent":0,"menu_order":0,"comment_status":"closed","ping_status":"closed","template":"page-templates\/full-width.php","meta":[],"acf":[],"yoast_head":"<!-- This site is optimized with the Yoast SEO plugin v20.12 - https:\/\/yoast.com\/wordpress\/plugins\/seo\/ -->\n<title>Dui Process - Robert E. Depersia lawDUI Process | DUI Lawyer Near Cherry Hill | DUI South Jersey<\/title>\n<meta name=\"description\" content=\"DUI &amp; DWUI Robert DePersia, an experienced and knowledgeable DWI defense attorney, to assist you through the DWI Process.\" \/>\n<meta name=\"robots\" content=\"index, follow, max-snippet:-1, max-image-preview:large, max-video-preview:-1\" \/>\n<link rel=\"canonical\" href=\"https:\/\/depersialaw.com\/es\/the-dui-process\/\" \/>\n<meta property=\"og:locale\" content=\"es_MX\" \/>\n<meta property=\"og:type\" content=\"article\" \/>\n<meta property=\"og:title\" content=\"Dui Process - Robert E. Depersia lawDUI Process | DUI Lawyer Near Cherry Hill | DUI South Jersey\" \/>\n<meta property=\"og:description\" content=\"DUI &amp; DWUI Robert DePersia, an experienced and knowledgeable DWI defense attorney, to assist you through the DWI Process.\" \/>\n<meta property=\"og:url\" content=\"https:\/\/depersialaw.com\/es\/the-dui-process\/\" \/>\n<meta property=\"og:site_name\" content=\"Robert E. Depersia law\" \/>\n<meta property=\"article:modified_time\" content=\"2023-08-08T18:35:59+00:00\" \/>\n<meta property=\"og:image\" content=\"http:\/\/depersialaw.com\/wp-content\/uploads\/2015\/06\/sub-banner1.jpg\" \/>\n\t<meta property=\"og:image:width\" content=\"2200\" \/>\n\t<meta property=\"og:image:height\" content=\"460\" \/>\n\t<meta property=\"og:image:type\" content=\"image\/jpeg\" \/>\n<meta name=\"twitter:card\" content=\"summary_large_image\" \/>\n<meta name=\"twitter:label1\" content=\"Est. reading time\" \/>\n\t<meta name=\"twitter:data1\" content=\"3 minutes\" \/>\n<script type=\"application\/ld+json\" class=\"yoast-schema-graph\">{\"@context\":\"https:\/\/schema.org\",\"@graph\":[{\"@type\":\"WebPage\",\"@id\":\"https:\/\/depersialaw.com\/the-dui-process\/\",\"url\":\"https:\/\/depersialaw.com\/the-dui-process\/\",\"name\":\"Dui Process - Robert E. Depersia lawDUI Process | DUI Lawyer Near Cherry Hill | DUI South Jersey\",\"isPartOf\":{\"@id\":\"https:\/\/depersialaw.com\/es\/#website\"},\"datePublished\":\"2015-07-03T13:35:19+00:00\",\"dateModified\":\"2023-08-08T18:35:59+00:00\",\"description\":\"DUI & DWUI Robert DePersia, an experienced and knowledgeable DWI defense attorney, to assist you through the DWI Process.\",\"breadcrumb\":{\"@id\":\"https:\/\/depersialaw.com\/the-dui-process\/#breadcrumb\"},\"inLanguage\":\"es-MX\",\"potentialAction\":[{\"@type\":\"ReadAction\",\"target\":[\"https:\/\/depersialaw.com\/the-dui-process\/\"]}]},{\"@type\":\"BreadcrumbList\",\"@id\":\"https:\/\/depersialaw.com\/the-dui-process\/#breadcrumb\",\"itemListElement\":[{\"@type\":\"ListItem\",\"position\":1,\"name\":\"Home\",\"item\":\"https:\/\/depersialaw.com\/\"},{\"@type\":\"ListItem\",\"position\":2,\"name\":\"Dui Process\"}]},{\"@type\":\"WebSite\",\"@id\":\"https:\/\/depersialaw.com\/es\/#website\",\"url\":\"https:\/\/depersialaw.com\/es\/\",\"name\":\"Robert E. Depersia law\",\"description\":\"\",\"potentialAction\":[{\"@type\":\"SearchAction\",\"target\":{\"@type\":\"EntryPoint\",\"urlTemplate\":\"https:\/\/depersialaw.com\/es\/?s={search_term_string}\"},\"query-input\":\"required name=search_term_string\"}],\"inLanguage\":\"es-MX\"}]}<\/script>\n<!-- \/ Yoast SEO plugin. -->","yoast_head_json":{"title":"Dui Process - Robert E. Depersia lawDUI Process | DUI Lawyer Near Cherry Hill | DUI South Jersey","description":"DUI & DWUI Robert DePersia, an experienced and knowledgeable DWI defense attorney, to assist you through the DWI Process.","robots":{"index":"index","follow":"follow","max-snippet":"max-snippet:-1","max-image-preview":"max-image-preview:large","max-video-preview":"max-video-preview:-1"},"canonical":"https:\/\/depersialaw.com\/es\/the-dui-process\/","og_locale":"es_MX","og_type":"article","og_title":"Dui Process - Robert E. Depersia lawDUI Process | DUI Lawyer Near Cherry Hill | DUI South Jersey","og_description":"DUI & DWUI Robert DePersia, an experienced and knowledgeable DWI defense attorney, to assist you through the DWI Process.","og_url":"https:\/\/depersialaw.com\/es\/the-dui-process\/","og_site_name":"Robert E. Depersia law","article_modified_time":"2023-08-08T18:35:59+00:00","og_image":[{"width":2200,"height":460,"url":"http:\/\/depersialaw.com\/wp-content\/uploads\/2015\/06\/sub-banner1.jpg","type":"image\/jpeg"}],"twitter_card":"summary_large_image","twitter_misc":{"Est. reading time":"3 minutes"},"schema":{"@context":"https:\/\/schema.org","@graph":[{"@type":"WebPage","@id":"https:\/\/depersialaw.com\/the-dui-process\/","url":"https:\/\/depersialaw.com\/the-dui-process\/","name":"Dui Process - Robert E. Depersia lawDUI Process | DUI Lawyer Near Cherry Hill | DUI South Jersey","isPartOf":{"@id":"https:\/\/depersialaw.com\/es\/#website"},"datePublished":"2015-07-03T13:35:19+00:00","dateModified":"2023-08-08T18:35:59+00:00","description":"DUI & DWUI Robert DePersia, an experienced and knowledgeable DWI defense attorney, to assist you through the DWI Process.","breadcrumb":{"@id":"https:\/\/depersialaw.com\/the-dui-process\/#breadcrumb"},"inLanguage":"es-MX","potentialAction":[{"@type":"ReadAction","target":["https:\/\/depersialaw.com\/the-dui-process\/"]}]},{"@type":"BreadcrumbList","@id":"https:\/\/depersialaw.com\/the-dui-process\/#breadcrumb","itemListElement":[{"@type":"ListItem","position":1,"name":"Home","item":"https:\/\/depersialaw.com\/"},{"@type":"ListItem","position":2,"name":"Dui Process"}]},{"@type":"WebSite","@id":"https:\/\/depersialaw.com\/es\/#website","url":"https:\/\/depersialaw.com\/es\/","name":"Robert E. Depersia law","description":"","potentialAction":[{"@type":"SearchAction","target":{"@type":"EntryPoint","urlTemplate":"https:\/\/depersialaw.com\/es\/?s={search_term_string}"},"query-input":"required name=search_term_string"}],"inLanguage":"es-MX"}]}},"_links":{"self":[{"href":"https:\/\/depersialaw.com\/es\/wp-json\/wp\/v2\/pages\/194"}],"collection":[{"href":"https:\/\/depersialaw.com\/es\/wp-json\/wp\/v2\/pages"}],"about":[{"href":"https:\/\/depersialaw.com\/es\/wp-json\/wp\/v2\/types\/page"}],"author":[{"embeddable":true,"href":"https:\/\/depersialaw.com\/es\/wp-json\/wp\/v2\/users\/1"}],"replies":[{"embeddable":true,"href":"https:\/\/depersialaw.com\/es\/wp-json\/wp\/v2\/comments?post=194"}],"version-history":[{"count":2,"href":"https:\/\/depersialaw.com\/es\/wp-json\/wp\/v2\/pages\/194\/revisions"}],"predecessor-version":[{"id":1542,"href":"https:\/\/depersialaw.com\/es\/wp-json\/wp\/v2\/pages\/194\/revisions\/1542"}],"wp:featuredmedia":[{"embeddable":true,"href":"https:\/\/depersialaw.com\/es\/wp-json\/wp\/v2\/media\/102"}],"wp:attachment":[{"href":"https:\/\/depersialaw.com\/es\/wp-json\/wp\/v2\/media?parent=194"}],"curies":[{"name":"wp","href":"https:\/\/api.w.org\/{rel}","templated":true}]}}