{"id":192,"date":"2015-07-03T13:31:13","date_gmt":"2015-07-03T13:31:13","guid":{"rendered":"http:\/\/piyush\/depersialaw\/site\/?page_id=192"},"modified":"2023-08-09T06:04:12","modified_gmt":"2023-08-09T10:04:12","slug":"reviews","status":"publish","type":"page","link":"https:\/\/depersialaw.com\/es\/reviews\/","title":{"rendered":"Reviews"},"content":{"rendered":"<section class=\"section-white\">\n<div class=\"midd_main\">\n<div class=\"section-title text-center\">\n<h2 style=\"font-size: 32px; color: #000; text-transform: uppercase;\">Customer Reviews<\/h2>\n<\/div>\n<div class=\"row\">\n<div class=\"col-lg-12 test-box2 pull-left\">\n<h5>Estimado Sr. DePersia,<\/h5>\n<p>Quer\u00eda agradecerle nuevamente por todo lo que has hecho por m\u00ed. Ciertamente, hizo todo lo posible para asegurarse de que todo siguiera como estaba previsto. Lo m\u00e1s importante es que usted y su oficina tranquilizaron a mi madre antes y despu\u00e9s del juicio. Realmente usted es un hombre maravilloso y muchas gracias de nuevo.<br \/>\n<span class=\"test-aut\">Sinceramente,<br \/>\nMichael<\/span><\/p>\n<\/div>\n<div class=\"col-lg-12 test-box2 pull-left\">\n<h5>Hola se\u00f1or DePersia,<\/h5>\n<p>Solo quer\u00eda tomar un momento para agradecerle su ayuda con el caso de mi hija. \u00a1No puedo creer la suerte que tuvimos de conseguirlo! \u00a1Estoy eternamente agradecida!<br \/>\n<span class=\"test-aut\">Sinceramente,<br \/>\nLaurie <\/span><\/p>\n<\/div>\n<div class=\"col-lg-12 test-box2 pull-left\">\n<h5>Robert,<\/h5>\n<p>\u00a1T\u00fa eres el hombre! \u00a1Su personal es impresionante! Gracias por todo lo que has hecho. Estoy muy satisfecho.<br \/>\n<span class=\"test-aut\">Verdaderamente,<br \/>\nJanet <\/span><\/p>\n<\/div>\n<div class=\"col-lg-12 test-box2 pull-left\">\n<h5>Estimado Robert,<\/h5>\n<p>Quer\u00eda escribirle para informarle que estoy muy agradecido por todo lo que hizo por m\u00ed en el tribunal. Estoy muy feliz con el resultado de que me defiendas. Lamento que tuve a mi madre llamado tantas veces. Pero gracias por todo lo que has hecho.<br \/>\n<span class=\"test-aut\">Your client,<br \/>\nJohn<\/span><\/p>\n<\/div>\n<div class=\"col-lg-12 test-box2 pull-left\">\n<h5>Estimado Sr. DePersia,<\/h5>\n<p>Quer\u00eda tomarme un momento para agradecerle personalmente por su trabajo en nombre de mi hijo, Dylan. Ten\u00eda tanto miedo de que su moment\u00e1nea falta de juicio realmente arruinara su brillante futuro. Gracias a usted, todav\u00eda puede tener ese futuro.<br \/>\n<span class=\"test-aut\">Sinceramente,<br \/>\nAlice<\/span><\/p>\n<\/div>\n<div class=\"col-lg-12 test-box2 pull-left\">\n<p>Quer\u00eda agradecerle personalmente y decirte lo mucho que yo (y Kyle) apreciamos su ayuda en los \u00faltimos meses. \u00a1Estoy realmente agradecida y contratarlo fue lo m\u00e1s inteligente que \u00e9l ha hecho en mucho tiempo! \u00a1Lo estoy haciendo volver a casa en agosto cuando finalice su contrato de arrendamiento y voy a presionar el bot\u00f3n \"reiniciar\" y comenzar de nuevo!\nGracias de nuevo por brindar un servicio y una ayuda excelentes.<br \/>\nThank you again for providing such terrific service and help.<br \/>\n<span class=\"test-aut\">Debbie<\/span><\/p>\n<\/div>\n<div class=\"col-lg-12 test-box2 pull-left\">\n<h5>Estimado Sr. DePersia,<\/h5>\n<p>Muchas gracias por el tiempo y el esfuerzo que han invertido para ayudarme con mi caso judicial en Camden. Aprend\u00ed una valiosa lecci\u00f3n. Aprecio todo lo que hiciste.<br \/>\n<span class=\"test-aut\">Sinceramente,<br \/>\nAnna<\/span><\/p>\n<\/div>\n<div class=\"col-lg-12 test-box2 pull-left\">\n<h5>Estimado Sr. DePersia,<\/h5>\n<p>Quer\u00eda tomarme un momento para agradecerle por toda la ayuda que me brind\u00f3 en la corte el jueves. Desde los servicios legales hasta los consejos emocionales y el apoyo moral, su amabilidad me permiti\u00f3 superar uno de los d\u00edas m\u00e1s dif\u00edciles de mi vida y siempre estar\u00e9 agradecida por ello.<br \/>\nMis mejores deseos para usted y su familia.<br \/>\n<span class=\"test-aut\">Sinceramente,<br \/>\nSamantha<\/span><\/p>\n<\/div>\n<div class=\"col-lg-12 test-box2 pull-left\">\n<p>Realmente aprecio que hayas podido retirar los cargos por m\u00ed. Si alguna vez vuelvo a necesitar un abogado, espero que no, pero usted es el primero al que llamar\u00e9. Adem\u00e1s, si alguien que conozco necesita un buen abogado, definitivamente lo recomendar\u00e9.<br \/>\n<span class=\"test-aut\">Gracias de nuevo,<br \/>\nKelly<\/span><\/p>\n<\/div>\n<div class=\"col-lg-12 test-box2 pull-left\">\n<h5>Hola Robert<\/h5>\n<p>Quer\u00eda agradecerte por haber borrado mi registro. Ahora puedo avanzar con una carrera en el campo m\u00e9dico sin tener que preocuparme por un error pasado que se interponga en mi camino.<br \/>\nSinceramente aprecio que tomaras mi caso y lo resolvieras tan r\u00e1pido. Tambi\u00e9n, por favor agradezca a su secretaria por todo el trabajo de su parte. Cu\u00eddate.<br \/>\n<span class=\"test-aut\">Los mejores deseos,<br \/>\nSandy<\/span><\/p>\n<\/div>\n<\/div>\n<\/div>\n<\/section>\n<section class=\"cta-section cta-section2\">\n<div class=\"midd_main\">\n<h3>\u00a1P\u00f3ngase en contacto con nosotros hoy!<\/h3>\n<p><a href=\"\/es\/contact\/\">HAGA CLIC AQU\u00cd<\/a><\/p>\n<\/div>\n<\/section>","protected":false},"excerpt":{"rendered":"<p>Customer Reviews Dear Mr. DePersia, I wanted to thank you again for everything you have done for me. You certainly went out of your way to make sure everything kept going as planned. Most importantly, you and your office reassured my mother before and after the trial. You are truly a wonderful man and thank &hellip; <a href=\"https:\/\/depersialaw.com\/es\/reviews\/\" class=\"more-link\">Continue reading <span class=\"screen-reader-text\">Reviews<\/span> <span class=\"meta-nav\">&rarr;<\/span><\/a><\/p>","protected":false},"author":1,"featured_media":102,"parent":0,"menu_order":0,"comment_status":"closed","ping_status":"closed","template":"page-templates\/full-width.php","meta":[],"acf":[],"yoast_head":"<!-- This site is optimized with the Yoast SEO plugin v20.12 - https:\/\/yoast.com\/wordpress\/plugins\/seo\/ -->\n<title>Reviews - Law Office of Robert E. Depersia II<\/title>\n<meta name=\"description\" content=\"Read reviews of what previous clients have to say about the Law Office of Robert E. DePersia II who handles DUI, DWI, CDS, and criminal cases in NJ.\" \/>\n<meta name=\"robots\" content=\"index, follow, max-snippet:-1, max-image-preview:large, max-video-preview:-1\" \/>\n<link rel=\"canonical\" href=\"https:\/\/depersialaw.com\/es\/reviews\/\" \/>\n<meta property=\"og:locale\" content=\"es_MX\" \/>\n<meta property=\"og:type\" content=\"article\" \/>\n<meta property=\"og:title\" content=\"Reviews - Law Office of Robert E. Depersia II\" \/>\n<meta property=\"og:description\" content=\"Read reviews of what previous clients have to say about the Law Office of Robert E. DePersia II who handles DUI, DWI, CDS, and criminal cases in NJ.\" \/>\n<meta property=\"og:url\" content=\"https:\/\/depersialaw.com\/es\/reviews\/\" \/>\n<meta property=\"og:site_name\" content=\"Robert E. Depersia law\" \/>\n<meta property=\"article:modified_time\" content=\"2023-08-09T10:04:12+00:00\" \/>\n<meta property=\"og:image\" content=\"http:\/\/depersialaw.com\/wp-content\/uploads\/2015\/06\/sub-banner1.jpg\" \/>\n\t<meta property=\"og:image:width\" content=\"2200\" \/>\n\t<meta property=\"og:image:height\" content=\"460\" \/>\n\t<meta property=\"og:image:type\" content=\"image\/jpeg\" \/>\n<meta name=\"twitter:card\" content=\"summary_large_image\" \/>\n<meta name=\"twitter:label1\" content=\"Est. reading time\" \/>\n\t<meta name=\"twitter:data1\" content=\"3 minutes\" \/>\n<script type=\"application\/ld+json\" class=\"yoast-schema-graph\">{\"@context\":\"https:\/\/schema.org\",\"@graph\":[{\"@type\":\"WebPage\",\"@id\":\"https:\/\/depersialaw.com\/reviews\/\",\"url\":\"https:\/\/depersialaw.com\/reviews\/\",\"name\":\"Reviews - Law Office of Robert E. Depersia II\",\"isPartOf\":{\"@id\":\"https:\/\/depersialaw.com\/es\/#website\"},\"datePublished\":\"2015-07-03T13:31:13+00:00\",\"dateModified\":\"2023-08-09T10:04:12+00:00\",\"description\":\"Read reviews of what previous clients have to say about the Law Office of Robert E. DePersia II who handles DUI, DWI, CDS, and criminal cases in NJ.\",\"breadcrumb\":{\"@id\":\"https:\/\/depersialaw.com\/reviews\/#breadcrumb\"},\"inLanguage\":\"es-MX\",\"potentialAction\":[{\"@type\":\"ReadAction\",\"target\":[\"https:\/\/depersialaw.com\/reviews\/\"]}]},{\"@type\":\"BreadcrumbList\",\"@id\":\"https:\/\/depersialaw.com\/reviews\/#breadcrumb\",\"itemListElement\":[{\"@type\":\"ListItem\",\"position\":1,\"name\":\"Home\",\"item\":\"https:\/\/depersialaw.com\/\"},{\"@type\":\"ListItem\",\"position\":2,\"name\":\"Reviews\"}]},{\"@type\":\"WebSite\",\"@id\":\"https:\/\/depersialaw.com\/es\/#website\",\"url\":\"https:\/\/depersialaw.com\/es\/\",\"name\":\"Robert E. Depersia law\",\"description\":\"\",\"potentialAction\":[{\"@type\":\"SearchAction\",\"target\":{\"@type\":\"EntryPoint\",\"urlTemplate\":\"https:\/\/depersialaw.com\/es\/?s={search_term_string}\"},\"query-input\":\"required name=search_term_string\"}],\"inLanguage\":\"es-MX\"}]}<\/script>\n<!-- \/ Yoast SEO plugin. -->","yoast_head_json":{"title":"Reviews - Law Office of Robert E. Depersia II","description":"Read reviews of what previous clients have to say about the Law Office of Robert E. DePersia II who handles DUI, DWI, CDS, and criminal cases in NJ.","robots":{"index":"index","follow":"follow","max-snippet":"max-snippet:-1","max-image-preview":"max-image-preview:large","max-video-preview":"max-video-preview:-1"},"canonical":"https:\/\/depersialaw.com\/es\/reviews\/","og_locale":"es_MX","og_type":"article","og_title":"Reviews - Law Office of Robert E. Depersia II","og_description":"Read reviews of what previous clients have to say about the Law Office of Robert E. DePersia II who handles DUI, DWI, CDS, and criminal cases in NJ.","og_url":"https:\/\/depersialaw.com\/es\/reviews\/","og_site_name":"Robert E. Depersia law","article_modified_time":"2023-08-09T10:04:12+00:00","og_image":[{"width":2200,"height":460,"url":"http:\/\/depersialaw.com\/wp-content\/uploads\/2015\/06\/sub-banner1.jpg","type":"image\/jpeg"}],"twitter_card":"summary_large_image","twitter_misc":{"Est. reading time":"3 minutes"},"schema":{"@context":"https:\/\/schema.org","@graph":[{"@type":"WebPage","@id":"https:\/\/depersialaw.com\/reviews\/","url":"https:\/\/depersialaw.com\/reviews\/","name":"Reviews - Law Office of Robert E. Depersia II","isPartOf":{"@id":"https:\/\/depersialaw.com\/es\/#website"},"datePublished":"2015-07-03T13:31:13+00:00","dateModified":"2023-08-09T10:04:12+00:00","description":"Read reviews of what previous clients have to say about the Law Office of Robert E. DePersia II who handles DUI, DWI, CDS, and criminal cases in NJ.","breadcrumb":{"@id":"https:\/\/depersialaw.com\/reviews\/#breadcrumb"},"inLanguage":"es-MX","potentialAction":[{"@type":"ReadAction","target":["https:\/\/depersialaw.com\/reviews\/"]}]},{"@type":"BreadcrumbList","@id":"https:\/\/depersialaw.com\/reviews\/#breadcrumb","itemListElement":[{"@type":"ListItem","position":1,"name":"Home","item":"https:\/\/depersialaw.com\/"},{"@type":"ListItem","position":2,"name":"Reviews"}]},{"@type":"WebSite","@id":"https:\/\/depersialaw.com\/es\/#website","url":"https:\/\/depersialaw.com\/es\/","name":"Robert E. Depersia law","description":"","potentialAction":[{"@type":"SearchAction","target":{"@type":"EntryPoint","urlTemplate":"https:\/\/depersialaw.com\/es\/?s={search_term_string}"},"query-input":"required name=search_term_string"}],"inLanguage":"es-MX"}]}},"_links":{"self":[{"href":"https:\/\/depersialaw.com\/es\/wp-json\/wp\/v2\/pages\/192"}],"collection":[{"href":"https:\/\/depersialaw.com\/es\/wp-json\/wp\/v2\/pages"}],"about":[{"href":"https:\/\/depersialaw.com\/es\/wp-json\/wp\/v2\/types\/page"}],"author":[{"embeddable":true,"href":"https:\/\/depersialaw.com\/es\/wp-json\/wp\/v2\/users\/1"}],"replies":[{"embeddable":true,"href":"https:\/\/depersialaw.com\/es\/wp-json\/wp\/v2\/comments?post=192"}],"version-history":[{"count":2,"href":"https:\/\/depersialaw.com\/es\/wp-json\/wp\/v2\/pages\/192\/revisions"}],"predecessor-version":[{"id":1575,"href":"https:\/\/depersialaw.com\/es\/wp-json\/wp\/v2\/pages\/192\/revisions\/1575"}],"wp:featuredmedia":[{"embeddable":true,"href":"https:\/\/depersialaw.com\/es\/wp-json\/wp\/v2\/media\/102"}],"wp:attachment":[{"href":"https:\/\/depersialaw.com\/es\/wp-json\/wp\/v2\/media?parent=192"}],"curies":[{"name":"wp","href":"https:\/\/api.w.org\/{rel}","templated":true}]}}