{"id":171,"date":"2015-07-03T12:39:58","date_gmt":"2015-07-03T12:39:58","guid":{"rendered":"http:\/\/piyush\/depersialaw\/site\/?page_id=171"},"modified":"2023-08-03T17:16:07","modified_gmt":"2023-08-03T21:16:07","slug":"possession-of-cds-in-new-jersey","status":"publish","type":"page","link":"https:\/\/depersialaw.com\/es\/possession-of-cds-in-new-jersey\/","title":{"rendered":"POSESI\u00d3N DE CDS EN NUEVA JERSEY"},"content":{"rendered":"<section class=\"section-white\">\n<div class=\"midd_main\">\n<div class=\"row\">\n<div class=\"col-lg-7 col-md-6 col-xs-12 pull-left\">\n<h2 style=\"font-size: 32px; color: #000; text-transform: uppercase;\">POSESI\u00d3N DE CDS EN NUEVA JERSEY<\/h2>\n<p>Todos los delitos relacionados con las drogas en Nueva Jersey conllevan duras penas por condena y como <a href=\"\/es\/disorderly-persons-offense\/\">ofensa al orden p\u00fablico<\/a>la posesi\u00f3n de CDS no es diferente. Si ha sido arrestado por poseer, por ejemplo, menos de 50 gramos de marihuana, enfrentar\u00e1 hasta 6 meses de prisi\u00f3n, $ 1000 en multas y <a href=\"https:\/\/depersialaw.com\/es\/expungements\/\">antecedentes criminales<\/a>. Debe buscar el consejo de un abogado de defensa criminal con conocimientos como Robert E. DePersia II, para explicar los cargos y los castigos que enfrenta.<br \/>\n<a href=\"\/es\/contact\/\" class=\"mybutton\">Get A Free Consultation<\/a><\/p>\n<\/div>\n<div class=\"col-lg-5 col-md-6 col-xs-12 pull-right text-center\"><img decoding=\"async\" loading=\"lazy\" class=\"alignnone wp-image-312 size-full\" src=\"https:\/\/depersialaw.com\/wp-content\/uploads\/2015\/07\/Possession-of-CDS.jpg\" alt=\"CDS in NJ\" width=\"900\" height=\"598\" srcset=\"https:\/\/depersialaw.com\/wp-content\/uploads\/2015\/07\/Possession-of-CDS.jpg 900w, https:\/\/depersialaw.com\/wp-content\/uploads\/2015\/07\/Possession-of-CDS-300x199.jpg 300w\" sizes=\"(max-width: 900px) 100vw, 900px\" \/><\/div>\n<\/div>\n<\/div>\n<\/section>\n<section id=\"one-parallax\" class=\"parallax gas_dete section-transparentbg\" style=\"background-image: url('https:\/\/depersialaw.com\/wp-content\/themes\/tf_child\/images\/bg\/bg11.jpg');\" data-stellar-background-ratio=\"0.6\" data-stellar-vertical-offset=\"20\">\n<div class=\"midd_main\">\n<div class=\"row\">\n<div class=\"col-lg-7 col-md-6 col-xs-12 pull-right\">\n<h2>Construyendo Un Caso De Defensa<\/h2>\n<p>Hay muchos elementos a considerar cuando construyes una defensa en su caso de posesi\u00f3n; \u00bfhay evidencia significativa, se recolect\u00f3 la evidencia correctamente, se violaron sus derechos constitucionales? Otros elementos para determinar el castigo por una condena incluyen; condenas anteriores, la cantidad de drogas incautadas, el tipo de drogas incautadas y la ubicaci\u00f3n de la incautaci\u00f3n (la posesi\u00f3n de CDS en propiedad escolar conlleva una sentencia aumentada).<\/p>\n<h2>Recibir Un Juicio Justo<\/h2>\n<p>Robert E. DePersia II ha manejado cientos de casos de CDS como el suyo. Ha tratado con personas involucradas en la posesi\u00f3n de casos de CDS, y conoce las trampas que el acusado encuentra. Por lo tanto, entiende lo que necesita para asegurarse de que reciba una representaci\u00f3n justa. Ya sea que se encuentre en el condado de Camden, el condado de Gloucester o el condado de Burlington, Robert E. DePersia II lo ayudar\u00e1 a proteger sus derechos. <a href=\"\/es\/contact\/\">Cont\u00e1ctenos<\/a> hoy para una consulta gratuita <a href=\"tel:856-795-9688\">(856) 795-9688<\/a>.<\/p>\n<\/div>\n<div class=\"col-lg-5 col-md-6 col-xs-12 text-center pull-left\"><img decoding=\"async\" class=\"thumbnail\" src=\"https:\/\/depersialaw.com\/wp-content\/themes\/tf_child\/images\/thumb\/criminal-record.jpg\" alt=\"Criminal Record\" \/><\/div>\n<\/div>\n<\/div>\n<\/section>\n<section class=\"cta-section cta-section2\">\n<div class=\"midd_main\">\n<h3>Llame A Robert E. Depersia II, Para Recibir Un Juicio Justo<\/h3>\n<p><a href=\"\/es\/contact\/\">HAGA CLIC AQU\u00cd<\/a><\/p>\n<\/div>\n<\/section>","protected":false},"excerpt":{"rendered":"<p>Possession of CDS in New Jersey All drug crimes in New Jersey carry harsh penalties for conviction and as a disorderly persons offense, Possession of CDS is no different. If you have been arrested for possessing, for example, less than 50 grams of marijuana, you will be facing up to 6 months in prison, $1000 &hellip; <a href=\"https:\/\/depersialaw.com\/es\/possession-of-cds-in-new-jersey\/\" class=\"more-link\">Continue reading <span class=\"screen-reader-text\">POSESI\u00d3N DE CDS EN NUEVA JERSEY<\/span> <span class=\"meta-nav\">&rarr;<\/span><\/a><\/p>","protected":false},"author":1,"featured_media":102,"parent":0,"menu_order":0,"comment_status":"closed","ping_status":"closed","template":"page-templates\/full-width.php","meta":[],"acf":[],"yoast_head":"<!-- This site is optimized with the Yoast SEO plugin v20.12 - https:\/\/yoast.com\/wordpress\/plugins\/seo\/ -->\n<title>Possession of CDS in New Jersey - Robert E. Depersia law<\/title>\n<meta name=\"description\" content=\"All drug crimes in New Jersey have harsh penalties. Seek the advice and guidance from experienced criminal defense attorney, Robert DePersia.\" \/>\n<meta name=\"robots\" content=\"index, follow, max-snippet:-1, max-image-preview:large, max-video-preview:-1\" \/>\n<link rel=\"canonical\" href=\"https:\/\/depersialaw.com\/es\/possession-of-cds-in-new-jersey\/\" \/>\n<meta property=\"og:locale\" content=\"es_MX\" \/>\n<meta property=\"og:type\" content=\"article\" \/>\n<meta property=\"og:title\" content=\"Possession of CDS in New Jersey - Robert E. Depersia law\" \/>\n<meta property=\"og:description\" content=\"All drug crimes in New Jersey have harsh penalties. Seek the advice and guidance from experienced criminal defense attorney, Robert DePersia.\" \/>\n<meta property=\"og:url\" content=\"https:\/\/depersialaw.com\/es\/possession-of-cds-in-new-jersey\/\" \/>\n<meta property=\"og:site_name\" content=\"Robert E. Depersia law\" \/>\n<meta property=\"article:modified_time\" content=\"2023-08-03T21:16:07+00:00\" \/>\n<meta property=\"og:image\" content=\"http:\/\/depersialaw.com\/wp-content\/uploads\/2015\/06\/sub-banner1.jpg\" \/>\n\t<meta property=\"og:image:width\" content=\"2200\" \/>\n\t<meta property=\"og:image:height\" content=\"460\" \/>\n\t<meta property=\"og:image:type\" content=\"image\/jpeg\" \/>\n<meta name=\"twitter:card\" content=\"summary_large_image\" \/>\n<meta name=\"twitter:label1\" content=\"Est. reading time\" \/>\n\t<meta name=\"twitter:data1\" content=\"2 minutes\" \/>\n<script type=\"application\/ld+json\" class=\"yoast-schema-graph\">{\"@context\":\"https:\/\/schema.org\",\"@graph\":[{\"@type\":\"WebPage\",\"@id\":\"https:\/\/depersialaw.com\/possession-of-cds-in-new-jersey\/\",\"url\":\"https:\/\/depersialaw.com\/possession-of-cds-in-new-jersey\/\",\"name\":\"Possession of CDS in New Jersey - Robert E. Depersia law\",\"isPartOf\":{\"@id\":\"https:\/\/depersialaw.com\/es\/#website\"},\"datePublished\":\"2015-07-03T12:39:58+00:00\",\"dateModified\":\"2023-08-03T21:16:07+00:00\",\"description\":\"All drug crimes in New Jersey have harsh penalties. Seek the advice and guidance from experienced criminal defense attorney, Robert DePersia.\",\"breadcrumb\":{\"@id\":\"https:\/\/depersialaw.com\/possession-of-cds-in-new-jersey\/#breadcrumb\"},\"inLanguage\":\"es-MX\",\"potentialAction\":[{\"@type\":\"ReadAction\",\"target\":[\"https:\/\/depersialaw.com\/possession-of-cds-in-new-jersey\/\"]}]},{\"@type\":\"BreadcrumbList\",\"@id\":\"https:\/\/depersialaw.com\/possession-of-cds-in-new-jersey\/#breadcrumb\",\"itemListElement\":[{\"@type\":\"ListItem\",\"position\":1,\"name\":\"Home\",\"item\":\"https:\/\/depersialaw.com\/\"},{\"@type\":\"ListItem\",\"position\":2,\"name\":\"Possession of CDS in New Jersey\"}]},{\"@type\":\"WebSite\",\"@id\":\"https:\/\/depersialaw.com\/es\/#website\",\"url\":\"https:\/\/depersialaw.com\/es\/\",\"name\":\"Robert E. Depersia law\",\"description\":\"\",\"potentialAction\":[{\"@type\":\"SearchAction\",\"target\":{\"@type\":\"EntryPoint\",\"urlTemplate\":\"https:\/\/depersialaw.com\/es\/?s={search_term_string}\"},\"query-input\":\"required name=search_term_string\"}],\"inLanguage\":\"es-MX\"}]}<\/script>\n<!-- \/ Yoast SEO plugin. -->","yoast_head_json":{"title":"Possession of CDS in New Jersey - Robert E. Depersia law","description":"All drug crimes in New Jersey have harsh penalties. Seek the advice and guidance from experienced criminal defense attorney, Robert DePersia.","robots":{"index":"index","follow":"follow","max-snippet":"max-snippet:-1","max-image-preview":"max-image-preview:large","max-video-preview":"max-video-preview:-1"},"canonical":"https:\/\/depersialaw.com\/es\/possession-of-cds-in-new-jersey\/","og_locale":"es_MX","og_type":"article","og_title":"Possession of CDS in New Jersey - Robert E. Depersia law","og_description":"All drug crimes in New Jersey have harsh penalties. Seek the advice and guidance from experienced criminal defense attorney, Robert DePersia.","og_url":"https:\/\/depersialaw.com\/es\/possession-of-cds-in-new-jersey\/","og_site_name":"Robert E. Depersia law","article_modified_time":"2023-08-03T21:16:07+00:00","og_image":[{"width":2200,"height":460,"url":"http:\/\/depersialaw.com\/wp-content\/uploads\/2015\/06\/sub-banner1.jpg","type":"image\/jpeg"}],"twitter_card":"summary_large_image","twitter_misc":{"Est. reading time":"2 minutes"},"schema":{"@context":"https:\/\/schema.org","@graph":[{"@type":"WebPage","@id":"https:\/\/depersialaw.com\/possession-of-cds-in-new-jersey\/","url":"https:\/\/depersialaw.com\/possession-of-cds-in-new-jersey\/","name":"Possession of CDS in New Jersey - Robert E. Depersia law","isPartOf":{"@id":"https:\/\/depersialaw.com\/es\/#website"},"datePublished":"2015-07-03T12:39:58+00:00","dateModified":"2023-08-03T21:16:07+00:00","description":"All drug crimes in New Jersey have harsh penalties. Seek the advice and guidance from experienced criminal defense attorney, Robert DePersia.","breadcrumb":{"@id":"https:\/\/depersialaw.com\/possession-of-cds-in-new-jersey\/#breadcrumb"},"inLanguage":"es-MX","potentialAction":[{"@type":"ReadAction","target":["https:\/\/depersialaw.com\/possession-of-cds-in-new-jersey\/"]}]},{"@type":"BreadcrumbList","@id":"https:\/\/depersialaw.com\/possession-of-cds-in-new-jersey\/#breadcrumb","itemListElement":[{"@type":"ListItem","position":1,"name":"Home","item":"https:\/\/depersialaw.com\/"},{"@type":"ListItem","position":2,"name":"Possession of CDS in New Jersey"}]},{"@type":"WebSite","@id":"https:\/\/depersialaw.com\/es\/#website","url":"https:\/\/depersialaw.com\/es\/","name":"Robert E. Depersia law","description":"","potentialAction":[{"@type":"SearchAction","target":{"@type":"EntryPoint","urlTemplate":"https:\/\/depersialaw.com\/es\/?s={search_term_string}"},"query-input":"required name=search_term_string"}],"inLanguage":"es-MX"}]}},"_links":{"self":[{"href":"https:\/\/depersialaw.com\/es\/wp-json\/wp\/v2\/pages\/171"}],"collection":[{"href":"https:\/\/depersialaw.com\/es\/wp-json\/wp\/v2\/pages"}],"about":[{"href":"https:\/\/depersialaw.com\/es\/wp-json\/wp\/v2\/types\/page"}],"author":[{"embeddable":true,"href":"https:\/\/depersialaw.com\/es\/wp-json\/wp\/v2\/users\/1"}],"replies":[{"embeddable":true,"href":"https:\/\/depersialaw.com\/es\/wp-json\/wp\/v2\/comments?post=171"}],"version-history":[{"count":2,"href":"https:\/\/depersialaw.com\/es\/wp-json\/wp\/v2\/pages\/171\/revisions"}],"predecessor-version":[{"id":1498,"href":"https:\/\/depersialaw.com\/es\/wp-json\/wp\/v2\/pages\/171\/revisions\/1498"}],"wp:featuredmedia":[{"embeddable":true,"href":"https:\/\/depersialaw.com\/es\/wp-json\/wp\/v2\/media\/102"}],"wp:attachment":[{"href":"https:\/\/depersialaw.com\/es\/wp-json\/wp\/v2\/media?parent=171"}],"curies":[{"name":"wp","href":"https:\/\/api.w.org\/{rel}","templated":true}]}}