{"id":166,"date":"2015-07-03T12:31:01","date_gmt":"2015-07-03T12:31:01","guid":{"rendered":"http:\/\/piyush\/depersialaw\/site\/?page_id=166"},"modified":"2023-08-08T14:33:23","modified_gmt":"2023-08-08T18:33:23","slug":"possession-of-cds-in-a-motor-vehicle","status":"publish","type":"page","link":"https:\/\/depersialaw.com\/es\/possession-of-cds-in-a-motor-vehicle\/","title":{"rendered":"Posesi\u00f3n de CDS en un veh\u00edculo motorizado"},"content":{"rendered":"<section class=\"section-white\">\n<div class=\"midd_main\">\n<div class=\"section-title text-center\">\n<h2 style=\"font-size: 32px; color: #000; text-transform: uppercase;\">Posesi\u00f3n de CDS en un veh\u00edculo motorizado<\/h2>\n<\/div>\n<div class=\"row\">\n<div class=\"col-lg-7 col-md-6 col-xs-12 pull-left\">\n<p>Si ha sido acusado de posesi\u00f3n de CDS (sustancias peligrosas controladas) en un veh\u00edculo motorizado, debe buscar la ayuda de un abogado defensor con experiencia de inmediato. Si bien la posesi\u00f3n de CDS en un veh\u00edculo motorizado (N.J.S.A. 39: 4-49.1) se considera una infracci\u00f3n de tr\u00e1nsito, sin embargo conlleva duras penas y debe tomarse en serio. <a href=\"\/es\/about-robert-depersia\/\">Robert E. DePersia, II<\/a> tiene m\u00e1s de 25 a\u00f1os de experiencia en defensa en los Tribunales de Camden, Burlington y Gloucester.<br \/>\n<a class=\"mybutton\" href=\"\/es\/contact\/\">Get A Free Consultation<\/a><\/p>\n<h2>Posesi\u00f3n De Sustancias Peligrosas Controladas<\/h2>\n<p>Los eventos t\u00edpicos que conducen a una Posesi\u00f3n de CDS en un veh\u00edculo motorizado los cargos son los siguientes; La polic\u00eda detiene su veh\u00edculo por una infracci\u00f3n de tr\u00e1nsito de rutina, como el exceso de velocidad y al acercarse al veh\u00edculo, sospecha que hay drogas en el veh\u00edculo. Si el oficial tiene causa probable (es decir, ve o huele evidencia de drogas), se realizar\u00e1 una b\u00fasqueda. Al encontrar drogas en el veh\u00edculo, el oficial le cargar\u00e1 al conductor la posesi\u00f3n de CDS en un veh\u00edculo motorizado y posiblemente, dependiendo del tipo y la cantidad de drogas encontradas, tambi\u00e9n le cargar\u00e1 al conductor una violaci\u00f3n criminal de <a href=\"\/es\/possession-of-cds-in-new-jersey\/\">posesi\u00f3n de CDS<\/a>&nbsp;(seg\u00fan el tipo y la cantidad de esto ser\u00e1 una <a href=\"\/es\/disorderly-persons-offense\/\">ofensa al orden p\u00fablico<\/a> una ofensa criminal grave).<\/p>\n<\/div>\n<div class=\"col-lg-5 col-md-6 col-xs-12 pull-right text-center\"><img decoding=\"async\" class=\"thumbnail\" src=\"https:\/\/depersialaw.com\/wp-content\/themes\/tf_child\/images\/thumb\/possession-of-cds-in-a-motor-vehicle.jpg\" alt=\"Possession of CDS in a Motor Vehicle\"><\/div>\n<\/div>\n<\/div>\n<\/section>\n<section id=\"one-parallax\" class=\"parallax gas_dete section-transparentbg\" style=\"background-image: url('https:\/\/depersialaw.com\/wp-content\/themes\/tf_child\/images\/bg\/bg10.jpg');\" data-stellar-background-ratio=\"0.6\" data-stellar-vertical-offset=\"20\">\n<div class=\"midd_main\">\n<div class=\"row\">\n<div class=\"col-lg-7 col-md-6 col-xs-12 pull-right\">\n<p>Una vez arrestado, es tarea del Estado probar varios elementos con respecto a la detenci\u00f3n por posesi\u00f3n controlada de sustancias peligrosas:<\/p>\n<ul>\n<li>El conductor estaba operando un veh\u00edculo motorizado.<\/li>\n<li>El veh\u00edculo estaba siendo operado en una carretera.<\/li>\n<li>El conductor estaba al tanto de las drogas del veh\u00edculo.<\/li>\n<li>\u2022 Las drogas estaban f\u00edsicamente con el conductor o en el veh\u00edculo (guantera).<\/li>\n<\/ul>\n<h2>Abogado de CDS<\/h2>\n<p>Si usted es retenido, Robert E. DePersia II, argumentar\u00e1 la validez de la parada inicial, si las drogas en cuesti\u00f3n eran en realidad una receta legal, que las drogas estaban en posesi\u00f3n del conductor y no de los pasajeros, y que el veh\u00edculo es propiedad del conductor.<\/p>\n<p>Para evitar perder su licencia de conducir e incurrir en multas, o si ha sido acusado de posesi\u00f3n de CDS en un veh\u00edculo motorizado, es importante hablar con su abogado de inmediato. Llame a su abogado de CDS, Robert E. DePersia II, hoy para una consulta gratuita para revisar su caso y decidir la mejor defensa. Robert trabajar\u00e1 diligentemente para que su caso sea desestimado o degradado. <a href=\"tel:856-795-9688\">(856) 795-9688<\/a><\/p>\n<\/div>\n<div class=\"col-lg-5 col-md-6 col-xs-12 text-center pull-left\"><img decoding=\"async\" loading=\"lazy\" class=\"alignnone wp-image-315 size-full\" src=\"https:\/\/depersialaw.com\/wp-content\/uploads\/2015\/07\/CDS-in-Car.jpg\" alt=\"Possession of CDS in car\" width=\"900\" height=\"675\" srcset=\"https:\/\/depersialaw.com\/wp-content\/uploads\/2015\/07\/CDS-in-Car.jpg 900w, https:\/\/depersialaw.com\/wp-content\/uploads\/2015\/07\/CDS-in-Car-300x225.jpg 300w\" sizes=\"(max-width: 900px) 100vw, 900px\" \/><\/div>\n<\/div>\n<\/div>\n<\/section>\n<section class=\"cta-section cta-section2\">\n<div class=\"midd_main\">\n<h3>\u00a1SI LO ARRESTARON POR POSESI\u00d3N DE CDS EN SU AUTOMOVIL LLAME A ROBERT E. DEPERSIA II, HOY!<\/h3>\n<p><a href=\"\/es\/contact\/\">HAGA CLIC AQU\u00cd<\/a><\/p>\n<\/div>\n<\/section>","protected":false},"excerpt":{"rendered":"<p>Possession of CDS in a Motor Vehicle If you have been accused of possession of CDS in a motor vehicle, you should seek the aid of an experienced defense attorney immediately. While possession of CDS in a motor vehicle (N.J.S.A. 39:4-49.1) is charged as a traffic offense, it still carries harsh punishments and should be &hellip; <a href=\"https:\/\/depersialaw.com\/es\/possession-of-cds-in-a-motor-vehicle\/\" class=\"more-link\">Continue reading <span class=\"screen-reader-text\">Posesi\u00f3n de CDS en un veh\u00edculo motorizado<\/span> <span class=\"meta-nav\">&rarr;<\/span><\/a><\/p>","protected":false},"author":1,"featured_media":102,"parent":0,"menu_order":0,"comment_status":"closed","ping_status":"closed","template":"page-templates\/full-width.php","meta":[],"acf":[],"yoast_head":"<!-- This site is optimized with the Yoast SEO plugin v20.12 - https:\/\/yoast.com\/wordpress\/plugins\/seo\/ -->\n<title>Possession of CDS in a Motor Vehicle - Robert E. Depersia law<\/title>\n<meta name=\"description\" content=\"If you have been accused of possession of CDS in a motor vehicle, you should seek the aid of experienced defense attorney, Robert E. DePersia II, immediately.\" \/>\n<meta name=\"robots\" content=\"index, follow, max-snippet:-1, max-image-preview:large, max-video-preview:-1\" \/>\n<link rel=\"canonical\" href=\"https:\/\/depersialaw.com\/es\/possession-of-cds-in-a-motor-vehicle\/\" \/>\n<meta property=\"og:locale\" content=\"es_MX\" \/>\n<meta property=\"og:type\" content=\"article\" \/>\n<meta property=\"og:title\" content=\"Possession of CDS in a Motor Vehicle - Robert E. Depersia law\" \/>\n<meta property=\"og:description\" content=\"If you have been accused of possession of CDS in a motor vehicle, you should seek the aid of experienced defense attorney, Robert E. DePersia II, immediately.\" \/>\n<meta property=\"og:url\" content=\"https:\/\/depersialaw.com\/es\/possession-of-cds-in-a-motor-vehicle\/\" \/>\n<meta property=\"og:site_name\" content=\"Robert E. Depersia law\" \/>\n<meta property=\"article:modified_time\" content=\"2023-08-08T18:33:23+00:00\" \/>\n<meta property=\"og:image\" content=\"http:\/\/depersialaw.com\/wp-content\/uploads\/2015\/06\/sub-banner1.jpg\" \/>\n\t<meta property=\"og:image:width\" content=\"2200\" \/>\n\t<meta property=\"og:image:height\" content=\"460\" \/>\n\t<meta property=\"og:image:type\" content=\"image\/jpeg\" \/>\n<meta name=\"twitter:card\" content=\"summary_large_image\" \/>\n<meta name=\"twitter:label1\" content=\"Est. reading time\" \/>\n\t<meta name=\"twitter:data1\" content=\"3 minutes\" \/>\n<script type=\"application\/ld+json\" class=\"yoast-schema-graph\">{\"@context\":\"https:\/\/schema.org\",\"@graph\":[{\"@type\":\"WebPage\",\"@id\":\"https:\/\/depersialaw.com\/possession-of-cds-in-a-motor-vehicle\/\",\"url\":\"https:\/\/depersialaw.com\/possession-of-cds-in-a-motor-vehicle\/\",\"name\":\"Possession of CDS in a Motor Vehicle - Robert E. Depersia law\",\"isPartOf\":{\"@id\":\"https:\/\/depersialaw.com\/es\/#website\"},\"datePublished\":\"2015-07-03T12:31:01+00:00\",\"dateModified\":\"2023-08-08T18:33:23+00:00\",\"description\":\"If you have been accused of possession of CDS in a motor vehicle, you should seek the aid of experienced defense attorney, Robert E. DePersia II, immediately.\",\"breadcrumb\":{\"@id\":\"https:\/\/depersialaw.com\/possession-of-cds-in-a-motor-vehicle\/#breadcrumb\"},\"inLanguage\":\"es-MX\",\"potentialAction\":[{\"@type\":\"ReadAction\",\"target\":[\"https:\/\/depersialaw.com\/possession-of-cds-in-a-motor-vehicle\/\"]}]},{\"@type\":\"BreadcrumbList\",\"@id\":\"https:\/\/depersialaw.com\/possession-of-cds-in-a-motor-vehicle\/#breadcrumb\",\"itemListElement\":[{\"@type\":\"ListItem\",\"position\":1,\"name\":\"Home\",\"item\":\"https:\/\/depersialaw.com\/\"},{\"@type\":\"ListItem\",\"position\":2,\"name\":\"Possession of CDS in a Motor Vehicle\"}]},{\"@type\":\"WebSite\",\"@id\":\"https:\/\/depersialaw.com\/es\/#website\",\"url\":\"https:\/\/depersialaw.com\/es\/\",\"name\":\"Robert E. Depersia law\",\"description\":\"\",\"potentialAction\":[{\"@type\":\"SearchAction\",\"target\":{\"@type\":\"EntryPoint\",\"urlTemplate\":\"https:\/\/depersialaw.com\/es\/?s={search_term_string}\"},\"query-input\":\"required name=search_term_string\"}],\"inLanguage\":\"es-MX\"}]}<\/script>\n<!-- \/ Yoast SEO plugin. -->","yoast_head_json":{"title":"Possession of CDS in a Motor Vehicle - Robert E. Depersia law","description":"If you have been accused of possession of CDS in a motor vehicle, you should seek the aid of experienced defense attorney, Robert E. DePersia II, immediately.","robots":{"index":"index","follow":"follow","max-snippet":"max-snippet:-1","max-image-preview":"max-image-preview:large","max-video-preview":"max-video-preview:-1"},"canonical":"https:\/\/depersialaw.com\/es\/possession-of-cds-in-a-motor-vehicle\/","og_locale":"es_MX","og_type":"article","og_title":"Possession of CDS in a Motor Vehicle - Robert E. Depersia law","og_description":"If you have been accused of possession of CDS in a motor vehicle, you should seek the aid of experienced defense attorney, Robert E. DePersia II, immediately.","og_url":"https:\/\/depersialaw.com\/es\/possession-of-cds-in-a-motor-vehicle\/","og_site_name":"Robert E. Depersia law","article_modified_time":"2023-08-08T18:33:23+00:00","og_image":[{"width":2200,"height":460,"url":"http:\/\/depersialaw.com\/wp-content\/uploads\/2015\/06\/sub-banner1.jpg","type":"image\/jpeg"}],"twitter_card":"summary_large_image","twitter_misc":{"Est. reading time":"3 minutes"},"schema":{"@context":"https:\/\/schema.org","@graph":[{"@type":"WebPage","@id":"https:\/\/depersialaw.com\/possession-of-cds-in-a-motor-vehicle\/","url":"https:\/\/depersialaw.com\/possession-of-cds-in-a-motor-vehicle\/","name":"Possession of CDS in a Motor Vehicle - Robert E. Depersia law","isPartOf":{"@id":"https:\/\/depersialaw.com\/es\/#website"},"datePublished":"2015-07-03T12:31:01+00:00","dateModified":"2023-08-08T18:33:23+00:00","description":"If you have been accused of possession of CDS in a motor vehicle, you should seek the aid of experienced defense attorney, Robert E. DePersia II, immediately.","breadcrumb":{"@id":"https:\/\/depersialaw.com\/possession-of-cds-in-a-motor-vehicle\/#breadcrumb"},"inLanguage":"es-MX","potentialAction":[{"@type":"ReadAction","target":["https:\/\/depersialaw.com\/possession-of-cds-in-a-motor-vehicle\/"]}]},{"@type":"BreadcrumbList","@id":"https:\/\/depersialaw.com\/possession-of-cds-in-a-motor-vehicle\/#breadcrumb","itemListElement":[{"@type":"ListItem","position":1,"name":"Home","item":"https:\/\/depersialaw.com\/"},{"@type":"ListItem","position":2,"name":"Possession of CDS in a Motor Vehicle"}]},{"@type":"WebSite","@id":"https:\/\/depersialaw.com\/es\/#website","url":"https:\/\/depersialaw.com\/es\/","name":"Robert E. Depersia law","description":"","potentialAction":[{"@type":"SearchAction","target":{"@type":"EntryPoint","urlTemplate":"https:\/\/depersialaw.com\/es\/?s={search_term_string}"},"query-input":"required name=search_term_string"}],"inLanguage":"es-MX"}]}},"_links":{"self":[{"href":"https:\/\/depersialaw.com\/es\/wp-json\/wp\/v2\/pages\/166"}],"collection":[{"href":"https:\/\/depersialaw.com\/es\/wp-json\/wp\/v2\/pages"}],"about":[{"href":"https:\/\/depersialaw.com\/es\/wp-json\/wp\/v2\/types\/page"}],"author":[{"embeddable":true,"href":"https:\/\/depersialaw.com\/es\/wp-json\/wp\/v2\/users\/1"}],"replies":[{"embeddable":true,"href":"https:\/\/depersialaw.com\/es\/wp-json\/wp\/v2\/comments?post=166"}],"version-history":[{"count":1,"href":"https:\/\/depersialaw.com\/es\/wp-json\/wp\/v2\/pages\/166\/revisions"}],"predecessor-version":[{"id":1535,"href":"https:\/\/depersialaw.com\/es\/wp-json\/wp\/v2\/pages\/166\/revisions\/1535"}],"wp:featuredmedia":[{"embeddable":true,"href":"https:\/\/depersialaw.com\/es\/wp-json\/wp\/v2\/media\/102"}],"wp:attachment":[{"href":"https:\/\/depersialaw.com\/es\/wp-json\/wp\/v2\/media?parent=166"}],"curies":[{"name":"wp","href":"https:\/\/api.w.org\/{rel}","templated":true}]}}