{"id":1590,"date":"2023-10-28T01:14:43","date_gmt":"2023-10-28T05:14:43","guid":{"rendered":"https:\/\/depersialaw.com\/?page_id=1590"},"modified":"2025-08-01T12:40:20","modified_gmt":"2025-08-01T16:40:20","slug":"dwi-dui-attorney-in-nj","status":"publish","type":"page","link":"https:\/\/depersialaw.com\/es\/dwi-dui-attorney-in-nj\/","title":{"rendered":"DWI &#038; DUI Attorney in NJ"},"content":{"rendered":"<style>\n@media (max-width: 768px) {\n   .mobile-flex { flex-direction: column !important; }\n   .mobile-order-1 { order: 1 !important; }\n   .mobile-order-2 { order: 2 !important; }\n}\n<\/style>\n<section class=\"section-white\">\n<div class=\"midd_main\">\n<div class=\"section-title text-center\">\n<h2 style=\"font-size: 32px; color: #000;\">Experienced Attorney in DWI &amp; DUI Cases in NJ<\/h2>\n<h5>ROBERT E. DEPERSIA II<\/h5>\n<\/div>\n<div class=\"row mobile-flex\" style=\"display: flex; flex-wrap: wrap;\">\n<div class=\"col-lg-7 col-md-6 col-xs-12 mobile-order-2\">\nCuando usted selecciona a Robert E. <a>DePersia II<\/a> as your DWI &amp; DUI Attorney, you are selecting an attorney who has specialized in DWI &amp; DUI cases for over 25 years. Robert has handled thousands of cases just like yours throughout South Jersey. Most importantly, you will be represented by Robert personally, not an inexperienced associate you are meeting for the first time at your court appearance. Let Robert&#8217;s experience, knowledge and ability work for you. There are many potential defenses in your case. Be sure you select an attorney who is experienced in presenting all of them.<\/p>\n<p style=\"padding-top: 20px;\">Robert es miembro de los Colegios de Abogados del Condado de Camden y del Estado de Nueva Jersey, es miembro activo y ex presidente del Comit\u00e9 <a href=\"\/es\/new-jersey-municipal-court-charges\/\">Tribunal Municipal<\/a> del Condado de Camden, y con orgullo se desempe\u00f1\u00f3 como fiscal del Tribunal Municipal y defensor p\u00fablico. Despu\u00e9s de varios casos notables, Robert apareci\u00f3 como invitado legal en Good Moring America con Diane Sawyer, as\u00ed como en el Show de Montel Williams y puede verse regularmente como invitado legal en ABC, CBS, NBC, FOX, Legal Line y otros informes de noticias basados en DWI. Robert tambi\u00e9n es el autor del Programa de Abogados con Tasa Reducida y fue nombrado Asesor Jur\u00eddico en DWI \"Caso Alcotest 7100 MKC III, Estado v. Foley\".<\/p>\n<\/div>\n<div class=\"col-lg-5 col-md-6 col-xs-12 text-center mobile-order-1\"><img decoding=\"async\" loading=\"lazy\" class=\"alignnone wp-image-234 size-full\" src=\"https:\/\/depersialaw.com\/wp-content\/uploads\/2015\/08\/Robert-E.-DePersia-II.jpg\" alt=\"Robert E. DePersia II\" width=\"500\" height=\"452\" \/><\/div>\n<\/div>\n<\/div>\n<\/section>\n<section class=\"cta-section cta-section2\">\n<div class=\"midd_main\">\n<h3>P\u00f3ngase En Contacto Con Su Abogado Defensor Hoy!<\/h3>\n<p><a href=\"\/es\/contact\/\">HAGA CLIC AQU\u00cd<\/a>\n<\/div>\n<\/section>","protected":false},"excerpt":{"rendered":"<p>Experienced Attorney in DWI &amp; DUI Cases in NJ ROBERT E. DEPERSIA II When you select Robert E. DePersia, II as your DWI &amp; DUI Attorney, you are selecting an attorney who has specialized in DWI &amp; DUI cases for over 25 years. Robert has handled thousands of cases just like yours throughout South Jersey. &hellip; <a href=\"https:\/\/depersialaw.com\/es\/dwi-dui-attorney-in-nj\/\" class=\"more-link\">Continue reading <span class=\"screen-reader-text\">DWI &#038; DUI Attorney in NJ<\/span> <span class=\"meta-nav\">&rarr;<\/span><\/a><\/p>","protected":false},"author":4,"featured_media":102,"parent":0,"menu_order":0,"comment_status":"closed","ping_status":"closed","template":"page-templates\/full-width.php","meta":[],"acf":[],"yoast_head":"<!-- This site is optimized with the Yoast SEO plugin v20.12 - https:\/\/yoast.com\/wordpress\/plugins\/seo\/ -->\n<title>DWI &amp; DUI Attorney in NJ | Law Office of Robert DePersia<\/title>\n<meta name=\"description\" content=\"Robert E. DePersia, II a DWI &amp; DUI Attorney in NJ, who has specialized in DWI &amp; DUI cases for over 25 years in the New Jersey court system.\" \/>\n<meta name=\"robots\" content=\"index, follow, max-snippet:-1, max-image-preview:large, max-video-preview:-1\" \/>\n<link rel=\"canonical\" href=\"https:\/\/depersialaw.com\/es\/dwi-dui-attorney-in-nj\/\" \/>\n<meta property=\"og:locale\" content=\"es_MX\" \/>\n<meta property=\"og:type\" content=\"article\" \/>\n<meta property=\"og:title\" content=\"DWI &amp; DUI Attorney in NJ | Law Office of Robert DePersia\" \/>\n<meta property=\"og:description\" content=\"Robert E. DePersia, II a DWI &amp; DUI Attorney in NJ, who has specialized in DWI &amp; DUI cases for over 25 years in the New Jersey court system.\" \/>\n<meta property=\"og:url\" content=\"https:\/\/depersialaw.com\/es\/dwi-dui-attorney-in-nj\/\" \/>\n<meta property=\"og:site_name\" content=\"Robert E. Depersia law\" \/>\n<meta property=\"article:modified_time\" content=\"2025-08-01T16:40:20+00:00\" \/>\n<meta property=\"og:image\" content=\"http:\/\/depersialaw.com\/wp-content\/uploads\/2015\/06\/sub-banner1.jpg\" \/>\n\t<meta property=\"og:image:width\" content=\"2200\" \/>\n\t<meta property=\"og:image:height\" content=\"460\" \/>\n\t<meta property=\"og:image:type\" content=\"image\/jpeg\" \/>\n<meta name=\"twitter:card\" content=\"summary_large_image\" \/>\n<meta name=\"twitter:label1\" content=\"Est. reading time\" \/>\n\t<meta name=\"twitter:data1\" content=\"2 minutes\" \/>\n<script type=\"application\/ld+json\" class=\"yoast-schema-graph\">{\"@context\":\"https:\/\/schema.org\",\"@graph\":[{\"@type\":\"WebPage\",\"@id\":\"https:\/\/depersialaw.com\/dwi-dui-attorney-in-nj\/\",\"url\":\"https:\/\/depersialaw.com\/dwi-dui-attorney-in-nj\/\",\"name\":\"DWI & DUI Attorney in NJ | Law Office of Robert DePersia\",\"isPartOf\":{\"@id\":\"https:\/\/depersialaw.com\/es\/#website\"},\"datePublished\":\"2023-10-28T05:14:43+00:00\",\"dateModified\":\"2025-08-01T16:40:20+00:00\",\"description\":\"Robert E. DePersia, II a DWI & DUI Attorney in NJ, who has specialized in DWI & DUI cases for over 25 years in the New Jersey court system.\",\"breadcrumb\":{\"@id\":\"https:\/\/depersialaw.com\/dwi-dui-attorney-in-nj\/#breadcrumb\"},\"inLanguage\":\"es-MX\",\"potentialAction\":[{\"@type\":\"ReadAction\",\"target\":[\"https:\/\/depersialaw.com\/dwi-dui-attorney-in-nj\/\"]}]},{\"@type\":\"BreadcrumbList\",\"@id\":\"https:\/\/depersialaw.com\/dwi-dui-attorney-in-nj\/#breadcrumb\",\"itemListElement\":[{\"@type\":\"ListItem\",\"position\":1,\"name\":\"Home\",\"item\":\"https:\/\/depersialaw.com\/\"},{\"@type\":\"ListItem\",\"position\":2,\"name\":\"DWI &#038; DUI Attorney in NJ\"}]},{\"@type\":\"WebSite\",\"@id\":\"https:\/\/depersialaw.com\/es\/#website\",\"url\":\"https:\/\/depersialaw.com\/es\/\",\"name\":\"Robert E. Depersia law\",\"description\":\"\",\"potentialAction\":[{\"@type\":\"SearchAction\",\"target\":{\"@type\":\"EntryPoint\",\"urlTemplate\":\"https:\/\/depersialaw.com\/es\/?s={search_term_string}\"},\"query-input\":\"required name=search_term_string\"}],\"inLanguage\":\"es-MX\"}]}<\/script>\n<!-- \/ Yoast SEO plugin. -->","yoast_head_json":{"title":"DWI & DUI Attorney in NJ | Law Office of Robert DePersia","description":"Robert E. DePersia, II a DWI & DUI Attorney in NJ, who has specialized in DWI & DUI cases for over 25 years in the New Jersey court system.","robots":{"index":"index","follow":"follow","max-snippet":"max-snippet:-1","max-image-preview":"max-image-preview:large","max-video-preview":"max-video-preview:-1"},"canonical":"https:\/\/depersialaw.com\/es\/dwi-dui-attorney-in-nj\/","og_locale":"es_MX","og_type":"article","og_title":"DWI & DUI Attorney in NJ | Law Office of Robert DePersia","og_description":"Robert E. DePersia, II a DWI & DUI Attorney in NJ, who has specialized in DWI & DUI cases for over 25 years in the New Jersey court system.","og_url":"https:\/\/depersialaw.com\/es\/dwi-dui-attorney-in-nj\/","og_site_name":"Robert E. Depersia law","article_modified_time":"2025-08-01T16:40:20+00:00","og_image":[{"width":2200,"height":460,"url":"http:\/\/depersialaw.com\/wp-content\/uploads\/2015\/06\/sub-banner1.jpg","type":"image\/jpeg"}],"twitter_card":"summary_large_image","twitter_misc":{"Est. reading time":"2 minutes"},"schema":{"@context":"https:\/\/schema.org","@graph":[{"@type":"WebPage","@id":"https:\/\/depersialaw.com\/dwi-dui-attorney-in-nj\/","url":"https:\/\/depersialaw.com\/dwi-dui-attorney-in-nj\/","name":"DWI & DUI Attorney in NJ | Law Office of Robert DePersia","isPartOf":{"@id":"https:\/\/depersialaw.com\/es\/#website"},"datePublished":"2023-10-28T05:14:43+00:00","dateModified":"2025-08-01T16:40:20+00:00","description":"Robert E. DePersia, II a DWI & DUI Attorney in NJ, who has specialized in DWI & DUI cases for over 25 years in the New Jersey court system.","breadcrumb":{"@id":"https:\/\/depersialaw.com\/dwi-dui-attorney-in-nj\/#breadcrumb"},"inLanguage":"es-MX","potentialAction":[{"@type":"ReadAction","target":["https:\/\/depersialaw.com\/dwi-dui-attorney-in-nj\/"]}]},{"@type":"BreadcrumbList","@id":"https:\/\/depersialaw.com\/dwi-dui-attorney-in-nj\/#breadcrumb","itemListElement":[{"@type":"ListItem","position":1,"name":"Home","item":"https:\/\/depersialaw.com\/"},{"@type":"ListItem","position":2,"name":"DWI &#038; DUI Attorney in NJ"}]},{"@type":"WebSite","@id":"https:\/\/depersialaw.com\/es\/#website","url":"https:\/\/depersialaw.com\/es\/","name":"Robert E. Depersia law","description":"","potentialAction":[{"@type":"SearchAction","target":{"@type":"EntryPoint","urlTemplate":"https:\/\/depersialaw.com\/es\/?s={search_term_string}"},"query-input":"required name=search_term_string"}],"inLanguage":"es-MX"}]}},"_links":{"self":[{"href":"https:\/\/depersialaw.com\/es\/wp-json\/wp\/v2\/pages\/1590"}],"collection":[{"href":"https:\/\/depersialaw.com\/es\/wp-json\/wp\/v2\/pages"}],"about":[{"href":"https:\/\/depersialaw.com\/es\/wp-json\/wp\/v2\/types\/page"}],"author":[{"embeddable":true,"href":"https:\/\/depersialaw.com\/es\/wp-json\/wp\/v2\/users\/4"}],"replies":[{"embeddable":true,"href":"https:\/\/depersialaw.com\/es\/wp-json\/wp\/v2\/comments?post=1590"}],"version-history":[{"count":9,"href":"https:\/\/depersialaw.com\/es\/wp-json\/wp\/v2\/pages\/1590\/revisions"}],"predecessor-version":[{"id":1623,"href":"https:\/\/depersialaw.com\/es\/wp-json\/wp\/v2\/pages\/1590\/revisions\/1623"}],"wp:featuredmedia":[{"embeddable":true,"href":"https:\/\/depersialaw.com\/es\/wp-json\/wp\/v2\/media\/102"}],"wp:attachment":[{"href":"https:\/\/depersialaw.com\/es\/wp-json\/wp\/v2\/media?parent=1590"}],"curies":[{"name":"wp","href":"https:\/\/api.w.org\/{rel}","templated":true}]}}