{"id":158,"date":"2015-07-03T12:02:47","date_gmt":"2015-07-03T12:02:47","guid":{"rendered":"http:\/\/piyush\/depersialaw\/site\/?page_id=158"},"modified":"2023-08-08T14:36:05","modified_gmt":"2023-08-08T18:36:05","slug":"new-jersey-municipal-court-charges","status":"publish","type":"page","link":"https:\/\/depersialaw.com\/es\/new-jersey-municipal-court-charges\/","title":{"rendered":"CARGOS DEL TRIBUNAL MUNICIPAL DE NUEVA JERSEY"},"content":{"rendered":"<section class=\"section-white\">\n<div class=\"midd_main\">\n<div class=\"section-title text-center\">\n<h2 style=\"font-size: 32px; color: #000; text-transform: uppercase;\">CARGOS DEL TRIBUNAL MUNICIPAL DE NUEVA JERSEY<\/h2>\n<h2>Delitos del  Tribunal Municipal En Nueva Jersey<\/h2>\n<\/div>\n<div class=\"row\">\n<div class=\"col-lg-7 col-md-6 col-xs-12 pull-left\">\n<p>Ser detenido por una violaci\u00f3n de tr\u00e1fico o ser arrestado por una ofensa criminal puede ser una experiencia aterradora; Usted puede tener muchas preguntas sobre su futuro. Durante los \u00faltimos 25 a\u00f1os, <a href=\"\/es\/about-robert-depersia\/\">Robert E. DePersia II<\/a>ha representado con \u00e9xito a los acusados en los Tribunales Municipales de Nueva Jersey. Si enfrenta <a href=\"\/es\/dwi\/\">cargos de DWI<\/a>, multas de tr\u00e1fico u ofensas criminales, es importante consultar con un abogado defensor con experiencia para proteger sus derechos y libertad.<br \/>\n<a class=\"mybutton\" href=\"\/es\/contact\/\">Get A Free Consultation<\/a><\/p>\n<h2>Sanciones por Infracci\u00f3n de Tr\u00e1fico<\/h2>\n<p>En Nueva Jersey, las infracciones de tr\u00e1nsito, como Conducir en Estado de Embriaguez, el exceso de velocidad, la conducci\u00f3n descuidada y <a href=\"\/es\/driving-while-suspended\/\">Conducir mientras est\u00e1 suspendido<\/a> se escuchan en los Tribunales Municipales. Las sanciones por infracciones de tr\u00e1nsito incluyen multas, puntos de veh\u00edculos motorizados y la suspensi\u00f3n de su licencia de conducir. Si le han emitido un boleto por una infracci\u00f3n de tr\u00e1nsito, no solo pague la multa, hable primero con un abogado experto y defienda sus derechos.<\/p>\n<\/div>\n<div class=\"col-lg-5 col-md-6 col-xs-12 pull-right text-center\"><img decoding=\"async\" class=\"thumbnail\" src=\"https:\/\/depersialaw.com\/wp-content\/themes\/tf_child\/images\/thumb\/new-jersey-municipal-court-charges.jpg\" alt=\"New Jersey Municipal Court Charges\"><\/div>\n<\/div>\n<\/div>\n<\/section>\n<section id=\"one-parallax\" class=\"parallax gas_dete section-transparentbg\" style=\"background-image: url('https:\/\/depersialaw.com\/wp-content\/themes\/tf_child\/images\/bg\/bg9.jpg');\" data-stellar-background-ratio=\"0.6\" data-stellar-vertical-offset=\"20\">\n<div class=\"midd_main\">\n<div class=\"row\">\n<div class=\"col-lg-7 col-md-6 col-xs-12 pull-right\">\n<h3>Delitos Comunes<\/h3>\n<p>Si ha sido arrestado por una <a href=\"\/es\/disorderly-persons-offense\/\">ofensa al orden p\u00fablico<\/a>, su caso se tramitar\u00e1 en el Tribunal Municipal en el que se cometi\u00f3 la ofensa. Robert E. DePersia II, defiende regularmente los derechos de sus clientes en los Tribunales Municipales por los siguientes delitos de desorden p\u00fablico:<\/p>\n<div class=\"row\">\n<div class=\"col-lg-6 col-xs-12\">\n<ul>\n<li>Hurto<\/li>\n<li><a href=\"\/es\/simple-assault-in-new-jersey\/\">Asalto simple<\/a><\/li>\n<\/ul>\n<\/div>\n<div class=\"col-lg-6 col-xs-12\">\n<ul>\n<li><a href=\"\/es\/possession-of-cds-in-new-jersey\/\">Posesi\u00f3n de marihuana &lt;50 gramos.<\/a><\/li>\n<\/ul>\n<\/div>\n<\/div>\n<p>Si se enfrenta a multas, posible encarcelamiento, antecedentes penales y suspensi\u00f3n de sus privilegios de conducir, comun\u00edquese con Robert E. DePersia II, para recibir orientaci\u00f3n con experiencia en todo su caso.<\/p>\n<\/div>\n<div class=\"col-lg-5 col-md-6 col-xs-12 text-center pull-left\"><img decoding=\"async\" loading=\"lazy\" class=\"alignnone wp-image-294 size-full\" src=\"https:\/\/depersialaw.com\/wp-content\/uploads\/2015\/07\/Municipal-Court-Criminal-charges.jpg\" alt=\"Criminal Charges in NJ\" width=\"900\" height=\"600\" srcset=\"https:\/\/depersialaw.com\/wp-content\/uploads\/2015\/07\/Municipal-Court-Criminal-charges.jpg 900w, https:\/\/depersialaw.com\/wp-content\/uploads\/2015\/07\/Municipal-Court-Criminal-charges-300x200.jpg 300w\" sizes=\"(max-width: 900px) 100vw, 900px\" \/><\/div>\n<\/div>\n<\/div>\n<\/section>\n<section class=\"cta-section cta-section2\">\n<div class=\"midd_main\">\n<h3>\u00a1LUCHA CONTRA LOS CARGOS DE TU CORTE MUNICIPAL!<\/h3>\n<p><a href=\"\/es\/contact\/\">HAGA CLIC AQU\u00cd<\/a><\/p>\n<\/div>\n<\/section>","protected":false},"excerpt":{"rendered":"<p>New Jersey Municipal Court Charges Municipal Court Offenses in New Jersey Being stopped for a traffic violation or arrested for a criminal offense can be a scary experience; you may have many questions concerning your future. Over the last 25 years, Robert E. DePersia II, has been successfully representing those charged in the municipal courts &hellip; <a href=\"https:\/\/depersialaw.com\/es\/new-jersey-municipal-court-charges\/\" class=\"more-link\">Continue reading <span class=\"screen-reader-text\">CARGOS DEL TRIBUNAL MUNICIPAL DE NUEVA JERSEY<\/span> <span class=\"meta-nav\">&rarr;<\/span><\/a><\/p>","protected":false},"author":1,"featured_media":102,"parent":0,"menu_order":0,"comment_status":"closed","ping_status":"closed","template":"page-templates\/full-width.php","meta":[],"acf":[],"yoast_head":"<!-- This site is optimized with the Yoast SEO plugin v20.12 - https:\/\/yoast.com\/wordpress\/plugins\/seo\/ -->\n<title>New Jersey Municipal Court Charges - Robert E. Depersia law<\/title>\n<meta name=\"description\" content=\"If you are facing DWI charges, a traffic ticket, or a criminal offense, Robert DePersia is the defense attorney to have on your side.\" \/>\n<meta name=\"robots\" content=\"index, follow, max-snippet:-1, max-image-preview:large, max-video-preview:-1\" \/>\n<link rel=\"canonical\" href=\"https:\/\/depersialaw.com\/es\/new-jersey-municipal-court-charges\/\" \/>\n<meta property=\"og:locale\" content=\"es_MX\" \/>\n<meta property=\"og:type\" content=\"article\" \/>\n<meta property=\"og:title\" content=\"New Jersey Municipal Court Charges - Robert E. Depersia law\" \/>\n<meta property=\"og:description\" content=\"If you are facing DWI charges, a traffic ticket, or a criminal offense, Robert DePersia is the defense attorney to have on your side.\" \/>\n<meta property=\"og:url\" content=\"https:\/\/depersialaw.com\/es\/new-jersey-municipal-court-charges\/\" \/>\n<meta property=\"og:site_name\" content=\"Robert E. Depersia law\" \/>\n<meta property=\"article:modified_time\" content=\"2023-08-08T18:36:05+00:00\" \/>\n<meta property=\"og:image\" content=\"http:\/\/depersialaw.com\/wp-content\/uploads\/2015\/06\/sub-banner1.jpg\" \/>\n\t<meta property=\"og:image:width\" content=\"2200\" \/>\n\t<meta property=\"og:image:height\" content=\"460\" \/>\n\t<meta property=\"og:image:type\" content=\"image\/jpeg\" \/>\n<meta name=\"twitter:card\" content=\"summary_large_image\" \/>\n<meta name=\"twitter:label1\" content=\"Est. reading time\" \/>\n\t<meta name=\"twitter:data1\" content=\"2 minutes\" \/>\n<script type=\"application\/ld+json\" class=\"yoast-schema-graph\">{\"@context\":\"https:\/\/schema.org\",\"@graph\":[{\"@type\":\"WebPage\",\"@id\":\"https:\/\/depersialaw.com\/new-jersey-municipal-court-charges\/\",\"url\":\"https:\/\/depersialaw.com\/new-jersey-municipal-court-charges\/\",\"name\":\"New Jersey Municipal Court Charges - Robert E. Depersia law\",\"isPartOf\":{\"@id\":\"https:\/\/depersialaw.com\/es\/#website\"},\"datePublished\":\"2015-07-03T12:02:47+00:00\",\"dateModified\":\"2023-08-08T18:36:05+00:00\",\"description\":\"If you are facing DWI charges, a traffic ticket, or a criminal offense, Robert DePersia is the defense attorney to have on your side.\",\"breadcrumb\":{\"@id\":\"https:\/\/depersialaw.com\/new-jersey-municipal-court-charges\/#breadcrumb\"},\"inLanguage\":\"es-MX\",\"potentialAction\":[{\"@type\":\"ReadAction\",\"target\":[\"https:\/\/depersialaw.com\/new-jersey-municipal-court-charges\/\"]}]},{\"@type\":\"BreadcrumbList\",\"@id\":\"https:\/\/depersialaw.com\/new-jersey-municipal-court-charges\/#breadcrumb\",\"itemListElement\":[{\"@type\":\"ListItem\",\"position\":1,\"name\":\"Home\",\"item\":\"https:\/\/depersialaw.com\/\"},{\"@type\":\"ListItem\",\"position\":2,\"name\":\"New Jersey Municipal Court Charges\"}]},{\"@type\":\"WebSite\",\"@id\":\"https:\/\/depersialaw.com\/es\/#website\",\"url\":\"https:\/\/depersialaw.com\/es\/\",\"name\":\"Robert E. Depersia law\",\"description\":\"\",\"potentialAction\":[{\"@type\":\"SearchAction\",\"target\":{\"@type\":\"EntryPoint\",\"urlTemplate\":\"https:\/\/depersialaw.com\/es\/?s={search_term_string}\"},\"query-input\":\"required name=search_term_string\"}],\"inLanguage\":\"es-MX\"}]}<\/script>\n<!-- \/ Yoast SEO plugin. -->","yoast_head_json":{"title":"New Jersey Municipal Court Charges - Robert E. Depersia law","description":"If you are facing DWI charges, a traffic ticket, or a criminal offense, Robert DePersia is the defense attorney to have on your side.","robots":{"index":"index","follow":"follow","max-snippet":"max-snippet:-1","max-image-preview":"max-image-preview:large","max-video-preview":"max-video-preview:-1"},"canonical":"https:\/\/depersialaw.com\/es\/new-jersey-municipal-court-charges\/","og_locale":"es_MX","og_type":"article","og_title":"New Jersey Municipal Court Charges - Robert E. Depersia law","og_description":"If you are facing DWI charges, a traffic ticket, or a criminal offense, Robert DePersia is the defense attorney to have on your side.","og_url":"https:\/\/depersialaw.com\/es\/new-jersey-municipal-court-charges\/","og_site_name":"Robert E. Depersia law","article_modified_time":"2023-08-08T18:36:05+00:00","og_image":[{"width":2200,"height":460,"url":"http:\/\/depersialaw.com\/wp-content\/uploads\/2015\/06\/sub-banner1.jpg","type":"image\/jpeg"}],"twitter_card":"summary_large_image","twitter_misc":{"Est. reading time":"2 minutes"},"schema":{"@context":"https:\/\/schema.org","@graph":[{"@type":"WebPage","@id":"https:\/\/depersialaw.com\/new-jersey-municipal-court-charges\/","url":"https:\/\/depersialaw.com\/new-jersey-municipal-court-charges\/","name":"New Jersey Municipal Court Charges - Robert E. Depersia law","isPartOf":{"@id":"https:\/\/depersialaw.com\/es\/#website"},"datePublished":"2015-07-03T12:02:47+00:00","dateModified":"2023-08-08T18:36:05+00:00","description":"If you are facing DWI charges, a traffic ticket, or a criminal offense, Robert DePersia is the defense attorney to have on your side.","breadcrumb":{"@id":"https:\/\/depersialaw.com\/new-jersey-municipal-court-charges\/#breadcrumb"},"inLanguage":"es-MX","potentialAction":[{"@type":"ReadAction","target":["https:\/\/depersialaw.com\/new-jersey-municipal-court-charges\/"]}]},{"@type":"BreadcrumbList","@id":"https:\/\/depersialaw.com\/new-jersey-municipal-court-charges\/#breadcrumb","itemListElement":[{"@type":"ListItem","position":1,"name":"Home","item":"https:\/\/depersialaw.com\/"},{"@type":"ListItem","position":2,"name":"New Jersey Municipal Court Charges"}]},{"@type":"WebSite","@id":"https:\/\/depersialaw.com\/es\/#website","url":"https:\/\/depersialaw.com\/es\/","name":"Robert E. Depersia law","description":"","potentialAction":[{"@type":"SearchAction","target":{"@type":"EntryPoint","urlTemplate":"https:\/\/depersialaw.com\/es\/?s={search_term_string}"},"query-input":"required name=search_term_string"}],"inLanguage":"es-MX"}]}},"_links":{"self":[{"href":"https:\/\/depersialaw.com\/es\/wp-json\/wp\/v2\/pages\/158"}],"collection":[{"href":"https:\/\/depersialaw.com\/es\/wp-json\/wp\/v2\/pages"}],"about":[{"href":"https:\/\/depersialaw.com\/es\/wp-json\/wp\/v2\/types\/page"}],"author":[{"embeddable":true,"href":"https:\/\/depersialaw.com\/es\/wp-json\/wp\/v2\/users\/1"}],"replies":[{"embeddable":true,"href":"https:\/\/depersialaw.com\/es\/wp-json\/wp\/v2\/comments?post=158"}],"version-history":[{"count":1,"href":"https:\/\/depersialaw.com\/es\/wp-json\/wp\/v2\/pages\/158\/revisions"}],"predecessor-version":[{"id":1543,"href":"https:\/\/depersialaw.com\/es\/wp-json\/wp\/v2\/pages\/158\/revisions\/1543"}],"wp:featuredmedia":[{"embeddable":true,"href":"https:\/\/depersialaw.com\/es\/wp-json\/wp\/v2\/media\/102"}],"wp:attachment":[{"href":"https:\/\/depersialaw.com\/es\/wp-json\/wp\/v2\/media?parent=158"}],"curies":[{"name":"wp","href":"https:\/\/api.w.org\/{rel}","templated":true}]}}