{"id":155,"date":"2015-07-03T11:44:36","date_gmt":"2015-07-03T11:44:36","guid":{"rendered":"http:\/\/piyush\/depersialaw\/site\/?page_id=155"},"modified":"2023-08-08T14:33:18","modified_gmt":"2023-08-08T18:33:18","slug":"manufacturing-distributing-dispensing","status":"publish","type":"page","link":"https:\/\/depersialaw.com\/es\/manufacturing-distributing-dispensing\/","title":{"rendered":"SUSTANCIA PELIGROSA CONTROLADA (CDS) EN NEW JERSEY"},"content":{"rendered":"<section class=\"section-white\">\n<div class=\"midd_main\">\n<div class=\"section-title text-center\">\n<h2 style=\"font-size: 32px; color: #000; text-transform: uppercase;\">SUSTANCIA PELIGROSA CONTROLADA  EN NEW JERSEY<\/h2>\n<\/div>\n<div class=\"row\">\n<div class=\"col-lg-7 col-md-6 col-xs-12 pull-left\">\n<p>Las leyes sobre cr\u00edmenes relacionados con drogas en Nueva Jersey rigen una serie de delitos que involucran <a href=\"\/es\/possession-of-cds-in-new-jersey\/\">sustancias peligrosas controladas (CDS)<\/a>Estos cr\u00edmenes procesables van desde la fabricaci\u00f3n de dichas sustancias hasta la posesi\u00f3n, venta, distribuci\u00f3n y dispensaci\u00f3n. Las leyes federales y estatales, especialmente las relacionadas con las drogas, pueden ser dif\u00edciles de entender ya que involucran muchas variables.<br \/>\n<a class=\"mybutton\" href=\"\/es\/contact\/\">Get A Free Consultation<\/a><\/p>\n<h2>Cargos CDS en Nueva Jersey<\/h2>\n<p>Si se le acusa de fabricar, distribuir y dispensar (CDS por sus siglas en ingl\u00e9s) en NJ, es muy recomendable que consulte con un <a href=\"\/es\/contact\/\">experimentado abogado defensor  de CDS<\/a> que lo ayude a proteger sus derechos. Temas como lo que Nueva Jersey necesita para condenarlo, cu\u00e1l puede ser su defensa, y el tipo de acuerdos de culpabilidad que pueden estar disponibles para usted, deben ser explicados y manejados por un abogado bien experimentado y  con defensa agresiva.<\/p>\n<\/div>\n<div class=\"col-lg-5 col-md-6 col-xs-12 pull-right text-center\"><img decoding=\"async\" loading=\"lazy\" class=\"alignnone wp-image-312 size-full\" src=\"https:\/\/depersialaw.com\/wp-content\/uploads\/2015\/07\/Possession-of-CDS.jpg\" alt=\"CDS in NJ\" width=\"900\" height=\"598\" srcset=\"https:\/\/depersialaw.com\/wp-content\/uploads\/2015\/07\/Possession-of-CDS.jpg 900w, https:\/\/depersialaw.com\/wp-content\/uploads\/2015\/07\/Possession-of-CDS-300x199.jpg 300w\" sizes=\"(max-width: 900px) 100vw, 900px\" \/><\/div>\n<\/div>\n<\/div>\n<\/section>\n<section id=\"one-parallax\" class=\"parallax gas_dete section-transparentbg\" style=\"background-image: url('https:\/\/depersialaw.com\/wp-content\/themes\/tf_child\/images\/bg\/bg8.jpg');\" data-stellar-background-ratio=\"0.6\" data-stellar-vertical-offset=\"20\">\n<div class=\"midd_main\">\n<div class=\"row\">\n<div class=\"col-lg-7 col-md-6 col-xs-12 pull-right\">\n<h3>Sanciones por Sustancias Controladas<\/h3>\n<p>Las sanciones relacionadas con la fabricaci\u00f3n, distribuci\u00f3n y dispensaci\u00f3n de CDS en NJ son bastante graves y las sanciones m\u00e1ximas dependen en gran medida de la cantidad de los CDS que supuestamente estuvieron en posesi\u00f3n. Este cargo se calificar\u00e1 como una ofensa de 1\u00ba, 2\u00ba, 3\u00ba o 4\u00ba grado seg\u00fan la cantidad y la sustancia involucrada. Los delitos en primer grado (hero\u00edna&gt; 5 onzas) pueden ser castigados de 10 a 20 a\u00f1os en la prisi\u00f3n del estado de Nueva Jersey. Los delitos de segundo grado (hero\u00edna 0.5 a &lt;5 onzas) pueden ser punibles de 5 a 10 a\u00f1os de prisi\u00f3n. Los delitos en el tercer grado (hero\u00edna &lt;0.5 onzas) pueden ser castigados de 3 a 5 a\u00f1os en la prisi\u00f3n del estado de Nueva Jersey. Los delitos en el cuarto grado (marihuana &lt;1 onza) pueden ser punibles hasta 18 meses en la prisi\u00f3n estatal de Nueva Jersey. Todos los grados tambi\u00e9n conllevan multas elevadas, antecedentes criminales, servicios comunitarios y la p\u00e9rdida de su licencia de conducir.<\/p>\n<p>Si tiene una condena anterior por cargos de fabricaci\u00f3n, distribuci\u00f3n y dispensaci\u00f3n de CDS en NJ, enfrentar\u00e1 multas mayores si es condenado nuevamente. Las condenas segundas y subsiguientes enfrentan t\u00e9rminos extendidos que son obligatorios. Las penas mejoradas tambi\u00e9n se aplican cuando lo arrestan por fabricar, distribuir o dispensar CDS dentro de 1000 pies de una escuela.<\/p>\n<\/div>\n<div class=\"col-lg-5 col-md-6 col-xs-12 text-center pull-left\"><img decoding=\"async\" class=\"thumbnail\" src=\"https:\/\/depersialaw.com\/wp-content\/themes\/tf_child\/images\/thumb\/manufacturing-distributing-and-dispensing-cds-charges.jpg\" alt=\"Manufacturing, Distributing, and Dispensing CDS Charges\"><\/div>\n<\/div>\n<\/div>\n<\/section>\n<section class=\"section-white\">\n<div class=\"midd_main\">\n<div class=\"row\">\n<div class=\"col-lg-7 col-md-6 col-xs-12 pull-left\">\n<h2>Abogado de Defensa de NJ para Sustancias Controladas<\/h2>\n<p>Como su abogado, Robert E. DePersia II, revisar\u00e1 su caso y determinar\u00e1 si hay pruebas suficientes, que se obtuvieron pruebas legales y que no se violaron sus derechos. Robert trabajar\u00e1 diligentemente para que los cargos contra usted sean rechazados o degradados a un cargo menor. Llame a Robert E. DePersia hoy mismo para una <a href=\"\/es\/contact\/\">consulta gratis<\/a> y proteja sus derechos y libertad <a href=\"tel:856-795-9688\">(856) 795-9688<\/a>. Se habla Espa\u00f1ol.<\/p>\n<\/div>\n<div class=\"col-lg-5 col-md-6 col-xs-12 pull-right text-center\"><img decoding=\"async\" loading=\"lazy\" class=\"alignnone wp-image-313 size-full\" src=\"https:\/\/depersialaw.com\/wp-content\/uploads\/2015\/08\/manufacturing-distributing-dispensing.jpg\" alt=\"Penalties for CDs Charges in NJ\" width=\"900\" height=\"600\"><\/div>\n<\/div>\n<\/div>\n<\/section>\n<section class=\"cta-section cta-section2\">\n<div class=\"midd_main\">\n<h3>\u00a1P\u00d3NGASE EN CONTACTO CON UN ABOGADO DE DEFENSA CON EXPERIENCIA HOY!<\/h3>\n<p><a href=\"\/es\/contact\/\">HAGA CLIC AQU\u00cd<\/a><\/p>\n<\/div>\n<\/section>","protected":false},"excerpt":{"rendered":"<p>Controlled Dangerous Substance in New Jersey The laws concerning drug crimes in New Jersey govern an array of offenses that involve controlled dangerous substances (CDS). These indictable offenses range from the manufacturing of said substances to possession, sale, distribution and dispensing. Federal and state laws, especially those concerning drugs, can be hard to understand since &hellip; <a href=\"https:\/\/depersialaw.com\/es\/manufacturing-distributing-dispensing\/\" class=\"more-link\">Continue reading <span class=\"screen-reader-text\">SUSTANCIA PELIGROSA CONTROLADA (CDS) EN NEW JERSEY<\/span> <span class=\"meta-nav\">&rarr;<\/span><\/a><\/p>","protected":false},"author":1,"featured_media":102,"parent":0,"menu_order":0,"comment_status":"closed","ping_status":"closed","template":"page-templates\/full-width.php","meta":[],"acf":[],"yoast_head":"<!-- This site is optimized with the Yoast SEO plugin v20.12 - https:\/\/yoast.com\/wordpress\/plugins\/seo\/ -->\n<title>Controlled Dangerous Substance (CDS) in New Jersey- Robert E. Depersia law<\/title>\n<meta name=\"description\" content=\"Controlled Dangerous Substance charges in New Jersey range from manufacturing of said substances to possession, sale, distribution and dispensing.\" \/>\n<meta name=\"robots\" content=\"index, follow, max-snippet:-1, max-image-preview:large, max-video-preview:-1\" \/>\n<link rel=\"canonical\" href=\"https:\/\/depersialaw.com\/es\/manufacturing-distributing-dispensing\/\" \/>\n<meta property=\"og:locale\" content=\"es_MX\" \/>\n<meta property=\"og:type\" content=\"article\" \/>\n<meta property=\"og:title\" content=\"Controlled Dangerous Substance (CDS) in New Jersey- Robert E. Depersia law\" \/>\n<meta property=\"og:description\" content=\"Controlled Dangerous Substance charges in New Jersey range from manufacturing of said substances to possession, sale, distribution and dispensing.\" \/>\n<meta property=\"og:url\" content=\"https:\/\/depersialaw.com\/es\/manufacturing-distributing-dispensing\/\" \/>\n<meta property=\"og:site_name\" content=\"Robert E. Depersia law\" \/>\n<meta property=\"article:modified_time\" content=\"2023-08-08T18:33:18+00:00\" \/>\n<meta property=\"og:image\" content=\"http:\/\/depersialaw.com\/wp-content\/uploads\/2015\/06\/sub-banner1.jpg\" \/>\n\t<meta property=\"og:image:width\" content=\"2200\" \/>\n\t<meta property=\"og:image:height\" content=\"460\" \/>\n\t<meta property=\"og:image:type\" content=\"image\/jpeg\" \/>\n<meta name=\"twitter:card\" content=\"summary_large_image\" \/>\n<meta name=\"twitter:label1\" content=\"Est. reading time\" \/>\n\t<meta name=\"twitter:data1\" content=\"2 minutes\" \/>\n<script type=\"application\/ld+json\" class=\"yoast-schema-graph\">{\"@context\":\"https:\/\/schema.org\",\"@graph\":[{\"@type\":\"WebPage\",\"@id\":\"https:\/\/depersialaw.com\/manufacturing-distributing-dispensing\/\",\"url\":\"https:\/\/depersialaw.com\/manufacturing-distributing-dispensing\/\",\"name\":\"Controlled Dangerous Substance (CDS) in New Jersey- Robert E. Depersia law\",\"isPartOf\":{\"@id\":\"https:\/\/depersialaw.com\/es\/#website\"},\"datePublished\":\"2015-07-03T11:44:36+00:00\",\"dateModified\":\"2023-08-08T18:33:18+00:00\",\"description\":\"Controlled Dangerous Substance charges in New Jersey range from manufacturing of said substances to possession, sale, distribution and dispensing.\",\"breadcrumb\":{\"@id\":\"https:\/\/depersialaw.com\/manufacturing-distributing-dispensing\/#breadcrumb\"},\"inLanguage\":\"es-MX\",\"potentialAction\":[{\"@type\":\"ReadAction\",\"target\":[\"https:\/\/depersialaw.com\/manufacturing-distributing-dispensing\/\"]}]},{\"@type\":\"BreadcrumbList\",\"@id\":\"https:\/\/depersialaw.com\/manufacturing-distributing-dispensing\/#breadcrumb\",\"itemListElement\":[{\"@type\":\"ListItem\",\"position\":1,\"name\":\"Home\",\"item\":\"https:\/\/depersialaw.com\/\"},{\"@type\":\"ListItem\",\"position\":2,\"name\":\"Controlled Dangerous Substance (CDS) in New Jersey\"}]},{\"@type\":\"WebSite\",\"@id\":\"https:\/\/depersialaw.com\/es\/#website\",\"url\":\"https:\/\/depersialaw.com\/es\/\",\"name\":\"Robert E. Depersia law\",\"description\":\"\",\"potentialAction\":[{\"@type\":\"SearchAction\",\"target\":{\"@type\":\"EntryPoint\",\"urlTemplate\":\"https:\/\/depersialaw.com\/es\/?s={search_term_string}\"},\"query-input\":\"required name=search_term_string\"}],\"inLanguage\":\"es-MX\"}]}<\/script>\n<!-- \/ Yoast SEO plugin. -->","yoast_head_json":{"title":"Controlled Dangerous Substance (CDS) in New Jersey- Robert E. Depersia law","description":"Controlled Dangerous Substance charges in New Jersey range from manufacturing of said substances to possession, sale, distribution and dispensing.","robots":{"index":"index","follow":"follow","max-snippet":"max-snippet:-1","max-image-preview":"max-image-preview:large","max-video-preview":"max-video-preview:-1"},"canonical":"https:\/\/depersialaw.com\/es\/manufacturing-distributing-dispensing\/","og_locale":"es_MX","og_type":"article","og_title":"Controlled Dangerous Substance (CDS) in New Jersey- Robert E. Depersia law","og_description":"Controlled Dangerous Substance charges in New Jersey range from manufacturing of said substances to possession, sale, distribution and dispensing.","og_url":"https:\/\/depersialaw.com\/es\/manufacturing-distributing-dispensing\/","og_site_name":"Robert E. Depersia law","article_modified_time":"2023-08-08T18:33:18+00:00","og_image":[{"width":2200,"height":460,"url":"http:\/\/depersialaw.com\/wp-content\/uploads\/2015\/06\/sub-banner1.jpg","type":"image\/jpeg"}],"twitter_card":"summary_large_image","twitter_misc":{"Est. reading time":"2 minutes"},"schema":{"@context":"https:\/\/schema.org","@graph":[{"@type":"WebPage","@id":"https:\/\/depersialaw.com\/manufacturing-distributing-dispensing\/","url":"https:\/\/depersialaw.com\/manufacturing-distributing-dispensing\/","name":"Controlled Dangerous Substance (CDS) in New Jersey- Robert E. Depersia law","isPartOf":{"@id":"https:\/\/depersialaw.com\/es\/#website"},"datePublished":"2015-07-03T11:44:36+00:00","dateModified":"2023-08-08T18:33:18+00:00","description":"Controlled Dangerous Substance charges in New Jersey range from manufacturing of said substances to possession, sale, distribution and dispensing.","breadcrumb":{"@id":"https:\/\/depersialaw.com\/manufacturing-distributing-dispensing\/#breadcrumb"},"inLanguage":"es-MX","potentialAction":[{"@type":"ReadAction","target":["https:\/\/depersialaw.com\/manufacturing-distributing-dispensing\/"]}]},{"@type":"BreadcrumbList","@id":"https:\/\/depersialaw.com\/manufacturing-distributing-dispensing\/#breadcrumb","itemListElement":[{"@type":"ListItem","position":1,"name":"Home","item":"https:\/\/depersialaw.com\/"},{"@type":"ListItem","position":2,"name":"Controlled Dangerous Substance (CDS) in New Jersey"}]},{"@type":"WebSite","@id":"https:\/\/depersialaw.com\/es\/#website","url":"https:\/\/depersialaw.com\/es\/","name":"Robert E. Depersia law","description":"","potentialAction":[{"@type":"SearchAction","target":{"@type":"EntryPoint","urlTemplate":"https:\/\/depersialaw.com\/es\/?s={search_term_string}"},"query-input":"required name=search_term_string"}],"inLanguage":"es-MX"}]}},"_links":{"self":[{"href":"https:\/\/depersialaw.com\/es\/wp-json\/wp\/v2\/pages\/155"}],"collection":[{"href":"https:\/\/depersialaw.com\/es\/wp-json\/wp\/v2\/pages"}],"about":[{"href":"https:\/\/depersialaw.com\/es\/wp-json\/wp\/v2\/types\/page"}],"author":[{"embeddable":true,"href":"https:\/\/depersialaw.com\/es\/wp-json\/wp\/v2\/users\/1"}],"replies":[{"embeddable":true,"href":"https:\/\/depersialaw.com\/es\/wp-json\/wp\/v2\/comments?post=155"}],"version-history":[{"count":2,"href":"https:\/\/depersialaw.com\/es\/wp-json\/wp\/v2\/pages\/155\/revisions"}],"predecessor-version":[{"id":1534,"href":"https:\/\/depersialaw.com\/es\/wp-json\/wp\/v2\/pages\/155\/revisions\/1534"}],"wp:featuredmedia":[{"embeddable":true,"href":"https:\/\/depersialaw.com\/es\/wp-json\/wp\/v2\/media\/102"}],"wp:attachment":[{"href":"https:\/\/depersialaw.com\/es\/wp-json\/wp\/v2\/media?parent=155"}],"curies":[{"name":"wp","href":"https:\/\/api.w.org\/{rel}","templated":true}]}}