{"id":152,"date":"2015-07-03T11:33:06","date_gmt":"2015-07-03T11:33:06","guid":{"rendered":"http:\/\/piyush\/depersialaw\/site\/?page_id=152"},"modified":"2023-08-08T14:35:05","modified_gmt":"2023-08-08T18:35:05","slug":"expungements","status":"publish","type":"page","link":"https:\/\/depersialaw.com\/es\/expungements\/","title":{"rendered":"ELIMINACI\u00d3N DE REGISTRO EN NUEVA JERSEY"},"content":{"rendered":"<section class=\"section-white\">\n<div class=\"midd_main\">\n<div class=\"section-title text-center\">\n<h2 style=\"font-size: 32px; color: #000; text-transform: uppercase;\">ELIMINACI\u00d3N DE REGISTRO EN NUEVA JERSEY<\/h2>\n<\/div>\n<div class=\"row\">\n<div class=\"col-lg-7 col-md-6 col-xs-12 pull-left\">\n<p>Si tiene un registro de arresto, condena por un delito menor o un delito mayor, es probable que tenga dificultades para obtener un empleo, alquilar una casa o incluso obtener la aprobaci\u00f3n del cr\u00e9dito. Adem\u00e1s, este registro puede disuadirlo de los viajes internacionales y de disfrutar de los beneficios del gobierno.<br \/>\n<a class=\"mybutton\" href=\"\/es\/contact\/\">Get A Free Consultation<\/a><\/p>\n<p>Robert E. DePersia II puede ayudarlo a superar estos obst\u00e1culos borrando su registro para comenzar la vida en una pizarra limpia.<\/p>\n<h2>Elegibilidad De Eliminaci\u00f3n<\/h2>\n<p>Hay un par de factores que determinan si usted es elegible para la eliminaci\u00f3n, como el n\u00famero y el tipo de antecedentes penales que tiene. Robert lo ayudar\u00e1 a determinar si sus registros pueden ser borrados de acuerdo con las leyes de Nueva Jersey. Si fue arrestado o condenado por una <a href=\"\/es\/disorderly-persons-offense\/\">ofensa al orden p\u00fablico<\/a>debe esperar 5 a\u00f1os despu\u00e9s de la condena para solicitar una cancelaci\u00f3n, mientras que, si la condena fue por un delito grave, el per\u00edodo de espera es de 10 a\u00f1os. El preparar\u00e1 y presentar\u00e1 la petici\u00f3n de eliminaci\u00f3n en su nombre. La presentaci\u00f3n se realiza en el Tribunal Superior donde tuvo lugar su procesamiento o arresto.<\/p>\n<\/div>\n<div class=\"col-lg-5 col-md-6 col-xs-12 pull-right text-center\"><img decoding=\"async\" loading=\"lazy\" class=\"alignnone wp-image-309 size-full\" src=\"https:\/\/depersialaw.com\/wp-content\/uploads\/2015\/07\/Expungements-criminal-record.jpg\" alt=\"Expungement of Criminal Record\" width=\"900\" height=\"507\" srcset=\"https:\/\/depersialaw.com\/wp-content\/uploads\/2015\/07\/Expungements-criminal-record.jpg 900w, https:\/\/depersialaw.com\/wp-content\/uploads\/2015\/07\/Expungements-criminal-record-300x169.jpg 300w\" sizes=\"(max-width: 900px) 100vw, 900px\" \/><\/div>\n<\/div>\n<\/div>\n<\/section>\n<section id=\"one-parallax\" class=\"parallax gas_dete section-transparentbg\" style=\"background-image: url('https:\/\/depersialaw.com\/wp-content\/themes\/tf_child\/images\/bg\/bg7.jpg');\" data-stellar-background-ratio=\"0.6\" data-stellar-vertical-offset=\"20\">\n<div class=\"midd_main\">\n<div class=\"row\">\n<div class=\"col-lg-7 col-md-6 col-xs-12 pull-right\">\n<p>Robert trabaja para demostrar que usted es elegible para la eliminaci\u00f3n de antecedentes mediante la compilaci\u00f3n de la informaci\u00f3n necesaria sobre sus registros. A este respecto, se asegura de que tenga la fecha en que fue arrestado o puesto bajo custodia, el delito y el estatuto por el que fue arrestado, el n\u00famero de expediente original, la queja, la acusaci\u00f3n, la acusaci\u00f3n o la citaci\u00f3n, as\u00ed como la fecha de disposici\u00f3n.<\/p>\n<p>Como abogado veterano, Robert tambi\u00e9n lo ayudar\u00e1 a completar estos formularios:<\/p>\n<ul>\n<li>Petici\u00f3n de eliminaci\u00f3n: que es la orden de solicitud que indica que califica para la eliminaci\u00f3n.<\/li>\n<li>Orden de audiencia: la utiliza un juez para establecer una audiencia que normalmente oscila entre 35 y 60 d\u00edas.<\/li>\n<li>Orden de eliminaci\u00f3n: el documento oficial que el juez firma una vez que se otorga la petici\u00f3n de cancelaci\u00f3n.<\/li>\n<\/ul>\n<\/div>\n<div class=\"col-lg-5 col-md-6 col-xs-12 text-center pull-left\"><img decoding=\"async\" class=\"thumbnail\" src=\"https:\/\/depersialaw.com\/wp-content\/themes\/tf_child\/images\/thumb\/expungements-in-new-jersey.jpg\" alt=\"Expungements in New Jersey\"><\/div>\n<\/div>\n<\/div>\n<\/section>\n<section class=\"section-white\">\n<div class=\"midd_main\">\n<div class=\"row\">\n<div class=\"col-lg-7 col-md-6 col-xs-12 pull-left\">\n<p>Obtener una eliminaci\u00f3n de registro en Nueva Jersey puede ser una experiencia compleja si no est\u00e1 familiarizado con la ley. <a href=\"\/es\/about-robert-depersia\/\">Robert E. DePersia<\/a> se compromete a ayudar a garantizar que su pasado no atormente su futuro porque un historial criminal puede perjudicar su \u00e9xito. En lugar de arriesgarte, debes confiar tu eliminaci\u00f3n de registro criminal en las h\u00e1biles manos de Robert.<\/p>\n<p>Para obtener m\u00e1s informaci\u00f3n sobre el proceso de eliminaci\u00f3n y su elegibilidad, llame a Robert E. DePersia II, hoy para una <a href=\"\/es\/contact\/\">consulta gratis<\/a> al <a href=\"tel:856-795-9688\">(856) 795-9688<\/a>.<\/p>\n<\/div>\n<div class=\"col-lg-5 col-md-6 col-xs-12 pull-right text-center\"><img decoding=\"async\" class=\"thumbnail\" src=\"https:\/\/depersialaw.com\/wp-content\/themes\/tf_child\/images\/thumb\/expunging-your-record.jpg\" alt=\"Expunging Your Record\"><\/div>\n<\/div>\n<\/div>\n<\/section>\n<section class=\"cta-section cta-section2\">\n<div class=\"midd_main\">\n<h3>PARA OBTENER SU REGISTRO ELIMINADO LLAME A ROBERT E. DEPERSIA II, HOY<\/h3>\n<p><a href=\"#\">HAGA CLIC AQU\u00cd<\/a><\/p>\n<\/div>\n<\/section>","protected":false},"excerpt":{"rendered":"<p>Expungements in New Jersey If you have a record of arrest, conviction of misdemeanor or felony, chances are you will have a hard time securing employment, renting a house, or even getting credit approval. Additionally, such a record can deter you from international travel as well as enjoying government benefits. Get A Free Consultation Robert &hellip; <a href=\"https:\/\/depersialaw.com\/es\/expungements\/\" class=\"more-link\">Continue reading <span class=\"screen-reader-text\">ELIMINACI\u00d3N DE REGISTRO EN NUEVA JERSEY<\/span> <span class=\"meta-nav\">&rarr;<\/span><\/a><\/p>","protected":false},"author":1,"featured_media":102,"parent":0,"menu_order":0,"comment_status":"closed","ping_status":"closed","template":"page-templates\/full-width.php","meta":[],"acf":[],"yoast_head":"<!-- This site is optimized with the Yoast SEO plugin v20.12 - https:\/\/yoast.com\/wordpress\/plugins\/seo\/ -->\n<title>Expungements in New Jersey - Robert E. Depersia law<\/title>\n<meta name=\"description\" content=\"Robert E. DePersia II can help you overcome the obstacles of having a criminal record by expunging your record to start with a clean slate.\" \/>\n<meta name=\"robots\" content=\"index, follow, max-snippet:-1, max-image-preview:large, max-video-preview:-1\" \/>\n<link rel=\"canonical\" href=\"https:\/\/depersialaw.com\/es\/expungements\/\" \/>\n<meta property=\"og:locale\" content=\"es_MX\" \/>\n<meta property=\"og:type\" content=\"article\" \/>\n<meta property=\"og:title\" content=\"Expungements in New Jersey - Robert E. Depersia law\" \/>\n<meta property=\"og:description\" content=\"Robert E. DePersia II can help you overcome the obstacles of having a criminal record by expunging your record to start with a clean slate.\" \/>\n<meta property=\"og:url\" content=\"https:\/\/depersialaw.com\/es\/expungements\/\" \/>\n<meta property=\"og:site_name\" content=\"Robert E. Depersia law\" \/>\n<meta property=\"article:modified_time\" content=\"2023-08-08T18:35:05+00:00\" \/>\n<meta property=\"og:image\" content=\"http:\/\/depersialaw.com\/wp-content\/uploads\/2015\/06\/sub-banner1.jpg\" \/>\n\t<meta property=\"og:image:width\" content=\"2200\" \/>\n\t<meta property=\"og:image:height\" content=\"460\" \/>\n\t<meta property=\"og:image:type\" content=\"image\/jpeg\" \/>\n<meta name=\"twitter:card\" content=\"summary_large_image\" \/>\n<meta name=\"twitter:label1\" content=\"Est. reading time\" \/>\n\t<meta name=\"twitter:data1\" content=\"3 minutes\" \/>\n<script type=\"application\/ld+json\" class=\"yoast-schema-graph\">{\"@context\":\"https:\/\/schema.org\",\"@graph\":[{\"@type\":\"WebPage\",\"@id\":\"https:\/\/depersialaw.com\/expungements\/\",\"url\":\"https:\/\/depersialaw.com\/expungements\/\",\"name\":\"Expungements in New Jersey - Robert E. Depersia law\",\"isPartOf\":{\"@id\":\"https:\/\/depersialaw.com\/es\/#website\"},\"datePublished\":\"2015-07-03T11:33:06+00:00\",\"dateModified\":\"2023-08-08T18:35:05+00:00\",\"description\":\"Robert E. DePersia II can help you overcome the obstacles of having a criminal record by expunging your record to start with a clean slate.\",\"breadcrumb\":{\"@id\":\"https:\/\/depersialaw.com\/expungements\/#breadcrumb\"},\"inLanguage\":\"es-MX\",\"potentialAction\":[{\"@type\":\"ReadAction\",\"target\":[\"https:\/\/depersialaw.com\/expungements\/\"]}]},{\"@type\":\"BreadcrumbList\",\"@id\":\"https:\/\/depersialaw.com\/expungements\/#breadcrumb\",\"itemListElement\":[{\"@type\":\"ListItem\",\"position\":1,\"name\":\"Home\",\"item\":\"https:\/\/depersialaw.com\/\"},{\"@type\":\"ListItem\",\"position\":2,\"name\":\"Expungements in New Jersey\"}]},{\"@type\":\"WebSite\",\"@id\":\"https:\/\/depersialaw.com\/es\/#website\",\"url\":\"https:\/\/depersialaw.com\/es\/\",\"name\":\"Robert E. Depersia law\",\"description\":\"\",\"potentialAction\":[{\"@type\":\"SearchAction\",\"target\":{\"@type\":\"EntryPoint\",\"urlTemplate\":\"https:\/\/depersialaw.com\/es\/?s={search_term_string}\"},\"query-input\":\"required name=search_term_string\"}],\"inLanguage\":\"es-MX\"}]}<\/script>\n<!-- \/ Yoast SEO plugin. -->","yoast_head_json":{"title":"Expungements in New Jersey - Robert E. Depersia law","description":"Robert E. DePersia II can help you overcome the obstacles of having a criminal record by expunging your record to start with a clean slate.","robots":{"index":"index","follow":"follow","max-snippet":"max-snippet:-1","max-image-preview":"max-image-preview:large","max-video-preview":"max-video-preview:-1"},"canonical":"https:\/\/depersialaw.com\/es\/expungements\/","og_locale":"es_MX","og_type":"article","og_title":"Expungements in New Jersey - Robert E. Depersia law","og_description":"Robert E. DePersia II can help you overcome the obstacles of having a criminal record by expunging your record to start with a clean slate.","og_url":"https:\/\/depersialaw.com\/es\/expungements\/","og_site_name":"Robert E. Depersia law","article_modified_time":"2023-08-08T18:35:05+00:00","og_image":[{"width":2200,"height":460,"url":"http:\/\/depersialaw.com\/wp-content\/uploads\/2015\/06\/sub-banner1.jpg","type":"image\/jpeg"}],"twitter_card":"summary_large_image","twitter_misc":{"Est. reading time":"3 minutes"},"schema":{"@context":"https:\/\/schema.org","@graph":[{"@type":"WebPage","@id":"https:\/\/depersialaw.com\/expungements\/","url":"https:\/\/depersialaw.com\/expungements\/","name":"Expungements in New Jersey - Robert E. Depersia law","isPartOf":{"@id":"https:\/\/depersialaw.com\/es\/#website"},"datePublished":"2015-07-03T11:33:06+00:00","dateModified":"2023-08-08T18:35:05+00:00","description":"Robert E. DePersia II can help you overcome the obstacles of having a criminal record by expunging your record to start with a clean slate.","breadcrumb":{"@id":"https:\/\/depersialaw.com\/expungements\/#breadcrumb"},"inLanguage":"es-MX","potentialAction":[{"@type":"ReadAction","target":["https:\/\/depersialaw.com\/expungements\/"]}]},{"@type":"BreadcrumbList","@id":"https:\/\/depersialaw.com\/expungements\/#breadcrumb","itemListElement":[{"@type":"ListItem","position":1,"name":"Home","item":"https:\/\/depersialaw.com\/"},{"@type":"ListItem","position":2,"name":"Expungements in New Jersey"}]},{"@type":"WebSite","@id":"https:\/\/depersialaw.com\/es\/#website","url":"https:\/\/depersialaw.com\/es\/","name":"Robert E. Depersia law","description":"","potentialAction":[{"@type":"SearchAction","target":{"@type":"EntryPoint","urlTemplate":"https:\/\/depersialaw.com\/es\/?s={search_term_string}"},"query-input":"required name=search_term_string"}],"inLanguage":"es-MX"}]}},"_links":{"self":[{"href":"https:\/\/depersialaw.com\/es\/wp-json\/wp\/v2\/pages\/152"}],"collection":[{"href":"https:\/\/depersialaw.com\/es\/wp-json\/wp\/v2\/pages"}],"about":[{"href":"https:\/\/depersialaw.com\/es\/wp-json\/wp\/v2\/types\/page"}],"author":[{"embeddable":true,"href":"https:\/\/depersialaw.com\/es\/wp-json\/wp\/v2\/users\/1"}],"replies":[{"embeddable":true,"href":"https:\/\/depersialaw.com\/es\/wp-json\/wp\/v2\/comments?post=152"}],"version-history":[{"count":1,"href":"https:\/\/depersialaw.com\/es\/wp-json\/wp\/v2\/pages\/152\/revisions"}],"predecessor-version":[{"id":1541,"href":"https:\/\/depersialaw.com\/es\/wp-json\/wp\/v2\/pages\/152\/revisions\/1541"}],"wp:featuredmedia":[{"embeddable":true,"href":"https:\/\/depersialaw.com\/es\/wp-json\/wp\/v2\/media\/102"}],"wp:attachment":[{"href":"https:\/\/depersialaw.com\/es\/wp-json\/wp\/v2\/media?parent=152"}],"curies":[{"name":"wp","href":"https:\/\/api.w.org\/{rel}","templated":true}]}}