{"id":1503,"date":"2023-08-03T17:23:58","date_gmt":"2023-08-03T21:23:58","guid":{"rendered":"https:\/\/depersialaw.com\/?page_id=1503"},"modified":"2026-01-28T11:19:30","modified_gmt":"2026-01-28T16:19:30","slug":"dui-attorney","status":"publish","type":"page","link":"https:\/\/depersialaw.com\/es\/dui-attorney\/","title":{"rendered":"DUI Attorney"},"content":{"rendered":"<section class=\"section-white\">\n<div class=\"midd_main\">\n<div class=\"section-title text-center\">\n<h2 style=\"font-size: 32px; color: #000;\">Driving Under Influence of Alcohol<\/h2>\n<\/div>\n<div class=\"row\">\n<div class=\"col-lg-7 col-md-6 col-xs-12 pull-left\">\n<p>In New Jersey, driving under the influence (DUI) is a serious traffic offense that can lead to imprisonment, fines, license suspension and hefty insurance surcharges. If you have been cited for DUI you need the assistance of an experience DUI attorney. <a href=\"\/es\/about-robert-depersia\/\">Robert E. DePersia, II<\/a> has over 30 years of experience in DUI defense and will confidently handle your case throughout the litigation process. He will explain to you your offense, the legal repercussions of a DUI, and the legal process after a DUI offense.<br \/>\n<a class=\"mybutton\" href=\"\/es\/contact\/\">Get A Free Consultation<\/a><\/p>\n<p>N.J.S.A 39: 4-50 proh\u00edbe a cualquier persona operar un veh\u00edculo motorizado con una concentraci\u00f3n de alcohol en sangre (BAC) de .08% o m\u00e1s. Una persona tambi\u00e9n tiene prohibido operar un veh\u00edculo bajo la influencia de drogas il\u00edcitas. Si el conductor del veh\u00edculo motorizado est\u00e1 <a href=\"\/es\/the-dui-process\/\">bajo la influencia<\/a> y tambi\u00e9n es menor de edad, el estado aplica una Pol\u00edtica de Tolerancia Cero. Esta pol\u00edtica para infractores menores de edad proh\u00edbe que cualquier persona menor de la edad legal para beber (21 a\u00f1os) conduzca un veh\u00edculo con un BAC de .02 o mayor. Para determinar su concentraci\u00f3n de alcohol en la sangre, NJ emplea el uso de una prueba de aliento, an\u00e1lisis de orina, muestra de sangre y \/ o una prueba est\u00e1ndar de sobriedad de campo.<\/p>\n<p>\u00a1OBTENGA LA AYUDA DE ROBERT E. DEPERSIA II, HOY!<\/p>\n<\/div>\n<div class=\"col-lg-5 col-md-6 col-xs-12 pull-right text-center\"><img decoding=\"async\" class=\"thumbnail\" src=\"https:\/\/depersialaw.com\/wp-content\/themes\/tf_child\/images\/thumb\/driving-while-intoxicated-in-nj.jpg\" alt=\"Driving While Intoxicated in NJ\" \/><\/div>\n<\/div>\n<\/div>\n<\/section>\n<section id=\"one-parallax\" class=\"parallax gas_dete section-transparentbg\" style=\"background-image: url('https:\/\/depersialaw.com\/wp-content\/themes\/tf_child\/images\/bg\/bg5.jpg');\" data-stellar-background-ratio=\"0.6\" data-stellar-vertical-offset=\"20\">\n<div class=\"midd_main\">\n<div class=\"row\">\n<div class=\"col-lg-7 col-md-6 col-xs-12 pull-right\">\n<h2>First Time DUI Offenders<\/h2>\n<p>If this is your first DUI offense and your BAC was determined to be between .08% &#8211; .099% you will be facing a mandatory 3 month license suspension, fines ranging from $800-$1000 plus $1000 surcharge for three years, and a possible prison term of 30 days. Offenders charged with a BAC of .10% or higher are exposed to more severe consequences including a mandatory 7 month license suspension, fines ranging for $950-$1150 plus a $1000 surcharge for 3 years and the possibility of 30 days in jail.<\/p>\n<h2>DUI Second Offense<\/h2>\n<p>Second time DUI offenders will face the same surcharges as a first time offender, however, the fines are increased with the exact amount left to the discretion of the judge. Additionally, second time offenders are required to serve 30 days of community service (6 hours per day), there is a mandatory jail sentence of 2-90 days (sometimes time spent in and IDRC program is acceptable), you will lose your driver\u2019s license for 2 years, and you will be ordered to install an ignition interlock device.<\/p>\n<\/div>\n<div class=\"col-lg-5 col-md-6 col-xs-12 text-center pull-left\"><img decoding=\"async\" class=\"thumbnail\" src=\"https:\/\/depersialaw.com\/wp-content\/themes\/tf_child\/images\/thumb\/driving-while-intoxicated.jpg\" alt=\"Driving While Intoxicated\" \/><\/div>\n<\/div>\n<\/div>\n<\/section>\n<section class=\"section-white\">\n<div class=\"midd_main\">\n<div class=\"row\">\n<div class=\"col-lg-7 col-md-6 col-xs-12 pull-left\">\n<h2>DUI Third Offense<\/h2>\n<p>Those charged for a third DUI offense in New Jersey will again face the $1000 surcharge for 3 years as well as enhanced penalties. Fines will range from $950-$1150, your license will be revoked for 10 years, and at the judges discretion, you may face 180 days in prison. Third time DUI offenders must also install an ignition interlock device in all of their vehicles during the 10 year suspension and for 1-3 years after your license has been restored. Failure to have an ignition interlock installed when ordered by a judge could result in an additional one year <a href=\"\/es\/driving-while-suspended\/\">suspensi\u00f3n del privilegio de conducir.<\/a>.<\/p>\n<p>Regardless of the number of times you have been charged with DUI, you need the assistance of an experienced defense attorney to protect your rights. Robert E. DePersia, II may be able to argue the validity of the tests done by police, but time is of the essence. Call today for a free consultation and defend your rights and freedom <a href=\"tel:856-795-9688\">(856) 795-9688<\/a>.<\/p>\n<\/div>\n<div class=\"col-lg-5 col-md-6 col-xs-12 pull-right text-center\"><img decoding=\"async\" class=\"thumbnail\" src=\"https:\/\/depersialaw.com\/wp-content\/themes\/tf_child\/images\/thumb\/dwi.jpg\" alt=\"DUI\" \/><\/div>\n<\/div>\n<\/div>\n<\/section>\n<section class=\"cta-section cta-section2\">\n<div class=\"midd_main\">\n<h3>LLAME HOY PARA ASEGURARSE DE QUE SUS DERECHOS EST\u00c1N PROTEGIDOS<\/h3>\n<p><a href=\"\/es\/contact\/\">HAGA CLIC AQU\u00cd<\/a><\/p>\n<\/div>\n<\/section>","protected":false},"excerpt":{"rendered":"<p>Driving Under Influence of Alcohol In New Jersey, driving under the influence (DUI) is a serious traffic offense that can lead to imprisonment, fines, license suspension and hefty insurance surcharges. If you have been cited for DUI you need the assistance of an experience DUI attorney. Robert E. DePersia, II has over 30 years of &hellip; <a href=\"https:\/\/depersialaw.com\/es\/dui-attorney\/\" class=\"more-link\">Continue reading <span class=\"screen-reader-text\">DUI Attorney<\/span> <span class=\"meta-nav\">&rarr;<\/span><\/a><\/p>","protected":false},"author":4,"featured_media":102,"parent":0,"menu_order":0,"comment_status":"closed","ping_status":"closed","template":"page-templates\/full-width.php","meta":[],"acf":[],"yoast_head":"<!-- This site is optimized with the Yoast SEO plugin v20.12 - https:\/\/yoast.com\/wordpress\/plugins\/seo\/ -->\n<title>Driving Under the Influence in NJ | DUI Attorney Robert Depersia<\/title>\n<meta name=\"description\" content=\"In New Jersey, driving under the influence (DUI) is a serious traffic offense that can lead to imprisonment, fines, license suspension and hefty insurance surcharges. If you have been cited for DUI you need the assistance of an experienced DUI attorney.\" \/>\n<meta name=\"robots\" content=\"index, follow, max-snippet:-1, max-image-preview:large, max-video-preview:-1\" \/>\n<link rel=\"canonical\" href=\"https:\/\/depersialaw.com\/es\/dui-attorney\/\" \/>\n<meta property=\"og:locale\" content=\"es_MX\" \/>\n<meta property=\"og:type\" content=\"article\" \/>\n<meta property=\"og:title\" content=\"Driving Under the Influence in NJ | DUI Attorney Robert Depersia\" \/>\n<meta property=\"og:description\" content=\"In New Jersey, driving under the influence (DUI) is a serious traffic offense that can lead to imprisonment, fines, license suspension and hefty insurance surcharges. If you have been cited for DUI you need the assistance of an experienced DUI attorney.\" \/>\n<meta property=\"og:url\" content=\"https:\/\/depersialaw.com\/es\/dui-attorney\/\" \/>\n<meta property=\"og:site_name\" content=\"Robert E. Depersia law\" \/>\n<meta property=\"article:modified_time\" content=\"2026-01-28T16:19:30+00:00\" \/>\n<meta property=\"og:image\" content=\"http:\/\/depersialaw.com\/wp-content\/uploads\/2015\/06\/sub-banner1.jpg\" \/>\n\t<meta property=\"og:image:width\" content=\"2200\" \/>\n\t<meta property=\"og:image:height\" content=\"460\" \/>\n\t<meta property=\"og:image:type\" content=\"image\/jpeg\" \/>\n<meta name=\"twitter:card\" content=\"summary_large_image\" \/>\n<meta name=\"twitter:label1\" content=\"Est. reading time\" \/>\n\t<meta name=\"twitter:data1\" content=\"4 minutes\" \/>\n<script type=\"application\/ld+json\" class=\"yoast-schema-graph\">{\"@context\":\"https:\/\/schema.org\",\"@graph\":[{\"@type\":\"WebPage\",\"@id\":\"https:\/\/depersialaw.com\/dui-attorney\/\",\"url\":\"https:\/\/depersialaw.com\/dui-attorney\/\",\"name\":\"Driving Under the Influence in NJ | DUI Attorney Robert Depersia\",\"isPartOf\":{\"@id\":\"https:\/\/depersialaw.com\/es\/#website\"},\"datePublished\":\"2023-08-03T21:23:58+00:00\",\"dateModified\":\"2026-01-28T16:19:30+00:00\",\"description\":\"In New Jersey, driving under the influence (DUI) is a serious traffic offense that can lead to imprisonment, fines, license suspension and hefty insurance surcharges. If you have been cited for DUI you need the assistance of an experienced DUI attorney.\",\"breadcrumb\":{\"@id\":\"https:\/\/depersialaw.com\/dui-attorney\/#breadcrumb\"},\"inLanguage\":\"es-MX\",\"potentialAction\":[{\"@type\":\"ReadAction\",\"target\":[\"https:\/\/depersialaw.com\/dui-attorney\/\"]}]},{\"@type\":\"BreadcrumbList\",\"@id\":\"https:\/\/depersialaw.com\/dui-attorney\/#breadcrumb\",\"itemListElement\":[{\"@type\":\"ListItem\",\"position\":1,\"name\":\"Home\",\"item\":\"https:\/\/depersialaw.com\/\"},{\"@type\":\"ListItem\",\"position\":2,\"name\":\"DUI Attorney\"}]},{\"@type\":\"WebSite\",\"@id\":\"https:\/\/depersialaw.com\/es\/#website\",\"url\":\"https:\/\/depersialaw.com\/es\/\",\"name\":\"Robert E. Depersia law\",\"description\":\"\",\"potentialAction\":[{\"@type\":\"SearchAction\",\"target\":{\"@type\":\"EntryPoint\",\"urlTemplate\":\"https:\/\/depersialaw.com\/es\/?s={search_term_string}\"},\"query-input\":\"required name=search_term_string\"}],\"inLanguage\":\"es-MX\"}]}<\/script>\n<!-- \/ Yoast SEO plugin. -->","yoast_head_json":{"title":"Driving Under the Influence in NJ | DUI Attorney Robert Depersia","description":"In New Jersey, driving under the influence (DUI) is a serious traffic offense that can lead to imprisonment, fines, license suspension and hefty insurance surcharges. If you have been cited for DUI you need the assistance of an experienced DUI attorney.","robots":{"index":"index","follow":"follow","max-snippet":"max-snippet:-1","max-image-preview":"max-image-preview:large","max-video-preview":"max-video-preview:-1"},"canonical":"https:\/\/depersialaw.com\/es\/dui-attorney\/","og_locale":"es_MX","og_type":"article","og_title":"Driving Under the Influence in NJ | DUI Attorney Robert Depersia","og_description":"In New Jersey, driving under the influence (DUI) is a serious traffic offense that can lead to imprisonment, fines, license suspension and hefty insurance surcharges. If you have been cited for DUI you need the assistance of an experienced DUI attorney.","og_url":"https:\/\/depersialaw.com\/es\/dui-attorney\/","og_site_name":"Robert E. Depersia law","article_modified_time":"2026-01-28T16:19:30+00:00","og_image":[{"width":2200,"height":460,"url":"http:\/\/depersialaw.com\/wp-content\/uploads\/2015\/06\/sub-banner1.jpg","type":"image\/jpeg"}],"twitter_card":"summary_large_image","twitter_misc":{"Est. reading time":"4 minutes"},"schema":{"@context":"https:\/\/schema.org","@graph":[{"@type":"WebPage","@id":"https:\/\/depersialaw.com\/dui-attorney\/","url":"https:\/\/depersialaw.com\/dui-attorney\/","name":"Driving Under the Influence in NJ | DUI Attorney Robert Depersia","isPartOf":{"@id":"https:\/\/depersialaw.com\/es\/#website"},"datePublished":"2023-08-03T21:23:58+00:00","dateModified":"2026-01-28T16:19:30+00:00","description":"In New Jersey, driving under the influence (DUI) is a serious traffic offense that can lead to imprisonment, fines, license suspension and hefty insurance surcharges. If you have been cited for DUI you need the assistance of an experienced DUI attorney.","breadcrumb":{"@id":"https:\/\/depersialaw.com\/dui-attorney\/#breadcrumb"},"inLanguage":"es-MX","potentialAction":[{"@type":"ReadAction","target":["https:\/\/depersialaw.com\/dui-attorney\/"]}]},{"@type":"BreadcrumbList","@id":"https:\/\/depersialaw.com\/dui-attorney\/#breadcrumb","itemListElement":[{"@type":"ListItem","position":1,"name":"Home","item":"https:\/\/depersialaw.com\/"},{"@type":"ListItem","position":2,"name":"DUI Attorney"}]},{"@type":"WebSite","@id":"https:\/\/depersialaw.com\/es\/#website","url":"https:\/\/depersialaw.com\/es\/","name":"Robert E. Depersia law","description":"","potentialAction":[{"@type":"SearchAction","target":{"@type":"EntryPoint","urlTemplate":"https:\/\/depersialaw.com\/es\/?s={search_term_string}"},"query-input":"required name=search_term_string"}],"inLanguage":"es-MX"}]}},"_links":{"self":[{"href":"https:\/\/depersialaw.com\/es\/wp-json\/wp\/v2\/pages\/1503"}],"collection":[{"href":"https:\/\/depersialaw.com\/es\/wp-json\/wp\/v2\/pages"}],"about":[{"href":"https:\/\/depersialaw.com\/es\/wp-json\/wp\/v2\/types\/page"}],"author":[{"embeddable":true,"href":"https:\/\/depersialaw.com\/es\/wp-json\/wp\/v2\/users\/4"}],"replies":[{"embeddable":true,"href":"https:\/\/depersialaw.com\/es\/wp-json\/wp\/v2\/comments?post=1503"}],"version-history":[{"count":5,"href":"https:\/\/depersialaw.com\/es\/wp-json\/wp\/v2\/pages\/1503\/revisions"}],"predecessor-version":[{"id":1650,"href":"https:\/\/depersialaw.com\/es\/wp-json\/wp\/v2\/pages\/1503\/revisions\/1650"}],"wp:featuredmedia":[{"embeddable":true,"href":"https:\/\/depersialaw.com\/es\/wp-json\/wp\/v2\/media\/102"}],"wp:attachment":[{"href":"https:\/\/depersialaw.com\/es\/wp-json\/wp\/v2\/media?parent=1503"}],"curies":[{"name":"wp","href":"https:\/\/api.w.org\/{rel}","templated":true}]}}