{"id":145,"date":"2015-07-03T11:26:44","date_gmt":"2015-07-03T11:26:44","guid":{"rendered":"http:\/\/piyush\/depersialaw\/site\/?page_id=145"},"modified":"2023-08-08T14:35:00","modified_gmt":"2023-08-08T18:35:00","slug":"dwi-faq","status":"publish","type":"page","link":"https:\/\/depersialaw.com\/es\/dwi-faq\/","title":{"rendered":"PREGUNTAS FRECUENTES DWI"},"content":{"rendered":"<section class=\"section-white\">\n<div class=\"midd_main\">\n<div class=\"section-title text-center\">\n<h2 style=\"font-size: 32px; color: #000; text-transform: uppercase;\">PREGUNTAS FRECUENTES DWI<\/h2>\n<p>El procesamiento de casos de <a href=\"\/es\/dwi\/\">DWI<\/a> en Nueva Jersey puede basarse en los resultados de aliento, los resultados de sangre, los resultados de orina y los resultados de las pruebas psico \/ f\u00edsicas. El estado puede utilizar cualquier combinaci\u00f3n de cualquiera de estos resultados.<\/p>\n<\/div>\n<div class=\"row\">\n<div class=\"col-lg-7 col-md-6 col-xs-12 pull-left\">\n<h2>Infracci\u00f3n de tr\u00e1fico por DWI<\/h2>\n<p>DWI es una infracci\u00f3n de tr\u00e1fico en el Estado de Nueva Jersey. No es un delito criminal. A pesar de la magnitud de las sanciones que enfrenta, no resultar\u00e1 en una condena criminal para usted.<br \/>\n<a class=\"mybutton\" href=\"\/es\/contact\/\">Get A Free Consultation<\/a><\/p>\n<ul>\n<li>No se permite el acuerdo de negociaci\u00f3n en DWI\/Denegaci\u00f3n o casos relacionados con CDS.<\/li>\n<li>El estado de Nueva Jersey ahora debe probar un cargo por denegaci\u00f3n m\u00e1s all\u00e1 de un est\u00e1ndar de duda razonable.<\/li>\n<li>El estado de Nueva Jersey ha reducido el l\u00edmite legal de 1.0 a .08.<\/li>\n<li>Incluso si su lectura de BAC est\u00e1 por debajo de .08, el estado de New Jersey a\u00fan puede intentar condenarlo por DWI.<\/li>\n<li>Las condenas anteriores por DWI pueden y afectar\u00e1n su cargo actual de DWI.<\/li>\n<li>Existe una tolerancia cero para los conductores menores de 21 a\u00f1os acusados de DWI.<\/li>\n<li>Si sus privilegios para conducir en Nueva Jersey se suspenden por una condena de DWI, se informar\u00e1 a cualquier Estado que usted est\u00e1 autorizado.<\/li>\n<li>New Jersey no proporciona licencias de trabajo o dificultades para ninguna persona condenada por una ofensa de DWI. Debes defender y combatir tu caso al m\u00e1ximo.<\/li>\n<\/ul>\n<\/div>\n<div class=\"col-lg-5 col-md-6 col-xs-12 pull-right text-center\"><img decoding=\"async\" loading=\"lazy\" class=\"alignnone wp-image-307 size-full\" src=\"https:\/\/depersialaw.com\/wp-content\/uploads\/2015\/07\/Specializing-in-DWI-Defense.jpg\" alt=\"Specializing in DWI Defense\" width=\"1000\" height=\"666\" srcset=\"https:\/\/depersialaw.com\/wp-content\/uploads\/2015\/07\/Specializing-in-DWI-Defense.jpg 1000w, https:\/\/depersialaw.com\/wp-content\/uploads\/2015\/07\/Specializing-in-DWI-Defense-300x200.jpg 300w\" sizes=\"(max-width: 1000px) 100vw, 1000px\" \/><\/div>\n<\/div>\n<\/div>\n<\/section>\n<section class=\"cta-section cta-section2\">\n<div class=\"midd_main\">\n<h3>SI TIENE ALGUNA OTRA PREGUNTA RELACIONADA CON DWI, \u00a1LLAME HOY PARA CONTESTARLAS!<\/h3>\n<p><a href=\"\/es\/contact\/\">HAGA CLIC AQU\u00cd<\/a><\/p>\n<\/div>\n<\/section>","protected":false},"excerpt":{"rendered":"<p>DWI Frequently Asked Questions The prosecution of DWI cases in New Jersey can be based on breath results, blood results, urine results, and results of psycho\/physical tests. The state can use any combination of any of these results. DWI Traffic Offense DWI is a traffic offense in that State of New Jersey. It is not &hellip; <a href=\"https:\/\/depersialaw.com\/es\/dwi-faq\/\" class=\"more-link\">Continue reading <span class=\"screen-reader-text\">PREGUNTAS FRECUENTES DWI<\/span> <span class=\"meta-nav\">&rarr;<\/span><\/a><\/p>","protected":false},"author":1,"featured_media":102,"parent":0,"menu_order":0,"comment_status":"closed","ping_status":"closed","template":"page-templates\/full-width.php","meta":[],"acf":[],"yoast_head":"<!-- This site is optimized with the Yoast SEO plugin v20.12 - https:\/\/yoast.com\/wordpress\/plugins\/seo\/ -->\n<title>DWI Frequently Asked Questions - Robert E. Depersia law<\/title>\n<meta name=\"description\" content=\"Get your DWI related questions answered.\" \/>\n<meta name=\"robots\" content=\"index, follow, max-snippet:-1, max-image-preview:large, max-video-preview:-1\" \/>\n<link rel=\"canonical\" href=\"https:\/\/depersialaw.com\/es\/dwi-faq\/\" \/>\n<meta property=\"og:locale\" content=\"es_MX\" \/>\n<meta property=\"og:type\" content=\"article\" \/>\n<meta property=\"og:title\" content=\"DWI Frequently Asked Questions - Robert E. Depersia law\" \/>\n<meta property=\"og:description\" content=\"Get your DWI related questions answered.\" \/>\n<meta property=\"og:url\" content=\"https:\/\/depersialaw.com\/es\/dwi-faq\/\" \/>\n<meta property=\"og:site_name\" content=\"Robert E. Depersia law\" \/>\n<meta property=\"article:modified_time\" content=\"2023-08-08T18:35:00+00:00\" \/>\n<meta property=\"og:image\" content=\"http:\/\/depersialaw.com\/wp-content\/uploads\/2015\/06\/sub-banner1.jpg\" \/>\n\t<meta property=\"og:image:width\" content=\"2200\" \/>\n\t<meta property=\"og:image:height\" content=\"460\" \/>\n\t<meta property=\"og:image:type\" content=\"image\/jpeg\" \/>\n<meta name=\"twitter:card\" content=\"summary_large_image\" \/>\n<meta name=\"twitter:label1\" content=\"Est. reading time\" \/>\n\t<meta name=\"twitter:data1\" content=\"2 minutes\" \/>\n<script type=\"application\/ld+json\" class=\"yoast-schema-graph\">{\"@context\":\"https:\/\/schema.org\",\"@graph\":[{\"@type\":\"WebPage\",\"@id\":\"https:\/\/depersialaw.com\/dwi-faq\/\",\"url\":\"https:\/\/depersialaw.com\/dwi-faq\/\",\"name\":\"DWI Frequently Asked Questions - Robert E. Depersia law\",\"isPartOf\":{\"@id\":\"https:\/\/depersialaw.com\/es\/#website\"},\"datePublished\":\"2015-07-03T11:26:44+00:00\",\"dateModified\":\"2023-08-08T18:35:00+00:00\",\"description\":\"Get your DWI related questions answered.\",\"breadcrumb\":{\"@id\":\"https:\/\/depersialaw.com\/dwi-faq\/#breadcrumb\"},\"inLanguage\":\"es-MX\",\"potentialAction\":[{\"@type\":\"ReadAction\",\"target\":[\"https:\/\/depersialaw.com\/dwi-faq\/\"]}]},{\"@type\":\"BreadcrumbList\",\"@id\":\"https:\/\/depersialaw.com\/dwi-faq\/#breadcrumb\",\"itemListElement\":[{\"@type\":\"ListItem\",\"position\":1,\"name\":\"Home\",\"item\":\"https:\/\/depersialaw.com\/\"},{\"@type\":\"ListItem\",\"position\":2,\"name\":\"DWI Frequently Asked Questions\"}]},{\"@type\":\"WebSite\",\"@id\":\"https:\/\/depersialaw.com\/es\/#website\",\"url\":\"https:\/\/depersialaw.com\/es\/\",\"name\":\"Robert E. Depersia law\",\"description\":\"\",\"potentialAction\":[{\"@type\":\"SearchAction\",\"target\":{\"@type\":\"EntryPoint\",\"urlTemplate\":\"https:\/\/depersialaw.com\/es\/?s={search_term_string}\"},\"query-input\":\"required name=search_term_string\"}],\"inLanguage\":\"es-MX\"}]}<\/script>\n<!-- \/ Yoast SEO plugin. -->","yoast_head_json":{"title":"DWI Frequently Asked Questions - Robert E. Depersia law","description":"Get your DWI related questions answered.","robots":{"index":"index","follow":"follow","max-snippet":"max-snippet:-1","max-image-preview":"max-image-preview:large","max-video-preview":"max-video-preview:-1"},"canonical":"https:\/\/depersialaw.com\/es\/dwi-faq\/","og_locale":"es_MX","og_type":"article","og_title":"DWI Frequently Asked Questions - Robert E. Depersia law","og_description":"Get your DWI related questions answered.","og_url":"https:\/\/depersialaw.com\/es\/dwi-faq\/","og_site_name":"Robert E. Depersia law","article_modified_time":"2023-08-08T18:35:00+00:00","og_image":[{"width":2200,"height":460,"url":"http:\/\/depersialaw.com\/wp-content\/uploads\/2015\/06\/sub-banner1.jpg","type":"image\/jpeg"}],"twitter_card":"summary_large_image","twitter_misc":{"Est. reading time":"2 minutes"},"schema":{"@context":"https:\/\/schema.org","@graph":[{"@type":"WebPage","@id":"https:\/\/depersialaw.com\/dwi-faq\/","url":"https:\/\/depersialaw.com\/dwi-faq\/","name":"DWI Frequently Asked Questions - Robert E. Depersia law","isPartOf":{"@id":"https:\/\/depersialaw.com\/es\/#website"},"datePublished":"2015-07-03T11:26:44+00:00","dateModified":"2023-08-08T18:35:00+00:00","description":"Get your DWI related questions answered.","breadcrumb":{"@id":"https:\/\/depersialaw.com\/dwi-faq\/#breadcrumb"},"inLanguage":"es-MX","potentialAction":[{"@type":"ReadAction","target":["https:\/\/depersialaw.com\/dwi-faq\/"]}]},{"@type":"BreadcrumbList","@id":"https:\/\/depersialaw.com\/dwi-faq\/#breadcrumb","itemListElement":[{"@type":"ListItem","position":1,"name":"Home","item":"https:\/\/depersialaw.com\/"},{"@type":"ListItem","position":2,"name":"DWI Frequently Asked Questions"}]},{"@type":"WebSite","@id":"https:\/\/depersialaw.com\/es\/#website","url":"https:\/\/depersialaw.com\/es\/","name":"Robert E. Depersia law","description":"","potentialAction":[{"@type":"SearchAction","target":{"@type":"EntryPoint","urlTemplate":"https:\/\/depersialaw.com\/es\/?s={search_term_string}"},"query-input":"required name=search_term_string"}],"inLanguage":"es-MX"}]}},"_links":{"self":[{"href":"https:\/\/depersialaw.com\/es\/wp-json\/wp\/v2\/pages\/145"}],"collection":[{"href":"https:\/\/depersialaw.com\/es\/wp-json\/wp\/v2\/pages"}],"about":[{"href":"https:\/\/depersialaw.com\/es\/wp-json\/wp\/v2\/types\/page"}],"author":[{"embeddable":true,"href":"https:\/\/depersialaw.com\/es\/wp-json\/wp\/v2\/users\/1"}],"replies":[{"embeddable":true,"href":"https:\/\/depersialaw.com\/es\/wp-json\/wp\/v2\/comments?post=145"}],"version-history":[{"count":1,"href":"https:\/\/depersialaw.com\/es\/wp-json\/wp\/v2\/pages\/145\/revisions"}],"predecessor-version":[{"id":1540,"href":"https:\/\/depersialaw.com\/es\/wp-json\/wp\/v2\/pages\/145\/revisions\/1540"}],"wp:featuredmedia":[{"embeddable":true,"href":"https:\/\/depersialaw.com\/es\/wp-json\/wp\/v2\/media\/102"}],"wp:attachment":[{"href":"https:\/\/depersialaw.com\/es\/wp-json\/wp\/v2\/media?parent=145"}],"curies":[{"name":"wp","href":"https:\/\/api.w.org\/{rel}","templated":true}]}}