{"id":142,"date":"2015-07-03T11:14:40","date_gmt":"2015-07-03T11:14:40","guid":{"rendered":"http:\/\/piyush\/depersialaw\/site\/?page_id=142"},"modified":"2023-08-08T14:34:54","modified_gmt":"2023-08-08T18:34:54","slug":"driving-while-suspended","status":"publish","type":"page","link":"https:\/\/depersialaw.com\/es\/driving-while-suspended\/","title":{"rendered":"CONDUCCI\u00d3N MIENTRAS ESTA SUSPENDIDO EN NEW  JERSEY"},"content":{"rendered":"<section class=\"section-white\">\n<div class=\"midd_main\">\n<div class=\"section-title text-center\">\n<h2 style=\"font-size: 32px; color: #000; text-transform: uppercase;\">CONDUCCI\u00d3N MIENTRAS ESTA SUSPENDIDO EN NJ<\/h2>\n<\/div>\n<div class=\"row\">\n<div class=\"col-lg-7 col-md-6 col-xs-12 pull-left\">\n<p>En Nueva Jersey, hay muchas infracciones de tr\u00e1nsito y <a href=\"\/es\/degree-of-crimes-in-new-jersey\/\">ofensas criminales<\/a> que lo exponen a la suspensi\u00f3n de su licencia de conducir. Si desde entonces ha sido acusado de conducir mientras su licencia est\u00e1 suspendida, N.J.S.A. 39: 3-40, se enfrentar\u00e1 a una serie de otras sanciones. Robert E. Depersia II, ha estado defendiendo a clientes en todo el sur de Jersey por dichos cargos criminales y de tr\u00e1fico durante m\u00e1s de 25 a\u00f1os.<br \/>\n<a class=\"mybutton\" href=\"\/es\/contact\/\">Get A Free Consultation<\/a><\/p>\n<h2>Sanciones Por Conducir Con Licencia Suspendida En NJ<\/h2>\n<p>Si esta es su primera sanci\u00f3n, estar\u00e1 expuesto a una multa de $ 500.00, recargos por la Comisi\u00f3n de Veh\u00edculos Motorizados que totalizan $ 250.00 por a\u00f1o durante 3 a\u00f1os, y perder\u00e1 su licencia de conducir por hasta 6 meses. Los infractores por segunda vez recibir\u00e1n una multa de $ 750.00, no deben pasar m\u00e1s de 5 d\u00edas en la c\u00e1rcel del condado, se les cobrar\u00e1n recargos por la Comisi\u00f3n de Veh\u00edculos Motorizados de $ 250.00 por a\u00f1o durante 3 a\u00f1os y nuevamente perder\u00e1n su licencia de conducir por hasta 6 meses. Por una tercera ofensa de DWS, se le impondr\u00e1 una multa de $ 1000.00, se enfrentar\u00e1 a 10 d\u00edas obligatorios en la c\u00e1rcel del condado, se le cobrar\u00e1n recargos por parte de la Comisi\u00f3n de Veh\u00edculos Motorizados y perder\u00e1 su licencia de conducir hasta por 6 meses. Si mientras operaba su veh\u00edculo en violaci\u00f3n del estatuto de Conducci\u00f3n mientras estaba suspendido, estuvo involucrado en un accidente que result\u00f3 en lesiones otra persona, el tribunal debe imponer una pena de prisi\u00f3n de no menos de 45 d\u00edas.<\/p>\n<\/div>\n<div class=\"col-lg-5 col-md-6 col-xs-12 pull-right text-center\"><img decoding=\"async\" class=\"thumbnail\" src=\"https:\/\/depersialaw.com\/wp-content\/themes\/tf_child\/images\/thumb\/driving-while-suspended-in-NJ.jpg\" alt=\"Driving While Suspended in NJ\"><\/div>\n<\/div>\n<\/div>\n<\/section>\n<section id=\"one-parallax\" class=\"parallax gas_dete section-transparentbg\" style=\"background-image: url('https:\/\/depersialaw.com\/wp-content\/themes\/tf_child\/images\/bg\/bg6.jpg');\" data-stellar-background-ratio=\"0.6\" data-stellar-vertical-offset=\"20\">\n<div class=\"midd_main\">\n<div class=\"row\">\n<div class=\"col-lg-7 col-md-6 col-xs-12 pull-right\">\n<h2>Suspensi\u00f3n De Licencia en New Jersey por DWI<\/h2>\n<p>En los casos en que su licencia fue suspendida como resultado de <a href=\"\/es\/dwi-faq\/\">DWI<\/a>una infracci\u00f3n por conducir mientras est\u00e1 suspendida lo expondr\u00e1 a una <a href=\"\/es\/criminal-defense\/\">ofensa criminal<\/a>&nbsp;(2C: 40-26) y castigos mejorados. Las sanciones incluyen una multa adicional de $ 500, recargos de MVC ($ 250 \/ a\u00f1o por 3 a\u00f1os), suspensi\u00f3n de la licencia de 1-2 a\u00f1os, per\u00edodo de 10 a 90 d\u00edas en la c\u00e1rcel del condado y antecedentes criminales.<\/p>\n<h3>Experimentado Abogado de Defensa en NJ<\/h3>\n<p>Como un experimentado abogado defensor en el sur de Nueva Jersey, Robert E. DePersia II, revisar\u00e1 su caso y lo ayudar\u00e1 a desarrollar la mejor defensa en su situaci\u00f3n particular. Si no sab\u00eda que su licencia fue suspendida y no recibi\u00f3 ninguna notificaci\u00f3n, es posible que Robert pueda demostrar lo mismo y evitarle las consecuencias de una condena. Llame a Robert E. DePersia II, hoy para una consulta gratuita al <a href=\"tel:856-795-9688\">(856) 795-9688<\/a>. Se habla Espa\u00f1ol.<\/p>\n<\/div>\n<div class=\"col-lg-5 col-md-6 col-xs-12 text-center pull-left\"><img decoding=\"async\" class=\"thumbnail\" src=\"https:\/\/depersialaw.com\/wp-content\/themes\/tf_child\/images\/thumb\/driving-with-suspended-license-penalities-in-nj.jpg\" alt=\"Driving With Suspended LicensePenalties in NJ\"><\/div>\n<\/div>\n<\/div>\n<\/section>\n<section class=\"cta-section cta-section2\">\n<div class=\"midd_main\">\n<h3>\u00a1Llame Ahora Para Un Abogado De Defensa Superior!<\/h3>\n<p><a href=\"\/es\/contact\/\">HAGA CLIC AQU\u00cd<\/a><\/p>\n<\/div>\n<\/section>","protected":false},"excerpt":{"rendered":"<p>Driving While Suspended in NJ In New Jersey, there are many traffic and criminal offenses that expose you to the suspension of your driver\u2019s license. If you have since been charged with driving while your license is suspended,N.J.S.A. 39:3-40, you will face a host of other penalties. Robert E. Depersia, II has been defending clients &hellip; <a href=\"https:\/\/depersialaw.com\/es\/driving-while-suspended\/\" class=\"more-link\">Continue reading <span class=\"screen-reader-text\">CONDUCCI\u00d3N MIENTRAS ESTA SUSPENDIDO EN NEW  JERSEY<\/span> <span class=\"meta-nav\">&rarr;<\/span><\/a><\/p>","protected":false},"author":1,"featured_media":102,"parent":0,"menu_order":0,"comment_status":"closed","ping_status":"closed","template":"page-templates\/full-width.php","meta":[],"acf":[],"yoast_head":"<!-- This site is optimized with the Yoast SEO plugin v20.12 - https:\/\/yoast.com\/wordpress\/plugins\/seo\/ -->\n<title>Driving While Suspended in New Jersey - Robert E. Depersia law<\/title>\n<meta name=\"description\" content=\"If you have been charged with driving while your license is suspended, you need the expertise of an experienced defense attorney, Robert DePersia.\" \/>\n<meta name=\"robots\" content=\"index, follow, max-snippet:-1, max-image-preview:large, max-video-preview:-1\" \/>\n<link rel=\"canonical\" href=\"https:\/\/depersialaw.com\/es\/driving-while-suspended\/\" \/>\n<meta property=\"og:locale\" content=\"es_MX\" \/>\n<meta property=\"og:type\" content=\"article\" \/>\n<meta property=\"og:title\" content=\"Driving While Suspended in New Jersey - Robert E. Depersia law\" \/>\n<meta property=\"og:description\" content=\"If you have been charged with driving while your license is suspended, you need the expertise of an experienced defense attorney, Robert DePersia.\" \/>\n<meta property=\"og:url\" content=\"https:\/\/depersialaw.com\/es\/driving-while-suspended\/\" \/>\n<meta property=\"og:site_name\" content=\"Robert E. Depersia law\" \/>\n<meta property=\"article:modified_time\" content=\"2023-08-08T18:34:54+00:00\" \/>\n<meta property=\"og:image\" content=\"http:\/\/depersialaw.com\/wp-content\/uploads\/2015\/06\/sub-banner1.jpg\" \/>\n\t<meta property=\"og:image:width\" content=\"2200\" \/>\n\t<meta property=\"og:image:height\" content=\"460\" \/>\n\t<meta property=\"og:image:type\" content=\"image\/jpeg\" \/>\n<meta name=\"twitter:card\" content=\"summary_large_image\" \/>\n<meta name=\"twitter:label1\" content=\"Est. reading time\" \/>\n\t<meta name=\"twitter:data1\" content=\"3 minutes\" \/>\n<script type=\"application\/ld+json\" class=\"yoast-schema-graph\">{\"@context\":\"https:\/\/schema.org\",\"@graph\":[{\"@type\":\"WebPage\",\"@id\":\"https:\/\/depersialaw.com\/driving-while-suspended\/\",\"url\":\"https:\/\/depersialaw.com\/driving-while-suspended\/\",\"name\":\"Driving While Suspended in New Jersey - Robert E. Depersia law\",\"isPartOf\":{\"@id\":\"https:\/\/depersialaw.com\/es\/#website\"},\"datePublished\":\"2015-07-03T11:14:40+00:00\",\"dateModified\":\"2023-08-08T18:34:54+00:00\",\"description\":\"If you have been charged with driving while your license is suspended, you need the expertise of an experienced defense attorney, Robert DePersia.\",\"breadcrumb\":{\"@id\":\"https:\/\/depersialaw.com\/driving-while-suspended\/#breadcrumb\"},\"inLanguage\":\"es-MX\",\"potentialAction\":[{\"@type\":\"ReadAction\",\"target\":[\"https:\/\/depersialaw.com\/driving-while-suspended\/\"]}]},{\"@type\":\"BreadcrumbList\",\"@id\":\"https:\/\/depersialaw.com\/driving-while-suspended\/#breadcrumb\",\"itemListElement\":[{\"@type\":\"ListItem\",\"position\":1,\"name\":\"Home\",\"item\":\"https:\/\/depersialaw.com\/\"},{\"@type\":\"ListItem\",\"position\":2,\"name\":\"Driving While Suspended in New Jersey\"}]},{\"@type\":\"WebSite\",\"@id\":\"https:\/\/depersialaw.com\/es\/#website\",\"url\":\"https:\/\/depersialaw.com\/es\/\",\"name\":\"Robert E. Depersia law\",\"description\":\"\",\"potentialAction\":[{\"@type\":\"SearchAction\",\"target\":{\"@type\":\"EntryPoint\",\"urlTemplate\":\"https:\/\/depersialaw.com\/es\/?s={search_term_string}\"},\"query-input\":\"required name=search_term_string\"}],\"inLanguage\":\"es-MX\"}]}<\/script>\n<!-- \/ Yoast SEO plugin. -->","yoast_head_json":{"title":"Driving While Suspended in New Jersey - Robert E. Depersia law","description":"If you have been charged with driving while your license is suspended, you need the expertise of an experienced defense attorney, Robert DePersia.","robots":{"index":"index","follow":"follow","max-snippet":"max-snippet:-1","max-image-preview":"max-image-preview:large","max-video-preview":"max-video-preview:-1"},"canonical":"https:\/\/depersialaw.com\/es\/driving-while-suspended\/","og_locale":"es_MX","og_type":"article","og_title":"Driving While Suspended in New Jersey - Robert E. Depersia law","og_description":"If you have been charged with driving while your license is suspended, you need the expertise of an experienced defense attorney, Robert DePersia.","og_url":"https:\/\/depersialaw.com\/es\/driving-while-suspended\/","og_site_name":"Robert E. Depersia law","article_modified_time":"2023-08-08T18:34:54+00:00","og_image":[{"width":2200,"height":460,"url":"http:\/\/depersialaw.com\/wp-content\/uploads\/2015\/06\/sub-banner1.jpg","type":"image\/jpeg"}],"twitter_card":"summary_large_image","twitter_misc":{"Est. reading time":"3 minutes"},"schema":{"@context":"https:\/\/schema.org","@graph":[{"@type":"WebPage","@id":"https:\/\/depersialaw.com\/driving-while-suspended\/","url":"https:\/\/depersialaw.com\/driving-while-suspended\/","name":"Driving While Suspended in New Jersey - Robert E. Depersia law","isPartOf":{"@id":"https:\/\/depersialaw.com\/es\/#website"},"datePublished":"2015-07-03T11:14:40+00:00","dateModified":"2023-08-08T18:34:54+00:00","description":"If you have been charged with driving while your license is suspended, you need the expertise of an experienced defense attorney, Robert DePersia.","breadcrumb":{"@id":"https:\/\/depersialaw.com\/driving-while-suspended\/#breadcrumb"},"inLanguage":"es-MX","potentialAction":[{"@type":"ReadAction","target":["https:\/\/depersialaw.com\/driving-while-suspended\/"]}]},{"@type":"BreadcrumbList","@id":"https:\/\/depersialaw.com\/driving-while-suspended\/#breadcrumb","itemListElement":[{"@type":"ListItem","position":1,"name":"Home","item":"https:\/\/depersialaw.com\/"},{"@type":"ListItem","position":2,"name":"Driving While Suspended in New Jersey"}]},{"@type":"WebSite","@id":"https:\/\/depersialaw.com\/es\/#website","url":"https:\/\/depersialaw.com\/es\/","name":"Robert E. Depersia law","description":"","potentialAction":[{"@type":"SearchAction","target":{"@type":"EntryPoint","urlTemplate":"https:\/\/depersialaw.com\/es\/?s={search_term_string}"},"query-input":"required name=search_term_string"}],"inLanguage":"es-MX"}]}},"_links":{"self":[{"href":"https:\/\/depersialaw.com\/es\/wp-json\/wp\/v2\/pages\/142"}],"collection":[{"href":"https:\/\/depersialaw.com\/es\/wp-json\/wp\/v2\/pages"}],"about":[{"href":"https:\/\/depersialaw.com\/es\/wp-json\/wp\/v2\/types\/page"}],"author":[{"embeddable":true,"href":"https:\/\/depersialaw.com\/es\/wp-json\/wp\/v2\/users\/1"}],"replies":[{"embeddable":true,"href":"https:\/\/depersialaw.com\/es\/wp-json\/wp\/v2\/comments?post=142"}],"version-history":[{"count":1,"href":"https:\/\/depersialaw.com\/es\/wp-json\/wp\/v2\/pages\/142\/revisions"}],"predecessor-version":[{"id":1539,"href":"https:\/\/depersialaw.com\/es\/wp-json\/wp\/v2\/pages\/142\/revisions\/1539"}],"wp:featuredmedia":[{"embeddable":true,"href":"https:\/\/depersialaw.com\/es\/wp-json\/wp\/v2\/media\/102"}],"wp:attachment":[{"href":"https:\/\/depersialaw.com\/es\/wp-json\/wp\/v2\/media?parent=142"}],"curies":[{"name":"wp","href":"https:\/\/api.w.org\/{rel}","templated":true}]}}