{"id":141,"date":"2015-07-03T11:02:59","date_gmt":"2015-07-03T11:02:59","guid":{"rendered":"http:\/\/piyush\/depersialaw\/site\/?page_id=141"},"modified":"2026-01-28T11:34:06","modified_gmt":"2026-01-28T16:34:06","slug":"driving-while-intoxicated","status":"publish","type":"page","link":"https:\/\/depersialaw.com\/es\/driving-while-intoxicated\/","title":{"rendered":"CONDUCIR MIENTRAS ESTA INTOXICADO"},"content":{"rendered":"<section class=\"section-white\">\n<div class=\"midd_main\">\n<div class=\"section-title text-center\">\n<h2 style=\"font-size: 32px; color: #000; text-transform: uppercase;\">CONDUCIR MIENTRAS ESTA INTOXICADO EN NJ<\/h2>\n<\/div>\n<div class=\"row\">\n<div class=\"col-lg-7 col-md-6 col-xs-12 pull-left\">\n<p>En Nueva Jersey, conducir en estado de ebriedad (DWI, por sus siglas en ingl\u00e9s) es un delito grave de tr\u00e1fico que puede llevar al encarcelamiento, multas, suspensi\u00f3n de licencias y fuertes recargos por seguros. Si ha sido citado por DWI, necesita la ayuda de un abogado con experiencia en DWI. <a href=\"\/es\/about-robert-depersia\/\">Robert E. DePersia, II<\/a> has over 30 years of experience in DWI defense and will confidently handle your case throughout the litigation process. He will explain to you your offense, the legal repercussions of a DWI, and the legal process after a DWI offense.<br \/>\n<a class=\"mybutton\" href=\"\/es\/contact\/\">Get A Free Consultation<\/a><\/p>\n<p>N.J.S.A 39: 4-50 proh\u00edbe a cualquier persona operar un veh\u00edculo motorizado con una concentraci\u00f3n de alcohol en sangre (BAC) de .08% o m\u00e1s. Una persona tambi\u00e9n tiene prohibido operar un veh\u00edculo bajo la influencia de drogas il\u00edcitas. Si el conductor del veh\u00edculo motorizado est\u00e1 <a href=\"\/es\/the-dui-process\/\">bajo la influencia<\/a> y tambi\u00e9n es menor de edad, el estado aplica una Pol\u00edtica de Tolerancia Cero. Esta pol\u00edtica para infractores menores de edad proh\u00edbe que cualquier persona menor de la edad legal para beber (21 a\u00f1os) conduzca un veh\u00edculo con un BAC de .02 o mayor. Para determinar su concentraci\u00f3n de alcohol en la sangre, NJ emplea el uso de una prueba de aliento, an\u00e1lisis de orina, muestra de sangre y \/ o una prueba est\u00e1ndar de sobriedad de campo.<\/p>\n<p>\u00a1OBTENGA LA AYUDA DE ROBERT E. DEPERSIA II, HOY!<\/p>\n<\/div>\n<div class=\"col-lg-5 col-md-6 col-xs-12 pull-right text-center\"><img decoding=\"async\" class=\"thumbnail\" src=\"https:\/\/depersialaw.com\/wp-content\/themes\/tf_child\/images\/thumb\/driving-while-intoxicated-in-nj.jpg\" alt=\"Driving While Intoxicated in NJ\" \/><\/div>\n<\/div>\n<\/div>\n<\/section>\n<section id=\"one-parallax\" class=\"parallax gas_dete section-transparentbg\" style=\"background-image: url('https:\/\/depersialaw.com\/wp-content\/themes\/tf_child\/images\/bg\/bg5.jpg');\" data-stellar-background-ratio=\"0.6\" data-stellar-vertical-offset=\"20\">\n<div class=\"midd_main\">\n<div class=\"row\">\n<div class=\"col-lg-7 col-md-6 col-xs-12 pull-right\">\n<h2>Ofensores Por Primera Vez En DWI<\/h2>\n<p>Si esta es su primera ofensa de DWI y se determin\u00f3 que su BAC est\u00e1 entre .08% - .099%, se enfrentar\u00e1 a una suspensi\u00f3n de licencia de 3 meses obligatoria, multas que oscilan entre $ 800- $ 1000 m\u00e1s un recargo de $ 1000 por tres a\u00f1os, y una posible prisi\u00f3n Plazo de 30 d\u00edas. Los delincuentes acusados de un BAC de .10% o m\u00e1s est\u00e1n expuestos a consecuencias m\u00e1s graves, como la suspensi\u00f3n obligatoria de la licencia por 7 meses, multas que oscilan entre $ 950 y $ 1150 m\u00e1s un recargo de $ 1000 por 3 a\u00f1os y la posibilidad de 30 d\u00edas en la c\u00e1rcel.<\/p>\n<h2>Segunda Ofensa De DWI<\/h2>\n<p>La segunda vez que los infractores de DWI se enfrentar\u00e1n a los mismos recargos que un infractor por primera vez, sin embargo, las multas aumentan con el monto exacto que queda a discreci\u00f3n del juez. Adem\u00e1s, los infractores por segunda vez deben cumplir 30 d\u00edas de servicio comunitario (6 horas por d\u00eda), hay una sentencia de c\u00e1rcel obligatoria de 2 a 90 d\u00edas (a veces, el tiempo empleado en el programa IDRC es aceptable), perder\u00e1 su licencia de conducir durante 2 a\u00f1os, y se le pedir\u00e1 que instale un dispositivo de bloqueo de encendido.<\/p>\n<\/div>\n<div class=\"col-lg-5 col-md-6 col-xs-12 text-center pull-left\"><img decoding=\"async\" class=\"thumbnail\" src=\"https:\/\/depersialaw.com\/wp-content\/themes\/tf_child\/images\/thumb\/driving-while-intoxicated.jpg\" alt=\"Driving While Intoxicated\" \/><\/div>\n<\/div>\n<\/div>\n<\/section>\n<section class=\"section-white\">\n<div class=\"midd_main\">\n<div class=\"row\">\n<div class=\"col-lg-7 col-md-6 col-xs-12 pull-left\">\n<h2>Tercera Ofensa De DWI<\/h2>\n<p>Los acusados de una tercera infracci\u00f3n de DWI en Nueva Jersey enfrentar\u00e1n nuevamente el recargo de $ 1000 por 3 a\u00f1os, as\u00ed como tambi\u00e9n las multas. Las multas oscilar\u00e1n entre $ 950 y $ 1150, su licencia ser\u00e1 revocada por 10 a\u00f1os y, a discreci\u00f3n de los jueces, puede enfrentar 180 d\u00edas en prisi\u00f3n. Los infractores de DWI por tercera vez tambi\u00e9n deben instalar un dispositivo de bloqueo de encendido en todos sus veh\u00edculos durante los 10 a\u00f1os de suspensi\u00f3n y de 1 a 3 a\u00f1os despu\u00e9s de que se haya restaurado su licencia. Si no se instala un bloqueo de encendido cuando lo ordena un juez, se puede obtener un a\u00f1o adicional de <a href=\"\/es\/driving-while-suspended\/\">suspensi\u00f3n del privilegio de conducir.<\/a>.<\/p>\n<p>Independientemente de la cantidad de veces que haya sido acusado de DWI, necesita la ayuda de un abogado defensor con experiencia para proteger sus derechos. Robert E. DePersia II, puede ser capaz de argumentar la validez de las pruebas realizadas por\nla polic\u00eda, pero el tiempo es esencial. Llame hoy para una consulta gratuita y defienda sus derechos y libertad <a href=\"tel:856-795-9688\">(856) 795-9688<\/a>.<\/p>\n<\/div>\n<div class=\"col-lg-5 col-md-6 col-xs-12 pull-right text-center\"><img decoding=\"async\" class=\"thumbnail\" src=\"https:\/\/depersialaw.com\/wp-content\/themes\/tf_child\/images\/thumb\/dwi.jpg\" alt=\"DWI\" \/><\/div>\n<\/div>\n<\/div>\n<\/section>\n<section class=\"cta-section cta-section2\">\n<div class=\"midd_main\">\n<h3>LLAME HOY PARA ASEGURARSE DE QUE SUS DERECHOS EST\u00c1N PROTEGIDOS<\/h3>\n<p><a href=\"\/es\/contact\/\">HAGA CLIC AQU\u00cd<\/a><\/p>\n<\/div>\n<\/section>","protected":false},"excerpt":{"rendered":"<p>Driving While Intoxicated in NJ In New Jersey, driving while intoxicated (DWI) is a serious traffic offense that can lead to imprisonment, fines, license suspension and hefty insurance surcharges. If you have been cited for DWI you need the assistance of an experience DWI attorney. Robert E. DePersia, II has over 30 years of experience &hellip; <a href=\"https:\/\/depersialaw.com\/es\/driving-while-intoxicated\/\" class=\"more-link\">Continue reading <span class=\"screen-reader-text\">CONDUCIR MIENTRAS ESTA INTOXICADO<\/span> <span class=\"meta-nav\">&rarr;<\/span><\/a><\/p>","protected":false},"author":1,"featured_media":102,"parent":0,"menu_order":0,"comment_status":"closed","ping_status":"closed","template":"page-templates\/full-width.php","meta":[],"acf":[],"yoast_head":"<!-- This site is optimized with the Yoast SEO plugin v20.12 - https:\/\/yoast.com\/wordpress\/plugins\/seo\/ -->\n<title>Driving While Intoxicated - Robert E. Depersia lawDWI Attorney South Jersey | DWI Attorney Haddonfield<\/title>\n<meta name=\"description\" content=\"If you have been cited for DWI, you need the assistance of an experienced DWI attorney. Robert E. DePersia, II has over 25 years of experience in DWI defense and will confidently handle your case throughout the litigation process.\" \/>\n<meta name=\"robots\" content=\"index, follow, max-snippet:-1, max-image-preview:large, max-video-preview:-1\" \/>\n<link rel=\"canonical\" href=\"https:\/\/depersialaw.com\/es\/driving-while-intoxicated\/\" \/>\n<meta property=\"og:locale\" content=\"es_MX\" \/>\n<meta property=\"og:type\" content=\"article\" \/>\n<meta property=\"og:title\" content=\"Driving While Intoxicated - Robert E. Depersia lawDWI Attorney South Jersey | DWI Attorney Haddonfield\" \/>\n<meta property=\"og:description\" content=\"If you have been cited for DWI, you need the assistance of an experienced DWI attorney. Robert E. DePersia, II has over 25 years of experience in DWI defense and will confidently handle your case throughout the litigation process.\" \/>\n<meta property=\"og:url\" content=\"https:\/\/depersialaw.com\/es\/driving-while-intoxicated\/\" \/>\n<meta property=\"og:site_name\" content=\"Robert E. Depersia law\" \/>\n<meta property=\"article:modified_time\" content=\"2026-01-28T16:34:06+00:00\" \/>\n<meta property=\"og:image\" content=\"http:\/\/depersialaw.com\/wp-content\/uploads\/2015\/06\/sub-banner1.jpg\" \/>\n\t<meta property=\"og:image:width\" content=\"2200\" \/>\n\t<meta property=\"og:image:height\" content=\"460\" \/>\n\t<meta property=\"og:image:type\" content=\"image\/jpeg\" \/>\n<meta name=\"twitter:card\" content=\"summary_large_image\" \/>\n<meta name=\"twitter:label1\" content=\"Est. reading time\" \/>\n\t<meta name=\"twitter:data1\" content=\"4 minutes\" \/>\n<script type=\"application\/ld+json\" class=\"yoast-schema-graph\">{\"@context\":\"https:\/\/schema.org\",\"@graph\":[{\"@type\":\"WebPage\",\"@id\":\"https:\/\/depersialaw.com\/driving-while-intoxicated\/\",\"url\":\"https:\/\/depersialaw.com\/driving-while-intoxicated\/\",\"name\":\"Driving While Intoxicated - Robert E. Depersia lawDWI Attorney South Jersey | DWI Attorney Haddonfield\",\"isPartOf\":{\"@id\":\"https:\/\/depersialaw.com\/es\/#website\"},\"datePublished\":\"2015-07-03T11:02:59+00:00\",\"dateModified\":\"2026-01-28T16:34:06+00:00\",\"description\":\"If you have been cited for DWI, you need the assistance of an experienced DWI attorney. Robert E. DePersia, II has over 25 years of experience in DWI defense and will confidently handle your case throughout the litigation process.\",\"breadcrumb\":{\"@id\":\"https:\/\/depersialaw.com\/driving-while-intoxicated\/#breadcrumb\"},\"inLanguage\":\"es-MX\",\"potentialAction\":[{\"@type\":\"ReadAction\",\"target\":[\"https:\/\/depersialaw.com\/driving-while-intoxicated\/\"]}]},{\"@type\":\"BreadcrumbList\",\"@id\":\"https:\/\/depersialaw.com\/driving-while-intoxicated\/#breadcrumb\",\"itemListElement\":[{\"@type\":\"ListItem\",\"position\":1,\"name\":\"Home\",\"item\":\"https:\/\/depersialaw.com\/\"},{\"@type\":\"ListItem\",\"position\":2,\"name\":\"Driving While Intoxicated\"}]},{\"@type\":\"WebSite\",\"@id\":\"https:\/\/depersialaw.com\/es\/#website\",\"url\":\"https:\/\/depersialaw.com\/es\/\",\"name\":\"Robert E. Depersia law\",\"description\":\"\",\"potentialAction\":[{\"@type\":\"SearchAction\",\"target\":{\"@type\":\"EntryPoint\",\"urlTemplate\":\"https:\/\/depersialaw.com\/es\/?s={search_term_string}\"},\"query-input\":\"required name=search_term_string\"}],\"inLanguage\":\"es-MX\"}]}<\/script>\n<!-- \/ Yoast SEO plugin. -->","yoast_head_json":{"title":"Driving While Intoxicated - Robert E. Depersia lawDWI Attorney South Jersey | DWI Attorney Haddonfield","description":"If you have been cited for DWI, you need the assistance of an experienced DWI attorney. Robert E. DePersia, II has over 25 years of experience in DWI defense and will confidently handle your case throughout the litigation process.","robots":{"index":"index","follow":"follow","max-snippet":"max-snippet:-1","max-image-preview":"max-image-preview:large","max-video-preview":"max-video-preview:-1"},"canonical":"https:\/\/depersialaw.com\/es\/driving-while-intoxicated\/","og_locale":"es_MX","og_type":"article","og_title":"Driving While Intoxicated - Robert E. Depersia lawDWI Attorney South Jersey | DWI Attorney Haddonfield","og_description":"If you have been cited for DWI, you need the assistance of an experienced DWI attorney. Robert E. DePersia, II has over 25 years of experience in DWI defense and will confidently handle your case throughout the litigation process.","og_url":"https:\/\/depersialaw.com\/es\/driving-while-intoxicated\/","og_site_name":"Robert E. Depersia law","article_modified_time":"2026-01-28T16:34:06+00:00","og_image":[{"width":2200,"height":460,"url":"http:\/\/depersialaw.com\/wp-content\/uploads\/2015\/06\/sub-banner1.jpg","type":"image\/jpeg"}],"twitter_card":"summary_large_image","twitter_misc":{"Est. reading time":"4 minutes"},"schema":{"@context":"https:\/\/schema.org","@graph":[{"@type":"WebPage","@id":"https:\/\/depersialaw.com\/driving-while-intoxicated\/","url":"https:\/\/depersialaw.com\/driving-while-intoxicated\/","name":"Driving While Intoxicated - Robert E. Depersia lawDWI Attorney South Jersey | DWI Attorney Haddonfield","isPartOf":{"@id":"https:\/\/depersialaw.com\/es\/#website"},"datePublished":"2015-07-03T11:02:59+00:00","dateModified":"2026-01-28T16:34:06+00:00","description":"If you have been cited for DWI, you need the assistance of an experienced DWI attorney. Robert E. DePersia, II has over 25 years of experience in DWI defense and will confidently handle your case throughout the litigation process.","breadcrumb":{"@id":"https:\/\/depersialaw.com\/driving-while-intoxicated\/#breadcrumb"},"inLanguage":"es-MX","potentialAction":[{"@type":"ReadAction","target":["https:\/\/depersialaw.com\/driving-while-intoxicated\/"]}]},{"@type":"BreadcrumbList","@id":"https:\/\/depersialaw.com\/driving-while-intoxicated\/#breadcrumb","itemListElement":[{"@type":"ListItem","position":1,"name":"Home","item":"https:\/\/depersialaw.com\/"},{"@type":"ListItem","position":2,"name":"Driving While Intoxicated"}]},{"@type":"WebSite","@id":"https:\/\/depersialaw.com\/es\/#website","url":"https:\/\/depersialaw.com\/es\/","name":"Robert E. Depersia law","description":"","potentialAction":[{"@type":"SearchAction","target":{"@type":"EntryPoint","urlTemplate":"https:\/\/depersialaw.com\/es\/?s={search_term_string}"},"query-input":"required name=search_term_string"}],"inLanguage":"es-MX"}]}},"_links":{"self":[{"href":"https:\/\/depersialaw.com\/es\/wp-json\/wp\/v2\/pages\/141"}],"collection":[{"href":"https:\/\/depersialaw.com\/es\/wp-json\/wp\/v2\/pages"}],"about":[{"href":"https:\/\/depersialaw.com\/es\/wp-json\/wp\/v2\/types\/page"}],"author":[{"embeddable":true,"href":"https:\/\/depersialaw.com\/es\/wp-json\/wp\/v2\/users\/1"}],"replies":[{"embeddable":true,"href":"https:\/\/depersialaw.com\/es\/wp-json\/wp\/v2\/comments?post=141"}],"version-history":[{"count":3,"href":"https:\/\/depersialaw.com\/es\/wp-json\/wp\/v2\/pages\/141\/revisions"}],"predecessor-version":[{"id":1652,"href":"https:\/\/depersialaw.com\/es\/wp-json\/wp\/v2\/pages\/141\/revisions\/1652"}],"wp:featuredmedia":[{"embeddable":true,"href":"https:\/\/depersialaw.com\/es\/wp-json\/wp\/v2\/media\/102"}],"wp:attachment":[{"href":"https:\/\/depersialaw.com\/es\/wp-json\/wp\/v2\/media?parent=141"}],"curies":[{"name":"wp","href":"https:\/\/api.w.org\/{rel}","templated":true}]}}