{"id":136,"date":"2015-07-03T10:50:44","date_gmt":"2015-07-03T10:50:44","guid":{"rendered":"http:\/\/piyush\/depersialaw\/site\/?page_id=136"},"modified":"2023-08-08T14:34:08","modified_gmt":"2023-08-08T18:34:08","slug":"disorderly-persons-offense","status":"publish","type":"page","link":"https:\/\/depersialaw.com\/es\/disorderly-persons-offense\/","title":{"rendered":"OFENSA AL ORDEN P\u00daBLICO"},"content":{"rendered":"<section class=\"section-white\">\n<div class=\"midd_main\">\n<div class=\"row\">\n<div class=\"col-lg-7 col-md-6 col-xs-12 pull-left\">\n<h2 style=\"font-size: 32px; color: #000; text-transform: uppercase;\">OFENSA AL ORDEN P\u00daBLICO<\/h2>\n<p>Algunos de los cargos m\u00e1s comunes relacionados con veh\u00edculos no motorizados que se escuchan en los tribunales municipales de Nueva Jersey son los delitos de orden p\u00fablico y contravenciones contra el orden p\u00fablico. No solo un arresto por una ofensa al orden p\u00fablico es vergonzoso, sino que, lo que es m\u00e1s importante, puede resultar en antecedentes penales que aparecen en una verificaci\u00f3n de antecedentes criminales.<br \/>\n<a class=\"mybutton\" href=\"\/es\/contact\/\">Get A Free Consultation<\/a><\/p>\n<p>Si se enfrenta a un cargo de desorden p\u00fablico, como robar en una tienda, resistirse a un arresto o a un sin n\u00famero de personas, necesita la ayuda de un abogado con experiencia en defensa criminal de Nueva Jersey. Robert E. DePersia II, tiene m\u00e1s de 30 a\u00f1os de experiencia y conocimiento en los tribunales municipales de Nueva Jersey, y puede brindarle asesoramiento legal invaluable en su caso.<\/p>\n<\/div>\n<div class=\"col-lg-5 col-md-6 col-xs-12 pull-right text-center\"><img decoding=\"async\" class=\"thumbnail\" src=\"https:\/\/depersialaw.com\/wp-content\/themes\/tf_child\/images\/thumb\/disorderly-persons-offense.jpg\" alt=\"Disorderly Persons Offense\"><\/div>\n<\/div>\n<\/div>\n<\/section>\n<section id=\"one-parallax\" class=\"parallax gas_dete section-transparentbg\" style=\"background-image: url('https:\/\/depersialaw.com\/wp-content\/themes\/tf_child\/images\/bg\/bg4.jpg');\" data-stellar-background-ratio=\"0.6\" data-stellar-vertical-offset=\"20\">\n<div class=\"midd_main\">\n<div class=\"row\">\n<div class=\"col-lg-7 col-md-6 col-xs-12 pull-right\">\n<h2>Delitos No Indicables<\/h2>\n<p>Algunos de los delitos de desorden p\u00fablico m\u00e1s comunes en <a href=\"\/es\/new-jersey-municipal-court-charges\/\">en los Tribunales Municipales<\/a> de Nueva Jersey incluyen:<\/p>\n<div class=\"row\">\n<div class=\"col-lg-6\">\n<ul>\n<li>Hurto<\/li>\n<li><a href=\"\/es\/simple-assault-in-new-jersey\/\">Asalto simple<\/a><\/li>\n<li><a href=\"\/es\/disorderly-conduct\/\">Conducta desordenada<\/a><\/li>\n<\/ul>\n<\/div>\n<div class=\"col-lg-6\">\n<ul>\n<li>Malicia criminal<\/li>\n<li><a href=\"\/es\/possession-of-cds-in-new-jersey\/\">Posesi\u00f3n de CDS<\/a><\/li>\n<\/ul>\n<\/div>\n<\/div>\n<p>Si bien estos son cargos no procesables, punibles con una pena m\u00e1xima de seis (6) meses de prisi\u00f3n, una persona arrestada por un delito de desorden p\u00fablico todav\u00eda incurrir\u00e1 en un registro criminal. Para eliminar una ofensa de desorden p\u00fablico se le pedir\u00e1 que presente una <a href=\"\/es\/expungements\/\">solicitud de eliminaci\u00f3n<\/a>.<\/p>\n<\/div>\n<div class=\"col-lg-5 col-md-6 col-xs-12 text-center pull-left\"><img decoding=\"async\" loading=\"lazy\" class=\"alignnone wp-image-303 size-full\" src=\"https:\/\/depersialaw.com\/wp-content\/uploads\/2015\/07\/Disorderly-Persons-Criminal-Mischief.jpg\" alt=\"Disorderly Persons Offense-Criminal Mischief\" width=\"900\" height=\"598\" srcset=\"https:\/\/depersialaw.com\/wp-content\/uploads\/2015\/07\/Disorderly-Persons-Criminal-Mischief.jpg 900w, https:\/\/depersialaw.com\/wp-content\/uploads\/2015\/07\/Disorderly-Persons-Criminal-Mischief-300x199.jpg 300w\" sizes=\"(max-width: 900px) 100vw, 900px\" \/><\/div>\n<\/div>\n<\/div>\n<\/section>\n<section class=\"section-white\">\n<div class=\"midd_main\">\n<div class=\"section-title text-center\">\n<h2>Sanciones por Ofensas al Orden P\u00fablico En NJ<\/h2>\n<\/div>\n<div class=\"row\">\n<div class=\"col-lg-7 col-md-6 col-xs-12 pull-left\">\n<p>Si es declarado culpable de una ofensa por desorden p\u00fablico, estar\u00e1 expuesto a multas de hasta $ 1000 y hasta 6 meses de prisi\u00f3n. Ciertos delitos tambi\u00e9n conllevan la p\u00e9rdida obligatoria de los privilegios de conducir, incluso si el delito no tiene nada que ver con el manejo de un veh\u00edculo motorizado.<\/p>\n<p>Las posibles consecuencias a largo plazo por la condena de un delito de desorden p\u00fablico incluyen problemas de inmigraci\u00f3n, p\u00e9rdida de empleo y \/ o suspensi\u00f3n o revocaci\u00f3n de licencias, como una licencia m\u00e9dica o una licencia para ejercer la ley. Adem\u00e1s, los antecedentes criminales pueden dificultar la obtenci\u00f3n de un nuevo empleo, adquirir un pr\u00e9stamo, ingresar a la universidad o poseer un arma de fuego.<\/p>\n<p>Si ha sido acusado de una ofensa de desorden p\u00fablico, es importante que conserve a un abogado con experiencia en defensa criminal de Nueva Jersey para asegurarse de que su caso se haya rebajado a una infracci\u00f3n de la Ordenanza Municipal o se haya desestimado por completo. Robert E. DePersia II, puede revisar su caso y ofrecer informaci\u00f3n valiosa sobre la defensa de su caso. Llame hoy para una consulta gratuita <a href=\"tel:856-795-9688.\">(856) 795-9688.<\/a><\/p>\n<\/div>\n<div class=\"col-lg-5 col-md-6 col-xs-12 pull-right text-center\"><img decoding=\"async\" loading=\"lazy\" class=\"alignnone wp-image-304 size-full\" src=\"https:\/\/depersialaw.com\/wp-content\/uploads\/2015\/07\/Disorderly-Conduct-Penalties.jpg\" alt=\"Penalties for Disorderly Persons Offense\" width=\"900\" height=\"600\" srcset=\"https:\/\/depersialaw.com\/wp-content\/uploads\/2015\/07\/Disorderly-Conduct-Penalties.jpg 900w, https:\/\/depersialaw.com\/wp-content\/uploads\/2015\/07\/Disorderly-Conduct-Penalties-300x200.jpg 300w\" sizes=\"(max-width: 900px) 100vw, 900px\" \/><\/div>\n<\/div>\n<\/div>\n<\/section>\n<section class=\"cta-section cta-section2\">\n<div class=\"midd_main\">\n<h3>\u00a1 PARA UN ABOGADO DE DEFENSA SUPERIOR, LLAME A ROBERT E. DEPERSIA II, HOY!<\/h3>\n<p><a href=\"\/es\/contact\/\">HAGA CLIC AQU\u00cd<\/a><\/p>\n<\/div>\n<\/section>","protected":false},"excerpt":{"rendered":"<p>Disorderly Persons Offense Some of the most common non-motor vehicle related charges heard in the municipal courts of New Jersey are disorderly persons offenses and petty disorderly persons offenses. Not only is an arrest for a disorderly persons offense embarrassing, but more significantly, they can result in a criminal record that shows up in a &hellip; <a href=\"https:\/\/depersialaw.com\/es\/disorderly-persons-offense\/\" class=\"more-link\">Continue reading <span class=\"screen-reader-text\">OFENSA AL ORDEN P\u00daBLICO<\/span> <span class=\"meta-nav\">&rarr;<\/span><\/a><\/p>","protected":false},"author":1,"featured_media":102,"parent":0,"menu_order":0,"comment_status":"closed","ping_status":"closed","template":"page-templates\/full-width.php","meta":[],"acf":[],"yoast_head":"<!-- This site is optimized with the Yoast SEO plugin v20.12 - https:\/\/yoast.com\/wordpress\/plugins\/seo\/ -->\n<title>Disorderly Persons Offense - Robert E. Depersia law<\/title>\n<meta name=\"description\" content=\"If you are facing a disorderly persons charge such as shoplifting, resisting arrest or countless others, you need the assistance of an experienced New Jersey criminal defense attorney.\" \/>\n<meta name=\"robots\" content=\"index, follow, max-snippet:-1, max-image-preview:large, max-video-preview:-1\" \/>\n<link rel=\"canonical\" href=\"https:\/\/depersialaw.com\/es\/disorderly-persons-offense\/\" \/>\n<meta property=\"og:locale\" content=\"es_MX\" \/>\n<meta property=\"og:type\" content=\"article\" \/>\n<meta property=\"og:title\" content=\"Disorderly Persons Offense - Robert E. Depersia law\" \/>\n<meta property=\"og:description\" content=\"If you are facing a disorderly persons charge such as shoplifting, resisting arrest or countless others, you need the assistance of an experienced New Jersey criminal defense attorney.\" \/>\n<meta property=\"og:url\" content=\"https:\/\/depersialaw.com\/es\/disorderly-persons-offense\/\" \/>\n<meta property=\"og:site_name\" content=\"Robert E. Depersia law\" \/>\n<meta property=\"article:modified_time\" content=\"2023-08-08T18:34:08+00:00\" \/>\n<meta property=\"og:image\" content=\"http:\/\/depersialaw.com\/wp-content\/uploads\/2015\/06\/sub-banner1.jpg\" \/>\n\t<meta property=\"og:image:width\" content=\"2200\" \/>\n\t<meta property=\"og:image:height\" content=\"460\" \/>\n\t<meta property=\"og:image:type\" content=\"image\/jpeg\" \/>\n<meta name=\"twitter:card\" content=\"summary_large_image\" \/>\n<meta name=\"twitter:label1\" content=\"Est. reading time\" \/>\n\t<meta name=\"twitter:data1\" content=\"3 minutes\" \/>\n<script type=\"application\/ld+json\" class=\"yoast-schema-graph\">{\"@context\":\"https:\/\/schema.org\",\"@graph\":[{\"@type\":\"WebPage\",\"@id\":\"https:\/\/depersialaw.com\/disorderly-persons-offense\/\",\"url\":\"https:\/\/depersialaw.com\/disorderly-persons-offense\/\",\"name\":\"Disorderly Persons Offense - Robert E. Depersia law\",\"isPartOf\":{\"@id\":\"https:\/\/depersialaw.com\/es\/#website\"},\"datePublished\":\"2015-07-03T10:50:44+00:00\",\"dateModified\":\"2023-08-08T18:34:08+00:00\",\"description\":\"If you are facing a disorderly persons charge such as shoplifting, resisting arrest or countless others, you need the assistance of an experienced New Jersey criminal defense attorney.\",\"breadcrumb\":{\"@id\":\"https:\/\/depersialaw.com\/disorderly-persons-offense\/#breadcrumb\"},\"inLanguage\":\"es-MX\",\"potentialAction\":[{\"@type\":\"ReadAction\",\"target\":[\"https:\/\/depersialaw.com\/disorderly-persons-offense\/\"]}]},{\"@type\":\"BreadcrumbList\",\"@id\":\"https:\/\/depersialaw.com\/disorderly-persons-offense\/#breadcrumb\",\"itemListElement\":[{\"@type\":\"ListItem\",\"position\":1,\"name\":\"Home\",\"item\":\"https:\/\/depersialaw.com\/\"},{\"@type\":\"ListItem\",\"position\":2,\"name\":\"Disorderly Persons Offense\"}]},{\"@type\":\"WebSite\",\"@id\":\"https:\/\/depersialaw.com\/es\/#website\",\"url\":\"https:\/\/depersialaw.com\/es\/\",\"name\":\"Robert E. Depersia law\",\"description\":\"\",\"potentialAction\":[{\"@type\":\"SearchAction\",\"target\":{\"@type\":\"EntryPoint\",\"urlTemplate\":\"https:\/\/depersialaw.com\/es\/?s={search_term_string}\"},\"query-input\":\"required name=search_term_string\"}],\"inLanguage\":\"es-MX\"}]}<\/script>\n<!-- \/ Yoast SEO plugin. -->","yoast_head_json":{"title":"Disorderly Persons Offense - Robert E. Depersia law","description":"If you are facing a disorderly persons charge such as shoplifting, resisting arrest or countless others, you need the assistance of an experienced New Jersey criminal defense attorney.","robots":{"index":"index","follow":"follow","max-snippet":"max-snippet:-1","max-image-preview":"max-image-preview:large","max-video-preview":"max-video-preview:-1"},"canonical":"https:\/\/depersialaw.com\/es\/disorderly-persons-offense\/","og_locale":"es_MX","og_type":"article","og_title":"Disorderly Persons Offense - Robert E. Depersia law","og_description":"If you are facing a disorderly persons charge such as shoplifting, resisting arrest or countless others, you need the assistance of an experienced New Jersey criminal defense attorney.","og_url":"https:\/\/depersialaw.com\/es\/disorderly-persons-offense\/","og_site_name":"Robert E. Depersia law","article_modified_time":"2023-08-08T18:34:08+00:00","og_image":[{"width":2200,"height":460,"url":"http:\/\/depersialaw.com\/wp-content\/uploads\/2015\/06\/sub-banner1.jpg","type":"image\/jpeg"}],"twitter_card":"summary_large_image","twitter_misc":{"Est. reading time":"3 minutes"},"schema":{"@context":"https:\/\/schema.org","@graph":[{"@type":"WebPage","@id":"https:\/\/depersialaw.com\/disorderly-persons-offense\/","url":"https:\/\/depersialaw.com\/disorderly-persons-offense\/","name":"Disorderly Persons Offense - Robert E. Depersia law","isPartOf":{"@id":"https:\/\/depersialaw.com\/es\/#website"},"datePublished":"2015-07-03T10:50:44+00:00","dateModified":"2023-08-08T18:34:08+00:00","description":"If you are facing a disorderly persons charge such as shoplifting, resisting arrest or countless others, you need the assistance of an experienced New Jersey criminal defense attorney.","breadcrumb":{"@id":"https:\/\/depersialaw.com\/disorderly-persons-offense\/#breadcrumb"},"inLanguage":"es-MX","potentialAction":[{"@type":"ReadAction","target":["https:\/\/depersialaw.com\/disorderly-persons-offense\/"]}]},{"@type":"BreadcrumbList","@id":"https:\/\/depersialaw.com\/disorderly-persons-offense\/#breadcrumb","itemListElement":[{"@type":"ListItem","position":1,"name":"Home","item":"https:\/\/depersialaw.com\/"},{"@type":"ListItem","position":2,"name":"Disorderly Persons Offense"}]},{"@type":"WebSite","@id":"https:\/\/depersialaw.com\/es\/#website","url":"https:\/\/depersialaw.com\/es\/","name":"Robert E. Depersia law","description":"","potentialAction":[{"@type":"SearchAction","target":{"@type":"EntryPoint","urlTemplate":"https:\/\/depersialaw.com\/es\/?s={search_term_string}"},"query-input":"required name=search_term_string"}],"inLanguage":"es-MX"}]}},"_links":{"self":[{"href":"https:\/\/depersialaw.com\/es\/wp-json\/wp\/v2\/pages\/136"}],"collection":[{"href":"https:\/\/depersialaw.com\/es\/wp-json\/wp\/v2\/pages"}],"about":[{"href":"https:\/\/depersialaw.com\/es\/wp-json\/wp\/v2\/types\/page"}],"author":[{"embeddable":true,"href":"https:\/\/depersialaw.com\/es\/wp-json\/wp\/v2\/users\/1"}],"replies":[{"embeddable":true,"href":"https:\/\/depersialaw.com\/es\/wp-json\/wp\/v2\/comments?post=136"}],"version-history":[{"count":1,"href":"https:\/\/depersialaw.com\/es\/wp-json\/wp\/v2\/pages\/136\/revisions"}],"predecessor-version":[{"id":1538,"href":"https:\/\/depersialaw.com\/es\/wp-json\/wp\/v2\/pages\/136\/revisions\/1538"}],"wp:featuredmedia":[{"embeddable":true,"href":"https:\/\/depersialaw.com\/es\/wp-json\/wp\/v2\/media\/102"}],"wp:attachment":[{"href":"https:\/\/depersialaw.com\/es\/wp-json\/wp\/v2\/media?parent=136"}],"curies":[{"name":"wp","href":"https:\/\/api.w.org\/{rel}","templated":true}]}}