{"id":129,"date":"2015-07-03T10:31:30","date_gmt":"2015-07-03T10:31:30","guid":{"rendered":"http:\/\/piyush\/depersialaw\/site\/?page_id=129"},"modified":"2026-01-28T13:05:28","modified_gmt":"2026-01-28T18:05:28","slug":"disorderly-conduct","status":"publish","type":"page","link":"https:\/\/depersialaw.com\/es\/disorderly-conduct\/","title":{"rendered":"Conducta desordenada En NJ"},"content":{"rendered":"<section class=\"section-white\">\n<div class=\"midd_main\">\n<div class=\"section-title text-center\">\n<h2 style=\"font-size: 32px; color: #000; text-transform: uppercase;\">Conducta desordenada En NJ<\/h2>\n<\/div>\n<div class=\"row\">\n<div class=\"col-lg-7 col-md-6 col-xs-12 pull-left\">\n<p>Disorderly conduct in New Jersey is a serious offense and can result in a fine, 30 days in jail, even for first-time offenders, and can put a blemish on a person&#8217;s reputation. With over 30 years of experience providing legal counsel in New Jersey, <a href=\"\/es\/about-robert-depersia\/\">Robert E. DePersia II<\/a> puede evitar que un cargo de alteraci\u00f3n al orden p\u00fablico arruine su carrera y su vida personal, y trabajar\u00e1 agresivamente para defender sus intereses.<br \/>\n<a class=\"mybutton\" href=\"\/es\/contact\/\">Get A Free Consultation<\/a><\/p>\n<p>Conducta desordenada o la ofensa al orden p\u00fablico en Nueva Jersey puede incluir actividades tales como:<\/p>\n<div class=\"row\">\n<div class=\"col-lg-4 col-xs-12\">\n<ul>\n<li>Merodeando<\/li>\n<li>Gritos<\/li>\n<li>Amenazas<\/li>\n<\/ul>\n<\/div>\n<div class=\"col-lg-8 col-xs-12\">\n<ul>\n<li>Creando una falsa alarma<\/li>\n<li>Creating a false alarm<\/li>\n<\/ul>\n<\/div>\n<\/div>\n<\/div>\n<div class=\"col-lg-5 col-md-6 col-xs-12 pull-right text-center\"><img decoding=\"async\" loading=\"lazy\" class=\"alignnone wp-image-301 size-full\" src=\"https:\/\/depersialaw.com\/wp-content\/uploads\/2015\/07\/Disorderly-Conduct-Loitering.jpg\" alt=\"Disorderly Conduct-Trespassing\" width=\"900\" height=\"664\" srcset=\"https:\/\/depersialaw.com\/wp-content\/uploads\/2015\/07\/Disorderly-Conduct-Loitering.jpg 900w, https:\/\/depersialaw.com\/wp-content\/uploads\/2015\/07\/Disorderly-Conduct-Loitering-300x221.jpg 300w\" sizes=\"(max-width: 900px) 100vw, 900px\" \/><\/div>\n<\/div>\n<\/div>\n<\/section>\n<section id=\"one-parallax\" class=\"parallax gas_dete section-transparentbg\" style=\"background-image: url('https:\/\/depersialaw.com\/wp-content\/themes\/tf_child\/images\/bg\/bg2.jpg');\" data-stellar-background-ratio=\"0.6\" data-stellar-vertical-offset=\"20\">\n<div class=\"midd_main\">\n<div class=\"row\">\n<div class=\"col-lg-7 col-md-6 col-xs-12 pull-right\">\n<p>Una persona que sin saberlo dio la alarma cuando no hab\u00eda peligro o fue provocada por un argumento verbal por alguien podr\u00eda ser vulnerable a una acusaci\u00f3n de conducta desordenada.<\/p>\n<p>Para ser declarado culpable de este cargo, es necesario demostrar que usted ha tenido un comportamiento beligerante o perturbador, o que ha puesto en peligro la seguridad de los transe\u00fantes. La ofensa tiene que haber ocurrido en un \u00e1rea p\u00fablica que es utilizada por un gran n\u00famero de personas, como una calle, una escuela, un parque o un negocio. Robert E. DePersia II, crear\u00e1 una defensa que mejor se adapte a sus circunstancias y necesidades en su <a href=\"\/es\/practice-areas\/\">caso individual<\/a>.<\/p>\n<\/div>\n<div class=\"col-lg-5 col-md-6 col-xs-12 text-center pull-left\"><img decoding=\"async\" class=\"thumbnail\" src=\"https:\/\/depersialaw.com\/wp-content\/themes\/tf_child\/images\/thumb\/disorderly-persons-offense-in-new-jersey.jpg\" alt=\"Disorderly Persons Offense in New Jersey\"><\/div>\n<\/div>\n<\/div>\n<\/section>\n<section class=\"section-white\">\n<div class=\"midd_main\">\n<div class=\"row\">\n<div class=\"col-lg-7 col-md-6 col-xs-12 pull-left\">\n<h2>\u00bfSe Puede Retirar Una Carga De Conducta Desordenada?<\/h2>\n<p>Se puede desestimar un caso si se puede demostrar que la ubicaci\u00f3n no era un \u00e1rea p\u00fablica, por ejemplo, la propiedad privada de una empresa, o si estaba parcialmente cerrada al p\u00fablico. Adem\u00e1s, si las personas hubieran podido superar a la persona o situaci\u00f3n ofensiva sin inconvenientes, esto podr\u00eda aumentar las posibilidades de que el caso sea desestimado. Otro problema que podr\u00eda plantearse es si la persona ten\u00eda una causa justificada para crear una perturbaci\u00f3n como una amenaza de otra persona o si \u00e9l o ella activ\u00f3 una alarma cuando realmente hab\u00eda una raz\u00f3n adecuada para sospechar que la acci\u00f3n estaba justificada.<\/p>\n<p>Robert E. DePersia II, quiere asegurarse de que no se le haya condenado injustamente por una conducta desordenada. La multa podr\u00eda ser de $ 500 y la sentencia podr\u00eda ser de 30 d\u00edas en prisi\u00f3n, pero no es solo el inconveniente y el costo de las penas de prisi\u00f3n cortas y las multas que desea evitar, sino el deterioro de su reputaci\u00f3n. Para evitar antecedentes criminales, llame a Robert E. DePersia II, hoy para una consulta gratuita para defender sus derechos <a href=\"tel:856-795-9688.\">(856) 795-9688.<\/a><\/p>\n<\/div>\n<div class=\"col-lg-5 col-md-6 col-xs-12 pull-right text-center\"><img decoding=\"async\" class=\"thumbnail\" src=\"https:\/\/depersialaw.com\/wp-content\/themes\/tf_child\/images\/thumb\/disorderly-conduct-in-new-jersey.jpg\" alt=\"Disorderly Conduct in New Jersey\"><\/div>\n<\/div>\n<\/div>\n<\/section>\n<section class=\"cta-section cta-section2\">\n<div class=\"midd_main\">\n<h3>\u00a1PARA CONOCER M\u00c1S SOBRE LO QUE SE CATEGORIZA COMO UN CARGO POR CONDUCTA DESORDENADA, LLAME HOY MISMO!<\/h3>\n<p><a href=\"\/es\/contact\/\">HAGA CLIC AQU\u00cd<\/a><\/p>\n<\/div>\n<\/section>","protected":false},"excerpt":{"rendered":"<p>Disorderly Conduct in NJ Disorderly conduct in New Jersey is a serious offense and can result in a fine, 30 days in jail, even for first-time offenders, and can put a blemish on a person&#8217;s reputation. With over 30 years of experience providing legal counsel in New Jersey, Robert E. DePersia II can prevent a &hellip; <a href=\"https:\/\/depersialaw.com\/es\/disorderly-conduct\/\" class=\"more-link\">Continue reading <span class=\"screen-reader-text\">Conducta desordenada En NJ<\/span> <span class=\"meta-nav\">&rarr;<\/span><\/a><\/p>","protected":false},"author":1,"featured_media":102,"parent":0,"menu_order":0,"comment_status":"closed","ping_status":"closed","template":"page-templates\/full-width.php","meta":[],"acf":[],"yoast_head":"<!-- This site is optimized with the Yoast SEO plugin v20.12 - https:\/\/yoast.com\/wordpress\/plugins\/seo\/ -->\n<title>Disorderly Conduct in NJ - Robert E. Depersia law<\/title>\n<meta name=\"description\" content=\"Disorderly conduct in New Jersey is a serious offense and can result in a fine, 30 days in jail, even for first-time offenders, and can put a blemish on a person&#039;s reputation.\" \/>\n<meta name=\"robots\" content=\"index, follow, max-snippet:-1, max-image-preview:large, max-video-preview:-1\" \/>\n<link rel=\"canonical\" href=\"https:\/\/depersialaw.com\/es\/disorderly-conduct\/\" \/>\n<meta property=\"og:locale\" content=\"es_MX\" \/>\n<meta property=\"og:type\" content=\"article\" \/>\n<meta property=\"og:title\" content=\"Disorderly Conduct in NJ - Robert E. Depersia law\" \/>\n<meta property=\"og:description\" content=\"Disorderly conduct in New Jersey is a serious offense and can result in a fine, 30 days in jail, even for first-time offenders, and can put a blemish on a person&#039;s reputation.\" \/>\n<meta property=\"og:url\" content=\"https:\/\/depersialaw.com\/es\/disorderly-conduct\/\" \/>\n<meta property=\"og:site_name\" content=\"Robert E. Depersia law\" \/>\n<meta property=\"article:modified_time\" content=\"2026-01-28T18:05:28+00:00\" \/>\n<meta property=\"og:image\" content=\"http:\/\/depersialaw.com\/wp-content\/uploads\/2015\/06\/sub-banner1.jpg\" \/>\n\t<meta property=\"og:image:width\" content=\"2200\" \/>\n\t<meta property=\"og:image:height\" content=\"460\" \/>\n\t<meta property=\"og:image:type\" content=\"image\/jpeg\" \/>\n<meta name=\"twitter:card\" content=\"summary_large_image\" \/>\n<meta name=\"twitter:label1\" content=\"Est. reading time\" \/>\n\t<meta name=\"twitter:data1\" content=\"3 minutes\" \/>\n<script type=\"application\/ld+json\" class=\"yoast-schema-graph\">{\"@context\":\"https:\/\/schema.org\",\"@graph\":[{\"@type\":\"WebPage\",\"@id\":\"https:\/\/depersialaw.com\/disorderly-conduct\/\",\"url\":\"https:\/\/depersialaw.com\/disorderly-conduct\/\",\"name\":\"Disorderly Conduct in NJ - Robert E. Depersia law\",\"isPartOf\":{\"@id\":\"https:\/\/depersialaw.com\/es\/#website\"},\"datePublished\":\"2015-07-03T10:31:30+00:00\",\"dateModified\":\"2026-01-28T18:05:28+00:00\",\"description\":\"Disorderly conduct in New Jersey is a serious offense and can result in a fine, 30 days in jail, even for first-time offenders, and can put a blemish on a person's reputation.\",\"breadcrumb\":{\"@id\":\"https:\/\/depersialaw.com\/disorderly-conduct\/#breadcrumb\"},\"inLanguage\":\"es-MX\",\"potentialAction\":[{\"@type\":\"ReadAction\",\"target\":[\"https:\/\/depersialaw.com\/disorderly-conduct\/\"]}]},{\"@type\":\"BreadcrumbList\",\"@id\":\"https:\/\/depersialaw.com\/disorderly-conduct\/#breadcrumb\",\"itemListElement\":[{\"@type\":\"ListItem\",\"position\":1,\"name\":\"Home\",\"item\":\"https:\/\/depersialaw.com\/\"},{\"@type\":\"ListItem\",\"position\":2,\"name\":\"Disorderly Conduct in NJ\"}]},{\"@type\":\"WebSite\",\"@id\":\"https:\/\/depersialaw.com\/es\/#website\",\"url\":\"https:\/\/depersialaw.com\/es\/\",\"name\":\"Robert E. Depersia law\",\"description\":\"\",\"potentialAction\":[{\"@type\":\"SearchAction\",\"target\":{\"@type\":\"EntryPoint\",\"urlTemplate\":\"https:\/\/depersialaw.com\/es\/?s={search_term_string}\"},\"query-input\":\"required name=search_term_string\"}],\"inLanguage\":\"es-MX\"}]}<\/script>\n<!-- \/ Yoast SEO plugin. -->","yoast_head_json":{"title":"Disorderly Conduct in NJ - Robert E. Depersia law","description":"Disorderly conduct in New Jersey is a serious offense and can result in a fine, 30 days in jail, even for first-time offenders, and can put a blemish on a person's reputation.","robots":{"index":"index","follow":"follow","max-snippet":"max-snippet:-1","max-image-preview":"max-image-preview:large","max-video-preview":"max-video-preview:-1"},"canonical":"https:\/\/depersialaw.com\/es\/disorderly-conduct\/","og_locale":"es_MX","og_type":"article","og_title":"Disorderly Conduct in NJ - Robert E. Depersia law","og_description":"Disorderly conduct in New Jersey is a serious offense and can result in a fine, 30 days in jail, even for first-time offenders, and can put a blemish on a person's reputation.","og_url":"https:\/\/depersialaw.com\/es\/disorderly-conduct\/","og_site_name":"Robert E. Depersia law","article_modified_time":"2026-01-28T18:05:28+00:00","og_image":[{"width":2200,"height":460,"url":"http:\/\/depersialaw.com\/wp-content\/uploads\/2015\/06\/sub-banner1.jpg","type":"image\/jpeg"}],"twitter_card":"summary_large_image","twitter_misc":{"Est. reading time":"3 minutes"},"schema":{"@context":"https:\/\/schema.org","@graph":[{"@type":"WebPage","@id":"https:\/\/depersialaw.com\/disorderly-conduct\/","url":"https:\/\/depersialaw.com\/disorderly-conduct\/","name":"Disorderly Conduct in NJ - Robert E. Depersia law","isPartOf":{"@id":"https:\/\/depersialaw.com\/es\/#website"},"datePublished":"2015-07-03T10:31:30+00:00","dateModified":"2026-01-28T18:05:28+00:00","description":"Disorderly conduct in New Jersey is a serious offense and can result in a fine, 30 days in jail, even for first-time offenders, and can put a blemish on a person's reputation.","breadcrumb":{"@id":"https:\/\/depersialaw.com\/disorderly-conduct\/#breadcrumb"},"inLanguage":"es-MX","potentialAction":[{"@type":"ReadAction","target":["https:\/\/depersialaw.com\/disorderly-conduct\/"]}]},{"@type":"BreadcrumbList","@id":"https:\/\/depersialaw.com\/disorderly-conduct\/#breadcrumb","itemListElement":[{"@type":"ListItem","position":1,"name":"Home","item":"https:\/\/depersialaw.com\/"},{"@type":"ListItem","position":2,"name":"Disorderly Conduct in NJ"}]},{"@type":"WebSite","@id":"https:\/\/depersialaw.com\/es\/#website","url":"https:\/\/depersialaw.com\/es\/","name":"Robert E. Depersia law","description":"","potentialAction":[{"@type":"SearchAction","target":{"@type":"EntryPoint","urlTemplate":"https:\/\/depersialaw.com\/es\/?s={search_term_string}"},"query-input":"required name=search_term_string"}],"inLanguage":"es-MX"}]}},"_links":{"self":[{"href":"https:\/\/depersialaw.com\/es\/wp-json\/wp\/v2\/pages\/129"}],"collection":[{"href":"https:\/\/depersialaw.com\/es\/wp-json\/wp\/v2\/pages"}],"about":[{"href":"https:\/\/depersialaw.com\/es\/wp-json\/wp\/v2\/types\/page"}],"author":[{"embeddable":true,"href":"https:\/\/depersialaw.com\/es\/wp-json\/wp\/v2\/users\/1"}],"replies":[{"embeddable":true,"href":"https:\/\/depersialaw.com\/es\/wp-json\/wp\/v2\/comments?post=129"}],"version-history":[{"count":2,"href":"https:\/\/depersialaw.com\/es\/wp-json\/wp\/v2\/pages\/129\/revisions"}],"predecessor-version":[{"id":1655,"href":"https:\/\/depersialaw.com\/es\/wp-json\/wp\/v2\/pages\/129\/revisions\/1655"}],"wp:featuredmedia":[{"embeddable":true,"href":"https:\/\/depersialaw.com\/es\/wp-json\/wp\/v2\/media\/102"}],"wp:attachment":[{"href":"https:\/\/depersialaw.com\/es\/wp-json\/wp\/v2\/media?parent=129"}],"curies":[{"name":"wp","href":"https:\/\/api.w.org\/{rel}","templated":true}]}}