{"id":122,"date":"2015-07-03T10:16:22","date_gmt":"2015-07-03T10:16:22","guid":{"rendered":"http:\/\/piyush\/depersialaw\/site\/?page_id=122"},"modified":"2023-08-08T14:33:57","modified_gmt":"2023-08-08T18:33:57","slug":"degree-of-crimes-in-new-jersey","status":"publish","type":"page","link":"https:\/\/depersialaw.com\/es\/degree-of-crimes-in-new-jersey\/","title":{"rendered":"GRADO DE CR\u00cdMENES EN NEW JERSEY"},"content":{"rendered":"<section class=\"section-white\">\n<div class=\"midd_main\">\n<div class=\"section-title text-center\">\n<h2 style=\"font-size: 32px; color: #000; text-transform: uppercase;\">GRADO DE CR\u00cdMENES EN NEW JERSEY<\/h2>\n<p>En Nueva Jersey, los delitos descritos en N.J.S 2C: 43-1 se clasifican por grados y cada grado tiene un rango de penalizaci\u00f3n aumentado.<\/p>\n<\/div>\n<div class=\"row\">\n<div class=\"col-lg-7 col-md-6 col-xs-12 pull-left\">\n<h2>Ofensa Criminal Procesable<\/h2>\n<p>Un delito de primer, segundo, tercer o cuarto grado en Nueva Jersey se considera un delito criminal procesable que debe ser manejado por el Tribunal Superior del condado donde se cometi\u00f3 el delito. Las ofensas graves se presentan ante un gran jurado para la acusaci\u00f3n, es decir, el documento formal de acusaci\u00f3n que acusa al acusado del delito.<br \/>\n<a class=\"mybutton\" href=\"\/es\/contact\/\">Get A Free Consultation<\/a><\/p>\n<p><a href=\"\/es\/disorderly-persons-offense\/\">Las ofensas al orden p\u00fablico<\/a> y contravenciones contra el orden p\u00fablico son las ofensas criminales de m\u00e1s bajo nivel en Nueva Jersey. Estos casos se manejan en el <a href=\"\/es\/new-jersey-municipal-court-charges\/\">Tribunal Municipal<\/a> y en el municipio en el que presuntamente se cometi\u00f3 el delito. Los delitos al orden p\u00fablico no necesitan ser presentados ante un gran jurado para ser acusadas y son procesadas a trav\u00e9s de quejas o citaciones.<\/p>\n<\/div>\n<div class=\"col-lg-5 col-md-6 col-xs-12 pull-right text-center\"><img decoding=\"async\" class=\"thumbnail\" src=\"https:\/\/depersialaw.com\/wp-content\/themes\/tf_child\/images\/thumb\/degree- of-crimes-new-jersey.jpg\" alt=\"Degree of Crimes in New Jersey\"><\/div>\n<\/div>\n<\/div>\n<\/section>\n<section id=\"one-parallax\" class=\"parallax gas_dete section-transparentbg\" style=\"background-image: url('https:\/\/depersialaw.com\/wp-content\/themes\/tf_child\/images\/bg\/bg2.jpg');\" data-stellar-background-ratio=\"0.6\" data-stellar-vertical-offset=\"20\">\n<div class=\"midd_main\">\n<div class=\"row\">\n<div class=\"col-lg-7 col-md-6 col-xs-12 pull-right\">\n<h3>Sanciones en Nueva Jersey<\/h3>\n<p>Primer Grado: 10-20 a\u00f1os de prisi\u00f3n.<br \/>\nSegundo Grado: 5-10 a\u00f1os de prisi\u00f3n.<br \/>\nTercer Grado: 3-5 a\u00f1os de prisi\u00f3n.<br \/>\nCuarto Grado: M\u00e1ximo de 18 meses en prisi\u00f3n.<br \/>\nDelitos al orden p\u00fablico: M\u00e1ximo 6 meses en la c\u00e1rcel del condado<br \/>\nContravenciones contra el orden p\u00fablico: M\u00e1ximo 30 d\u00edas en la c\u00e1rcel del condado<\/p>\n<p>En casos de delitos de tercer y cuarto grado, si un acusado <a href=\"\/es\/expungements\/\">no tiene antecedentes criminales previos,<\/a>puede estar disponible la intervenci\u00f3n preliminar al juicio en Nueva Jersey (PTI) .<\/p>\n<\/div>\n<div class=\"col-lg-5 col-md-6 col-xs-12 text-center pull-left\"><img decoding=\"async\" loading=\"lazy\" class=\"alignnone wp-image-298 size-full\" src=\"https:\/\/depersialaw.com\/wp-content\/uploads\/2015\/07\/Degree-of-Crimes-2.jpg\" alt=\"Degree of Crimes in NJ\" width=\"900\" height=\"677\" srcset=\"https:\/\/depersialaw.com\/wp-content\/uploads\/2015\/07\/Degree-of-Crimes-2.jpg 900w, https:\/\/depersialaw.com\/wp-content\/uploads\/2015\/07\/Degree-of-Crimes-2-300x226.jpg 300w\" sizes=\"(max-width: 900px) 100vw, 900px\" \/><\/div>\n<\/div>\n<\/div>\n<\/section>\n<section class=\"cta-section cta-section2\">\n<div class=\"midd_main\">\n<h3>\u00a1Llame Hoy Para Aprender M\u00e1s Sobre el Grado de Cr\u00edmenes en Nueva Jersey!<\/h3>\n<p><a href=\"\/es\/contact\/\">HAGA CLIC AQU\u00cd<\/a><\/p>\n<\/div>\n<\/section>","protected":false},"excerpt":{"rendered":"<p>Degree of Crimes in New Jersey In New Jersey, crimes described in N.J.S 2C:43-1 are classified by degrees and each degree has an enhanced penalty range. Indictable Criminal Offense A first, second, third, or fourth degree crime in New Jersey is considered an indictable criminal offense that must be handled by the Superior Court in &hellip; <a href=\"https:\/\/depersialaw.com\/es\/degree-of-crimes-in-new-jersey\/\" class=\"more-link\">Continue reading <span class=\"screen-reader-text\">GRADO DE CR\u00cdMENES EN NEW JERSEY<\/span> <span class=\"meta-nav\">&rarr;<\/span><\/a><\/p>","protected":false},"author":1,"featured_media":102,"parent":0,"menu_order":0,"comment_status":"closed","ping_status":"closed","template":"page-templates\/full-width.php","meta":[],"acf":[],"yoast_head":"<!-- This site is optimized with the Yoast SEO plugin v20.12 - https:\/\/yoast.com\/wordpress\/plugins\/seo\/ -->\n<title>Degree of Crimes in New Jersey - Robert E. Depersia law<\/title>\n<meta name=\"description\" content=\"In New Jersey, crimes described in N.J.S 2C:43-1 are classified by degrees and each degree has an enhanced penalty range.\" \/>\n<meta name=\"robots\" content=\"index, follow, max-snippet:-1, max-image-preview:large, max-video-preview:-1\" \/>\n<link rel=\"canonical\" href=\"https:\/\/depersialaw.com\/es\/degree-of-crimes-in-new-jersey\/\" \/>\n<meta property=\"og:locale\" content=\"es_MX\" \/>\n<meta property=\"og:type\" content=\"article\" \/>\n<meta property=\"og:title\" content=\"Degree of Crimes in New Jersey - Robert E. Depersia law\" \/>\n<meta property=\"og:description\" content=\"In New Jersey, crimes described in N.J.S 2C:43-1 are classified by degrees and each degree has an enhanced penalty range.\" \/>\n<meta property=\"og:url\" content=\"https:\/\/depersialaw.com\/es\/degree-of-crimes-in-new-jersey\/\" \/>\n<meta property=\"og:site_name\" content=\"Robert E. Depersia law\" \/>\n<meta property=\"article:modified_time\" content=\"2023-08-08T18:33:57+00:00\" \/>\n<meta property=\"og:image\" content=\"http:\/\/depersialaw.com\/wp-content\/uploads\/2015\/06\/sub-banner1.jpg\" \/>\n\t<meta property=\"og:image:width\" content=\"2200\" \/>\n\t<meta property=\"og:image:height\" content=\"460\" \/>\n\t<meta property=\"og:image:type\" content=\"image\/jpeg\" \/>\n<meta name=\"twitter:card\" content=\"summary_large_image\" \/>\n<meta name=\"twitter:label1\" content=\"Est. reading time\" \/>\n\t<meta name=\"twitter:data1\" content=\"2 minutes\" \/>\n<script type=\"application\/ld+json\" class=\"yoast-schema-graph\">{\"@context\":\"https:\/\/schema.org\",\"@graph\":[{\"@type\":\"WebPage\",\"@id\":\"https:\/\/depersialaw.com\/degree-of-crimes-in-new-jersey\/\",\"url\":\"https:\/\/depersialaw.com\/degree-of-crimes-in-new-jersey\/\",\"name\":\"Degree of Crimes in New Jersey - Robert E. Depersia law\",\"isPartOf\":{\"@id\":\"https:\/\/depersialaw.com\/es\/#website\"},\"datePublished\":\"2015-07-03T10:16:22+00:00\",\"dateModified\":\"2023-08-08T18:33:57+00:00\",\"description\":\"In New Jersey, crimes described in N.J.S 2C:43-1 are classified by degrees and each degree has an enhanced penalty range.\",\"breadcrumb\":{\"@id\":\"https:\/\/depersialaw.com\/degree-of-crimes-in-new-jersey\/#breadcrumb\"},\"inLanguage\":\"es-MX\",\"potentialAction\":[{\"@type\":\"ReadAction\",\"target\":[\"https:\/\/depersialaw.com\/degree-of-crimes-in-new-jersey\/\"]}]},{\"@type\":\"BreadcrumbList\",\"@id\":\"https:\/\/depersialaw.com\/degree-of-crimes-in-new-jersey\/#breadcrumb\",\"itemListElement\":[{\"@type\":\"ListItem\",\"position\":1,\"name\":\"Home\",\"item\":\"https:\/\/depersialaw.com\/\"},{\"@type\":\"ListItem\",\"position\":2,\"name\":\"Degree of Crimes in New Jersey\"}]},{\"@type\":\"WebSite\",\"@id\":\"https:\/\/depersialaw.com\/es\/#website\",\"url\":\"https:\/\/depersialaw.com\/es\/\",\"name\":\"Robert E. Depersia law\",\"description\":\"\",\"potentialAction\":[{\"@type\":\"SearchAction\",\"target\":{\"@type\":\"EntryPoint\",\"urlTemplate\":\"https:\/\/depersialaw.com\/es\/?s={search_term_string}\"},\"query-input\":\"required name=search_term_string\"}],\"inLanguage\":\"es-MX\"}]}<\/script>\n<!-- \/ Yoast SEO plugin. -->","yoast_head_json":{"title":"Degree of Crimes in New Jersey - Robert E. Depersia law","description":"In New Jersey, crimes described in N.J.S 2C:43-1 are classified by degrees and each degree has an enhanced penalty range.","robots":{"index":"index","follow":"follow","max-snippet":"max-snippet:-1","max-image-preview":"max-image-preview:large","max-video-preview":"max-video-preview:-1"},"canonical":"https:\/\/depersialaw.com\/es\/degree-of-crimes-in-new-jersey\/","og_locale":"es_MX","og_type":"article","og_title":"Degree of Crimes in New Jersey - Robert E. Depersia law","og_description":"In New Jersey, crimes described in N.J.S 2C:43-1 are classified by degrees and each degree has an enhanced penalty range.","og_url":"https:\/\/depersialaw.com\/es\/degree-of-crimes-in-new-jersey\/","og_site_name":"Robert E. Depersia law","article_modified_time":"2023-08-08T18:33:57+00:00","og_image":[{"width":2200,"height":460,"url":"http:\/\/depersialaw.com\/wp-content\/uploads\/2015\/06\/sub-banner1.jpg","type":"image\/jpeg"}],"twitter_card":"summary_large_image","twitter_misc":{"Est. reading time":"2 minutes"},"schema":{"@context":"https:\/\/schema.org","@graph":[{"@type":"WebPage","@id":"https:\/\/depersialaw.com\/degree-of-crimes-in-new-jersey\/","url":"https:\/\/depersialaw.com\/degree-of-crimes-in-new-jersey\/","name":"Degree of Crimes in New Jersey - Robert E. Depersia law","isPartOf":{"@id":"https:\/\/depersialaw.com\/es\/#website"},"datePublished":"2015-07-03T10:16:22+00:00","dateModified":"2023-08-08T18:33:57+00:00","description":"In New Jersey, crimes described in N.J.S 2C:43-1 are classified by degrees and each degree has an enhanced penalty range.","breadcrumb":{"@id":"https:\/\/depersialaw.com\/degree-of-crimes-in-new-jersey\/#breadcrumb"},"inLanguage":"es-MX","potentialAction":[{"@type":"ReadAction","target":["https:\/\/depersialaw.com\/degree-of-crimes-in-new-jersey\/"]}]},{"@type":"BreadcrumbList","@id":"https:\/\/depersialaw.com\/degree-of-crimes-in-new-jersey\/#breadcrumb","itemListElement":[{"@type":"ListItem","position":1,"name":"Home","item":"https:\/\/depersialaw.com\/"},{"@type":"ListItem","position":2,"name":"Degree of Crimes in New Jersey"}]},{"@type":"WebSite","@id":"https:\/\/depersialaw.com\/es\/#website","url":"https:\/\/depersialaw.com\/es\/","name":"Robert E. Depersia law","description":"","potentialAction":[{"@type":"SearchAction","target":{"@type":"EntryPoint","urlTemplate":"https:\/\/depersialaw.com\/es\/?s={search_term_string}"},"query-input":"required name=search_term_string"}],"inLanguage":"es-MX"}]}},"_links":{"self":[{"href":"https:\/\/depersialaw.com\/es\/wp-json\/wp\/v2\/pages\/122"}],"collection":[{"href":"https:\/\/depersialaw.com\/es\/wp-json\/wp\/v2\/pages"}],"about":[{"href":"https:\/\/depersialaw.com\/es\/wp-json\/wp\/v2\/types\/page"}],"author":[{"embeddable":true,"href":"https:\/\/depersialaw.com\/es\/wp-json\/wp\/v2\/users\/1"}],"replies":[{"embeddable":true,"href":"https:\/\/depersialaw.com\/es\/wp-json\/wp\/v2\/comments?post=122"}],"version-history":[{"count":1,"href":"https:\/\/depersialaw.com\/es\/wp-json\/wp\/v2\/pages\/122\/revisions"}],"predecessor-version":[{"id":1536,"href":"https:\/\/depersialaw.com\/es\/wp-json\/wp\/v2\/pages\/122\/revisions\/1536"}],"wp:featuredmedia":[{"embeddable":true,"href":"https:\/\/depersialaw.com\/es\/wp-json\/wp\/v2\/media\/102"}],"wp:attachment":[{"href":"https:\/\/depersialaw.com\/es\/wp-json\/wp\/v2\/media?parent=122"}],"curies":[{"name":"wp","href":"https:\/\/api.w.org\/{rel}","templated":true}]}}