{"id":10,"date":"2015-06-26T04:39:51","date_gmt":"2015-06-26T04:39:51","guid":{"rendered":"http:\/\/piyush\/depersialaw\/site\/?page_id=10"},"modified":"2023-08-09T06:17:16","modified_gmt":"2023-08-09T10:17:16","slug":"practice-areas","status":"publish","type":"page","link":"https:\/\/depersialaw.com\/es\/practice-areas\/","title":{"rendered":"\u00c1reas DE PR\u00c1CTICA"},"content":{"rendered":"<section class=\"section-white\">\n<div class=\"midd_main\">\n<div class=\"section-title text-center\">\n<h2 style=\"font-size: 32px; color: #000;\">NJ Attorney Experienced in the Following Areas<\/h2>\n<\/div>\n<div class=\"row\">\n<div class=\"col-lg-7 col-md-6 col-xs-12 pull-left\">\n<p>Robert E. DePersia II, est\u00e1 dedicado a la defensa de clientes acusados de tr\u00e1fico, <a href=\"\/es\/dwi\/\">DWI<\/a>o violaciones criminales. El Sr. DePersia representa a clientes en todo tipo de tr\u00e1mites y procedimientos criminales relacionados con los tribunales civiles y penales de Nueva Jersey. Ya sea que el caso involucre exceso de velocidad, conducir ebrio o conducir sin seguro, preservar su licencia es crucial. El Sr. DePersia protege los privilegios de conducci\u00f3n de los automovilistas, as\u00ed como los derechos de otros clientes, en los Tribunales Municipales y Superiores de los condados de Burlington, Camden y Gloucester y las \u00e1reas circundantes.<\/p>\n<h2>Violaciones del Tribunal Municipal<\/h2>\n<p>La siguiente lista incluye violaciones comunes del Tribunal Municipal en Nueva Jersey:<\/p>\n<div class=\"row\">\n<div class=\"col-lg-6 col-xs-12\">\n<ul>\n<li><a href=\"https:\/\/depersialaw.com\/es\/dwi\/\">DWI<\/a><\/li>\n<li><a href=\"https:\/\/depersialaw.com\/es\/simple-assault-in-new-jersey\/\">Asalto simple<\/a><\/li>\n<li><a href=\"\/es\/possession-of-cds-in-new-jersey\/\">Posesi\u00f3n de CDS<\/a><\/li>\n<\/ul>\n<\/div>\n<div class=\"col-lg-6 col-xs-12\">\n<ul>\n<li><a href=\"https:\/\/depersialaw.com\/es\/disorderly-conduct\/\">Conducta desordenada<\/a><\/li>\n<li><a href=\"\/es\/driving-while-suspended\/\">Conducir mientras est\u00e1 suspendido<\/a><\/li>\n<li><a href=\"https:\/\/depersialaw.com\/es\/possession-of-cds-in-a-motor-vehicle\/\">Posesi\u00f3n de CDS en un veh\u00edculo motorizado<\/a><\/li>\n<\/ul>\n<\/div>\n<\/div>\n<\/div>\n<div class=\"col-lg-5 col-md-6 col-xs-12 pull-right text-center\"><img decoding=\"async\" class=\"thumbnail\" src=\"https:\/\/depersialaw.com\/wp-content\/themes\/tf_child\/images\/thumb\/new-jersey-criminal-defense-lawyer.jpg\" alt=\"New Jersey Criminal Defense Lawyer\" \/><\/div>\n<\/div>\n<\/div>\n<\/section>\n<section id=\"one-parallax\" class=\"parallax gas_dete section-transparentbg\" style=\"background-image: url('https:\/\/depersialaw.com\/wp-content\/themes\/tf_child\/images\/bg\/bg1.jpg');\" data-stellar-background-ratio=\"0.6\" data-stellar-vertical-offset=\"20\">\n<div class=\"midd_main\">\n<div class=\"row\">\n<div class=\"col-lg-7 col-md-6 col-xs-12 pull-right\">\n<h2>Violaciones del Tribunal Superior<\/h2>\n<p>La siguiente lista incluye violaciones comunes del Tribunal Superior en Nueva Jersey:<\/p>\n<div class=\"row\">\n<div class=\"col-lg-6 col-xs-12\">\n<ul>\n<li>Asalto agravado<\/li>\n<li><a href=\"https:\/\/depersialaw.com\/es\/manufacturing-distributing-dispensing\/\">Fabricaci\u00f3n, distribuci\u00f3n, dispensaci\u00f3n, CDS<\/a><\/li>\n<\/ul>\n<\/div>\n<div class=\"col-lg-6 col-xs-12\">\n<ul>\n<li><a href=\"https:\/\/depersialaw.com\/es\/possession-of-cds-in-new-jersey\/\">Posesi\u00f3n con Intenci\u00f3n de Distribuir<\/a><\/li>\n<\/ul>\n<\/div>\n<\/div>\n<h2>Experimentado Abogado de Defensa<\/h2>\n<p>Si fue acusado de una violaci\u00f3n de tr\u00e1nsito o criminal, Robert E. DePersia II, puede ayudarlo. Durante m\u00e1s de 25 a\u00f1os, Robert ha impugnado con \u00e9xito el tr\u00e1fico y las infracciones criminales, lo que ha dado lugar al despido de todos los cargos en algunos casos. Debido a que las infracciones de tr\u00e1fico y criminales pueden afectar permanentemente su historial criminal, las tasas de seguro y el historial de manejo, requieren su atenci\u00f3n inmediata. P\u00f3ngase en contacto con Robert hoy para una consulta gratuita al <a href=\"tel:856-795-9688\">(856) 795-9688<\/a>. Se habla Espa\u00f1ol.<\/p>\n<\/div>\n<div class=\"col-lg-5 col-md-6 col-xs-12 text-center pull-left\"><img decoding=\"async\" loading=\"lazy\" class=\"alignnone wp-image-296 size-full\" src=\"https:\/\/depersialaw.com\/wp-content\/uploads\/2015\/06\/Criminal-Charges-Practice-Areas.jpg\" alt=\"Criminal Charges-Drugs\" width=\"900\" height=\"652\" srcset=\"https:\/\/depersialaw.com\/wp-content\/uploads\/2015\/06\/Criminal-Charges-Practice-Areas.jpg 900w, https:\/\/depersialaw.com\/wp-content\/uploads\/2015\/06\/Criminal-Charges-Practice-Areas-300x217.jpg 300w\" sizes=\"(max-width: 900px) 100vw, 900px\" \/><\/div>\n<\/div>\n<\/div>\n<\/section>\n<section class=\"section-white\">\n<div class=\"midd_main\">\n<div class=\"cta-section text-center\">\n<h3>\u00a1Obtenga Su Tr\u00e1fico O Violaci\u00f3n Criminal Desestimado! \u00a1Llame hoy!<\/h3>\n<p><a href=\"\/es\/contact\/\">HAGA CLIC AQU\u00cd<\/a><\/p>\n<\/div>\n<\/div>\n<\/section>","protected":false},"excerpt":{"rendered":"<p>NJ Attorney Experienced in the Following Areas Robert E. DePersia, II is devoted to defending clients charged with traffic, DWI, or criminal violations. Mr. DePersia represents clients in all varieties of traffic and criminal-related proceedings before New Jersey\u2019s civil and criminal courts. Whether the case involves speeding, drunk driving, or driving without insurance, preserving your &hellip; <a href=\"https:\/\/depersialaw.com\/es\/practice-areas\/\" class=\"more-link\">Continue reading <span class=\"screen-reader-text\">\u00c1reas DE PR\u00c1CTICA<\/span> <span class=\"meta-nav\">&rarr;<\/span><\/a><\/p>","protected":false},"author":1,"featured_media":102,"parent":0,"menu_order":0,"comment_status":"closed","ping_status":"closed","template":"page-templates\/full-width.php","meta":[],"acf":[],"yoast_head":"<!-- This site is optimized with the Yoast SEO plugin v20.12 - https:\/\/yoast.com\/wordpress\/plugins\/seo\/ -->\n<title>Practice Areas of Law | Law Office of Robert E. DePersia, II<\/title>\n<meta name=\"description\" content=\"Law Office of Robert E. DePersia, II is devoted to defending clients charged with DUI, DWI, CDS, traffic, or criminal violations in NJ.\" \/>\n<meta name=\"robots\" content=\"index, follow, max-snippet:-1, max-image-preview:large, max-video-preview:-1\" \/>\n<link rel=\"canonical\" href=\"https:\/\/depersialaw.com\/es\/practice-areas\/\" \/>\n<meta property=\"og:locale\" content=\"es_MX\" \/>\n<meta property=\"og:type\" content=\"article\" \/>\n<meta property=\"og:title\" content=\"Practice Areas of Law | Law Office of Robert E. DePersia, II\" \/>\n<meta property=\"og:description\" content=\"Law Office of Robert E. DePersia, II is devoted to defending clients charged with DUI, DWI, CDS, traffic, or criminal violations in NJ.\" \/>\n<meta property=\"og:url\" content=\"https:\/\/depersialaw.com\/es\/practice-areas\/\" \/>\n<meta property=\"og:site_name\" content=\"Robert E. Depersia law\" \/>\n<meta property=\"article:modified_time\" content=\"2023-08-09T10:17:16+00:00\" \/>\n<meta property=\"og:image\" content=\"http:\/\/depersialaw.com\/wp-content\/uploads\/2015\/06\/sub-banner1.jpg\" \/>\n\t<meta property=\"og:image:width\" content=\"2200\" \/>\n\t<meta property=\"og:image:height\" content=\"460\" \/>\n\t<meta property=\"og:image:type\" content=\"image\/jpeg\" \/>\n<meta name=\"twitter:card\" content=\"summary_large_image\" \/>\n<meta name=\"twitter:label1\" content=\"Est. reading time\" \/>\n\t<meta name=\"twitter:data1\" content=\"2 minutes\" \/>\n<script type=\"application\/ld+json\" class=\"yoast-schema-graph\">{\"@context\":\"https:\/\/schema.org\",\"@graph\":[{\"@type\":\"WebPage\",\"@id\":\"https:\/\/depersialaw.com\/practice-areas\/\",\"url\":\"https:\/\/depersialaw.com\/practice-areas\/\",\"name\":\"Practice Areas of Law | Law Office of Robert E. DePersia, II\",\"isPartOf\":{\"@id\":\"https:\/\/depersialaw.com\/es\/#website\"},\"datePublished\":\"2015-06-26T04:39:51+00:00\",\"dateModified\":\"2023-08-09T10:17:16+00:00\",\"description\":\"Law Office of Robert E. DePersia, II is devoted to defending clients charged with DUI, DWI, CDS, traffic, or criminal violations in NJ.\",\"breadcrumb\":{\"@id\":\"https:\/\/depersialaw.com\/practice-areas\/#breadcrumb\"},\"inLanguage\":\"es-MX\",\"potentialAction\":[{\"@type\":\"ReadAction\",\"target\":[\"https:\/\/depersialaw.com\/practice-areas\/\"]}]},{\"@type\":\"BreadcrumbList\",\"@id\":\"https:\/\/depersialaw.com\/practice-areas\/#breadcrumb\",\"itemListElement\":[{\"@type\":\"ListItem\",\"position\":1,\"name\":\"Home\",\"item\":\"https:\/\/depersialaw.com\/\"},{\"@type\":\"ListItem\",\"position\":2,\"name\":\"Practice Areas\"}]},{\"@type\":\"WebSite\",\"@id\":\"https:\/\/depersialaw.com\/es\/#website\",\"url\":\"https:\/\/depersialaw.com\/es\/\",\"name\":\"Robert E. Depersia law\",\"description\":\"\",\"potentialAction\":[{\"@type\":\"SearchAction\",\"target\":{\"@type\":\"EntryPoint\",\"urlTemplate\":\"https:\/\/depersialaw.com\/es\/?s={search_term_string}\"},\"query-input\":\"required name=search_term_string\"}],\"inLanguage\":\"es-MX\"}]}<\/script>\n<!-- \/ Yoast SEO plugin. -->","yoast_head_json":{"title":"Practice Areas of Law | Law Office of Robert E. DePersia, II","description":"Law Office of Robert E. DePersia, II is devoted to defending clients charged with DUI, DWI, CDS, traffic, or criminal violations in NJ.","robots":{"index":"index","follow":"follow","max-snippet":"max-snippet:-1","max-image-preview":"max-image-preview:large","max-video-preview":"max-video-preview:-1"},"canonical":"https:\/\/depersialaw.com\/es\/practice-areas\/","og_locale":"es_MX","og_type":"article","og_title":"Practice Areas of Law | Law Office of Robert E. DePersia, II","og_description":"Law Office of Robert E. DePersia, II is devoted to defending clients charged with DUI, DWI, CDS, traffic, or criminal violations in NJ.","og_url":"https:\/\/depersialaw.com\/es\/practice-areas\/","og_site_name":"Robert E. Depersia law","article_modified_time":"2023-08-09T10:17:16+00:00","og_image":[{"width":2200,"height":460,"url":"http:\/\/depersialaw.com\/wp-content\/uploads\/2015\/06\/sub-banner1.jpg","type":"image\/jpeg"}],"twitter_card":"summary_large_image","twitter_misc":{"Est. reading time":"2 minutes"},"schema":{"@context":"https:\/\/schema.org","@graph":[{"@type":"WebPage","@id":"https:\/\/depersialaw.com\/practice-areas\/","url":"https:\/\/depersialaw.com\/practice-areas\/","name":"Practice Areas of Law | Law Office of Robert E. DePersia, II","isPartOf":{"@id":"https:\/\/depersialaw.com\/es\/#website"},"datePublished":"2015-06-26T04:39:51+00:00","dateModified":"2023-08-09T10:17:16+00:00","description":"Law Office of Robert E. DePersia, II is devoted to defending clients charged with DUI, DWI, CDS, traffic, or criminal violations in NJ.","breadcrumb":{"@id":"https:\/\/depersialaw.com\/practice-areas\/#breadcrumb"},"inLanguage":"es-MX","potentialAction":[{"@type":"ReadAction","target":["https:\/\/depersialaw.com\/practice-areas\/"]}]},{"@type":"BreadcrumbList","@id":"https:\/\/depersialaw.com\/practice-areas\/#breadcrumb","itemListElement":[{"@type":"ListItem","position":1,"name":"Home","item":"https:\/\/depersialaw.com\/"},{"@type":"ListItem","position":2,"name":"Practice Areas"}]},{"@type":"WebSite","@id":"https:\/\/depersialaw.com\/es\/#website","url":"https:\/\/depersialaw.com\/es\/","name":"Robert E. Depersia law","description":"","potentialAction":[{"@type":"SearchAction","target":{"@type":"EntryPoint","urlTemplate":"https:\/\/depersialaw.com\/es\/?s={search_term_string}"},"query-input":"required name=search_term_string"}],"inLanguage":"es-MX"}]}},"_links":{"self":[{"href":"https:\/\/depersialaw.com\/es\/wp-json\/wp\/v2\/pages\/10"}],"collection":[{"href":"https:\/\/depersialaw.com\/es\/wp-json\/wp\/v2\/pages"}],"about":[{"href":"https:\/\/depersialaw.com\/es\/wp-json\/wp\/v2\/types\/page"}],"author":[{"embeddable":true,"href":"https:\/\/depersialaw.com\/es\/wp-json\/wp\/v2\/users\/1"}],"replies":[{"embeddable":true,"href":"https:\/\/depersialaw.com\/es\/wp-json\/wp\/v2\/comments?post=10"}],"version-history":[{"count":2,"href":"https:\/\/depersialaw.com\/es\/wp-json\/wp\/v2\/pages\/10\/revisions"}],"predecessor-version":[{"id":1579,"href":"https:\/\/depersialaw.com\/es\/wp-json\/wp\/v2\/pages\/10\/revisions\/1579"}],"wp:featuredmedia":[{"embeddable":true,"href":"https:\/\/depersialaw.com\/es\/wp-json\/wp\/v2\/media\/102"}],"wp:attachment":[{"href":"https:\/\/depersialaw.com\/es\/wp-json\/wp\/v2\/media?parent=10"}],"curies":[{"name":"wp","href":"https:\/\/api.w.org\/{rel}","templated":true}]}}